{"id":979,"date":"2022-09-07T14:20:21","date_gmt":"2022-09-07T12:20:21","guid":{"rendered":"http:\/\/designtoweb.de\/kids\/?page_id=979"},"modified":"2024-12-20T11:48:04","modified_gmt":"2024-12-20T10:48:04","slug":"scharfes-beef-jerky","status":"publish","type":"page","link":"https:\/\/designtoweb.de\/kids\/de\/scharfes-beef-jerky\/","title":{"rendered":"Scharfes Beef Jerky"},"content":{"rendered":"<div style=\"position: absolute; height: auto; width: 200px; left: 67%; top: 16%;\"><div class=\"printfriendly pf-button  pf-alignright\">\n                    <a href=\"https:\/\/designtoweb.de\/kids\/de\/scharfes-beef-jerky\/?pfstyle=wp\" rel=\"nofollow\" onclick=\"\" title=\"Printer Friendly, PDF & Email\">\n                    <img decoding=\"async\" class=\"pf-button-img\" src=\"https:\/\/cdn.printfriendly.com\/buttons\/printfriendly-pdf-button.png\" alt=\"Print Friendly, PDF & Email\" style=\"width: 112px;height: 24px;\"  \/>\n                    <\/a>\n                <\/div><\/div>\n<div style=\"position: absolute; height: auto; width: 200px; left: 65%; top: 25%;\">\n<style id=\"bwg-style-0\">    #bwg_container1_0 #bwg_container2_0 .bwg-container-0.bwg-standard-thumbnails {      width: 1084px;              justify-content: flex-end;        margin-left:auto;              background-color: rgba(255, 255, 255, 0.00);            padding-left: 4px;      padding-top: 4px;      max-width: 100%;            }        #bwg_container1_0 #bwg_container2_0 .bwg-container-0.bwg-standard-thumbnails .bwg-item {    justify-content: flex-start;      max-width: 180px;            width: 180px !important;          }    #bwg_container1_0 #bwg_container2_0 .bwg-container-0.bwg-standard-thumbnails .bwg-item a {       margin-right: 4px;       margin-bottom: 4px;    }    #bwg_container1_0 #bwg_container2_0 .bwg-container-0.bwg-standard-thumbnails .bwg-item0 {      padding: 0px;            background-color:rgba(232,232,232, 0.30);      border: 2px solid #FF0505;      opacity: 1.00;      border-radius: 9px;      box-shadow: 0px 0px 0px #888888;    }    #bwg_container1_0 #bwg_container2_0 .bwg-container-0.bwg-standard-thumbnails .bwg-item1 img {      max-height: none;      max-width: none;      padding: 0 !important;    }        @media only screen and (min-width: 480px) {      #bwg_container1_0 #bwg_container2_0 .bwg-container-0.bwg-standard-thumbnails .bwg-item0 {        transition: all 0.3s ease 0s;-webkit-transition: all 0.3s ease 0s;      }      #bwg_container1_0 #bwg_container2_0 .bwg-container-0.bwg-standard-thumbnails .bwg-item0:hover {        -ms-transform: rotate(2deg);        -webkit-transform: rotate(2deg);        transform: rotate(2deg);      }    }          #bwg_container1_0 #bwg_container2_0 .bwg-container-0.bwg-standard-thumbnails .bwg-item1 {      padding-top: 50%;    }        #bwg_container1_0 #bwg_container2_0 .bwg-container-0.bwg-standard-thumbnails .bwg-title2,    #bwg_container1_0 #bwg_container2_0 .bwg-container-0.bwg-standard-thumbnails .bwg-ecommerce2 {      color: #CCCCCC;      font-family: segoe ui;      font-size: 16px;      font-weight: bold;      padding: 5px;      text-shadow: ;      max-height: 100%;    }    #bwg_container1_0 #bwg_container2_0 .bwg-container-0.bwg-standard-thumbnails .bwg-thumb-description span {    color: #323A45;    font-family: Ubuntu;    font-size: 12px;    max-height: 100%;    word-wrap: break-word;    }    #bwg_container1_0 #bwg_container2_0 .bwg-container-0.bwg-standard-thumbnails .bwg-play-icon2 {      font-size: 32px;    }    #bwg_container1_0 #bwg_container2_0 .bwg-container-0.bwg-standard-thumbnails .bwg-ecommerce2 {      font-size: 19.2px;      color: #CCCCCC;    }    <\/style>    <div id=\"bwg_container1_0\"         class=\"bwg_container bwg_thumbnail bwg_thumbnails \"         data-right-click-protection=\"0\"         data-bwg=\"0\"         data-scroll=\"0\"         data-gallery-type=\"thumbnails\"         data-gallery-view-type=\"thumbnails\"         data-current-url=\"\/kids\/wp-json\/wp\/v2\/pages\/979\"         data-lightbox-url=\"https:\/\/designtoweb.de\/kids\/wp-admin\/admin-ajax.php?action=GalleryBox&#038;current_view=0&#038;gallery_id=11&#038;tag=0&#038;theme_id=3&#038;shortcode_id=33&#038;sort_by=order&#038;order_by=asc&#038;current_url=%2Fkids%2Fwp-json%2Fwp%2Fv2%2Fpages%2F979\"         data-gallery-id=\"11\"         data-popup-width=\"800\"         data-popup-height=\"500\"         data-is-album=\"gallery\"         data-buttons-position=\"bottom\">      <div id=\"bwg_container2_0\">             <div id=\"ajax_loading_0\" class=\"bwg_loading_div_1\">      <div class=\"bwg_loading_div_2\">        <div class=\"bwg_loading_div_3\">          <div id=\"loading_div_0\" class=\"bwg_spider_ajax_loading\">          <\/div>        <\/div>      <\/div>    <\/div>            <form id=\"gal_front_form_0\"              class=\"bwg-hidden\"              method=\"post\"              action=\"#\"              data-current=\"0\"              data-shortcode-id=\"33\"              data-gallery-type=\"thumbnails\"              data-gallery-id=\"11\"              data-tag=\"0\"              data-album-id=\"0\"              data-theme-id=\"3\"              data-ajax-url=\"https:\/\/designtoweb.de\/kids\/wp-admin\/admin-ajax.php?action=bwg_frontend_data\">          <div id=\"bwg_container3_0\" class=\"bwg-background bwg-background-0\">                <div data-max-count=\"6\"         data-thumbnail-width=\"180\"         data-bwg=\"0\"         data-gallery-id=\"11\"         data-lightbox-url=\"https:\/\/designtoweb.de\/kids\/wp-admin\/admin-ajax.php?action=GalleryBox&amp;current_view=0&amp;gallery_id=11&amp;tag=0&amp;theme_id=3&amp;shortcode_id=33&amp;sort_by=order&amp;order_by=asc&amp;current_url=%2Fkids%2Fwp-json%2Fwp%2Fv2%2Fpages%2F979\"         id=\"bwg_thumbnails_0\"         class=\"bwg-container-0 bwg-thumbnails bwg-standard-thumbnails bwg-container bwg-border-box\">            <div class=\"bwg-item\">        <a class=\"bwg-a  bwg_lightbox\"  data-image-id=\"166\" href=\"https:\/\/designtoweb.de\/kids\/wp-content\/uploads\/photo-gallery\/spicybeefjerky\/Beef-Jerky01.jpg?bwg=1700823248\" data-elementor-open-lightbox=\"no\">                <div class=\"bwg-item0 \">          <div class=\"bwg-item1 \">            <div class=\"bwg-item2\">              <img decoding=\"async\" class=\"skip-lazy bwg_standart_thumb_img_0 \"                   data-id=\"166\"                   data-width=\"200.00\"                   data-height=\"133.00\"                   data-src=\"https:\/\/designtoweb.de\/kids\/wp-content\/uploads\/photo-gallery\/spicybeefjerky\/thumb\/Beef-Jerky01.jpg?bwg=1700823248\"                   src=\"https:\/\/designtoweb.de\/kids\/wp-content\/uploads\/photo-gallery\/spicybeefjerky\/thumb\/Beef-Jerky01.jpg?bwg=1700823248\"                   alt=\"Beef-Jerky01\"                   title=\"Beef-Jerky01\" \/>            <\/div>            <div class=\"\">                                                      <\/div>          <\/div>        <\/div>                        <\/a>              <\/div>            <div class=\"bwg-item\">        <a class=\"bwg-a  bwg_lightbox\"  data-image-id=\"165\" href=\"https:\/\/designtoweb.de\/kids\/wp-content\/uploads\/photo-gallery\/spicybeefjerky\/Beef-Jerky02.jpg?bwg=1700823248\" data-elementor-open-lightbox=\"no\">                <div class=\"bwg-item0 \">          <div class=\"bwg-item1 \">            <div class=\"bwg-item2\">              <img decoding=\"async\" class=\"skip-lazy bwg_standart_thumb_img_0 \"                   data-id=\"165\"                   data-width=\"200.00\"                   data-height=\"133.00\"                   data-src=\"https:\/\/designtoweb.de\/kids\/wp-content\/uploads\/photo-gallery\/spicybeefjerky\/thumb\/Beef-Jerky02.jpg?bwg=1700823248\"                   src=\"https:\/\/designtoweb.de\/kids\/wp-content\/uploads\/photo-gallery\/spicybeefjerky\/thumb\/Beef-Jerky02.jpg?bwg=1700823248\"                   alt=\"Beef-Jerky02\"                   title=\"Beef-Jerky02\" \/>            <\/div>            <div class=\"\">                                                      <\/div>          <\/div>        <\/div>                        <\/a>              <\/div>            <div class=\"bwg-item\">        <a class=\"bwg-a  bwg_lightbox\"  data-image-id=\"167\" href=\"https:\/\/designtoweb.de\/kids\/wp-content\/uploads\/photo-gallery\/spicybeefjerky\/Beef-Jerky03.jpg?bwg=1700823248\" data-elementor-open-lightbox=\"no\">                <div class=\"bwg-item0 \">          <div class=\"bwg-item1 \">            <div class=\"bwg-item2\">              <img decoding=\"async\" class=\"skip-lazy bwg_standart_thumb_img_0 \"                   data-id=\"167\"                   data-width=\"200.00\"                   data-height=\"133.00\"                   data-src=\"https:\/\/designtoweb.de\/kids\/wp-content\/uploads\/photo-gallery\/spicybeefjerky\/thumb\/Beef-Jerky03.jpg?bwg=1700823248\"                   src=\"https:\/\/designtoweb.de\/kids\/wp-content\/uploads\/photo-gallery\/spicybeefjerky\/thumb\/Beef-Jerky03.jpg?bwg=1700823248\"                   alt=\"Beef-Jerky03\"                   title=\"Beef-Jerky03\" \/>            <\/div>            <div class=\"\">                                                      <\/div>          <\/div>        <\/div>                        <\/a>              <\/div>            <div class=\"bwg-item\">        <a class=\"bwg-a  bwg_lightbox\"  data-image-id=\"168\" href=\"https:\/\/designtoweb.de\/kids\/wp-content\/uploads\/photo-gallery\/spicybeefjerky\/Beef-Jerky04.jpg?bwg=1700823248\" data-elementor-open-lightbox=\"no\">                <div class=\"bwg-item0 \">          <div class=\"bwg-item1 \">            <div class=\"bwg-item2\">              <img decoding=\"async\" class=\"skip-lazy bwg_standart_thumb_img_0 \"                   data-id=\"168\"                   data-width=\"200.00\"                   data-height=\"150.00\"                   data-src=\"https:\/\/designtoweb.de\/kids\/wp-content\/uploads\/photo-gallery\/spicybeefjerky\/thumb\/Beef-Jerky04.jpg?bwg=1700823248\"                   src=\"https:\/\/designtoweb.de\/kids\/wp-content\/uploads\/photo-gallery\/spicybeefjerky\/thumb\/Beef-Jerky04.jpg?bwg=1700823248\"                   alt=\"Beef-Jerky04\"                   title=\"Beef-Jerky04\" \/>            <\/div>            <div class=\"\">                                                      <\/div>          <\/div>        <\/div>                        <\/a>              <\/div>          <\/div>    <style>      \/*pagination styles*\/      #bwg_container1_0 #bwg_container2_0 .tablenav-pages_0 {\t\t\t\ttext-align: center;\t\t\t\tfont-size: 12px;\t\t\t\tfont-family: segoe ui;\t\t\t\tfont-weight: bold;\t\t\t\tcolor: #666666;\t\t\t\tmargin: 6px 0 4px;\t\t\t\tdisplay: block;      }      @media only screen and (max-width : 320px) {      #bwg_container1_0 #bwg_container2_0 .displaying-num_0 {     \t display: none;      }      }      #bwg_container1_0 #bwg_container2_0 .displaying-num_0 {\t\t\t\tfont-size: 12px;\t\t\t\tfont-family: segoe ui;\t\t\t\tfont-weight: bold;\t\t\t\tcolor: #666666;\t\t\t\tmargin-right: 10px;\t\t\t\tvertical-align: middle;      }      #bwg_container1_0 #bwg_container2_0 .paging-input_0 {\t\t\t\tfont-size: 12px;\t\t\t\tfont-family: segoe ui;\t\t\t\tfont-weight: bold;\t\t\t\tcolor: #666666;\t\t\t\tvertical-align: middle;      }      #bwg_container1_0 #bwg_container2_0 .tablenav-pages_0 a.disabled,      #bwg_container1_0 #bwg_container2_0 .tablenav-pages_0 a.disabled:hover,      #bwg_container1_0 #bwg_container2_0 .tablenav-pages_0 a.disabled:focus,\t\t\t#bwg_container1_0 #bwg_container2_0 .tablenav-pages_0 input.bwg_current_page {\t\t\t\tcursor: default;\t\t\t\tcolor: rgba(102, 102, 102, 0.5);      }      #bwg_container1_0 #bwg_container2_0 .tablenav-pages_0 a,      #bwg_container1_0 #bwg_container2_0 .tablenav-pages_0 input.bwg_current_page {\t\t\t\tcursor: pointer;\t\t\t\ttext-align: center;\t\t\t\tfont-size: 12px;\t\t\t\tfont-family: segoe ui;\t\t\t\tfont-weight: bold;\t\t\t\tcolor: #666666;\t\t\t\ttext-decoration: none;\t\t\t\tpadding: 3px 6px;\t\t\t\tmargin: 0;\t\t\t\tborder-radius: 0;\t\t\t\tborder-style: none;\t\t\t\tborder-width: 1px;\t\t\t\tborder-color: #E3E3E3;\t\t\t\t\t\t\t\tbackground-color: rgba(252, 252, 252, 1.00);\t\t\t\tbox-shadow: 0;\t\t\t\ttransition: all 0.3s ease 0s;-webkit-transition: all 0.3s ease 0s;      }      <\/style>      <span class=\"bwg_nav_cont_0\">              <div class=\"tablenav-pages_0\">                  <\/div>                <input type=\"hidden\" id=\"page_number_0\" name=\"page_number_0\" value=\"1\" \/>      <script type=\"text\/javascript\">        if( jQuery('.bwg_nav_cont_0').length > 1 ) {          jQuery('.bwg_nav_cont_0').first().remove()        }        function spider_page_0(cur, x, y, load_more) {          if (typeof load_more == \"undefined\") {            var load_more = false;          }          if (jQuery(cur).hasClass('disabled')) {            return false;          }          var items_county_0 = 1;          switch (y) {            case 1:              if (x >= items_county_0) {                document.getElementById('page_number_0').value = items_county_0;              }              else {                document.getElementById('page_number_0').value = x + 1;              }              break;            case 2:              document.getElementById('page_number_0').value = items_county_0;              break;            case -1:              if (x == 1) {                document.getElementById('page_number_0').value = 1;              }              else {                document.getElementById('page_number_0').value = x - 1;              }              break;            case -2:              document.getElementById('page_number_0').value = 1;              break;\t\t\t\t\t\tcase 0:              document.getElementById('page_number_0').value = x;              break;            default:              document.getElementById('page_number_0').value = 1;          }          bwg_ajax('gal_front_form_0', '0', 'bwg_thumbnails_0', '0', '', 'gallery', 0, '', '', load_more, '', 1);        }                    jQuery('.first-page-0').on('click', function () {              spider_page_0(this, 1, -2, 'numeric');              return false;            });            jQuery('.prev-page-0').on('click', function () {              spider_page_0(this, 1, -1, 'numeric');              return false;            });            jQuery('.next-page-0').on('click', function () {              spider_page_0(this, 1, 1, 'numeric');              return false;            });            jQuery('.last-page-0').on('click', function () {              spider_page_0(this, 1, 2, 'numeric');              return false;            });        \t\t\t\t\/* Change page on input enter. *\/        function bwg_change_page_0( e, that ) {          if (  e.key == 'Enter' ) {            var to_page = parseInt(jQuery(that).val());            var pages_count = jQuery(that).parents(\".pagination-links\").data(\"pages-count\");            var current_url_param = jQuery(that).attr('data-url-info');            if (to_page > pages_count) {              to_page = 1;            }\t \t\t\t\t\t\t\t\t\t\t\t\tspider_page_0(this, to_page, 0, 'numeric');\t\t\t\t\t\t\treturn false;\t\t\t\t\t\t          }          return true;        }        jQuery('.bwg_load_btn_0').on('click', function () {            spider_page_0(this, 1, 1, true);            return false;        });      <\/script>      <\/span>                <\/div>        <\/form>        <style>          #bwg_container1_0 #bwg_container2_0 #spider_popup_overlay_0 {          background-color: #000000;          opacity: 0.70;          }          <\/style>        <div id=\"bwg_spider_popup_loading_0\" class=\"bwg_spider_popup_loading\"><\/div>        <div id=\"spider_popup_overlay_0\" class=\"spider_popup_overlay\" onclick=\"spider_destroypopup(1000)\"><\/div>        <input type=\"hidden\" id=\"bwg_random_seed_0\" value=\"758835716\">                <\/div>    <\/div>    <script>      if (document.readyState === 'complete') {        if( typeof bwg_main_ready == 'function' ) {          if ( jQuery(\"#bwg_container1_0\").height() ) {            bwg_main_ready(jQuery(\"#bwg_container1_0\"));          }        }      } else {        document.addEventListener('DOMContentLoaded', function() {          if( typeof bwg_main_ready == 'function' ) {            if ( jQuery(\"#bwg_container1_0\").height() ) {             bwg_main_ready(jQuery(\"#bwg_container1_0\"));            }          }        });      }    <\/script>    \n<\/div>\n<p>Beef Jerky zuzubereiten ist so einfach aus Rolladenfleisch zuzubereiten<br \/>\n&#8211; Dehydrieren bzw. Trocknen der Streifen f\u00fcr mehrere Stunden.<\/p>\n<p>Nach der perfekten Zeit im D\u00f6rrger\u00e4t oder Ofen bei max. 65\u00b0C ist das Rindfleisch fertig, wenn es richtig trocken (knusprig) ist.<\/p>\n<p>Wir waren erstaunt, wie lecker unser w\u00fcrziges Beef Jerky herauskam, viel besser als alles, was wir aus dem Laden probiert haben.<\/p>\n<p><strong>Einfache Methode:<\/strong><br \/>\nClassisch Beef Jerky Rub zum marinieren verwenden &#8211; klick hier <a href=\"https:\/\/designtoweb.de\/kids\/de\/beef-jerky-rub\/\"><img loading=\"lazy\" decoding=\"async\" class=\"alignnone wp-image-2011\" src=\"https:\/\/designtoweb.de\/kids\/wp-content\/uploads\/2023\/02\/next-300x300.png\" alt=\"\" width=\"31\" height=\"31\" srcset=\"https:\/\/designtoweb.de\/kids\/wp-content\/uploads\/2023\/02\/next-300x300.png 300w, https:\/\/designtoweb.de\/kids\/wp-content\/uploads\/2023\/02\/next-1024x1024.png 1024w, https:\/\/designtoweb.de\/kids\/wp-content\/uploads\/2023\/02\/next-150x150.png 150w, https:\/\/designtoweb.de\/kids\/wp-content\/uploads\/2023\/02\/next-768x768.png 768w, https:\/\/designtoweb.de\/kids\/wp-content\/uploads\/2023\/02\/next-1536x1536.png 1536w, https:\/\/designtoweb.de\/kids\/wp-content\/uploads\/2023\/02\/next-2048x2048.png 2048w\" sizes=\"auto, (max-width: 31px) 100vw, 31px\" \/><\/a><br \/>\nDas in Streifen geschnittene Rolladenfleisch mit dem Rub vermischen und ca.<br \/>\neine Stunde ziehen lassen, dann einfach in den Ofen bei Umluft 65 \u00b0C.<\/p>\n<p><strong>Alternativ &#8211; Wie man w\u00fcrziges Beef Jerky macht<\/strong> (Schritte)<br \/>\n<strong>W\u00fcrzige Beef Jerky Marinade Zutaten:<\/strong><\/p>\n<p>1 Pfund H\u00fcft- Steak od. Rolladenfleisch<br \/>\n2 EL Sojasauce, natriumarm<br \/>\n2 EL brauner Zucker<br \/>\n2 Zehen frischer Knoblauch, fein gehackt\\ gepresst (oder 1\/2 TL Knoblauchpulver)<br \/>\n1 TL Sesam\u00f6l<br \/>\n1 TL Thai-Paste<br \/>\n0,5 TL Cayennepfeffer<br \/>\n0,5 TL Zwiebelpulver<\/p>\n<p>Das Steak f\u00fcr 30-60 min schockgefrieren.<\/p>\n<p>Das Einfrieren des Steaks macht es viel einfacher, es in gleichm\u00e4\u00dfige St\u00fccke zu schneiden.<br \/>\nSchneiden Sie das Rindfleisch in ca. 1,0cm -Scheiben.<\/p>\n<p>F\u00fcr zarteres Beef Jerky schneiden wir lieber gegen die Faser. Wenn Sie es z\u00e4her haben m\u00f6chten, schneiden Sie es mit der Maserung.<br \/>\nTipp: Schneiden Sie \u00fcbersch\u00fcssiges Fett von den Streifen ab. Fett verdirbt schneller als das Eiwei\u00df des Rindfleisches.<br \/>\nKombinieren Sie die Zutaten f\u00fcr die w\u00fcrzige Beef Jerky Marinade in einer Sch\u00fcssel.<\/p>\n<p>Mischen Sie alle Zutaten f\u00fcr die Marinade gr\u00fcndlich, um die Thai-Paste und den braunen Zucker einzuarbeiten.<br \/>\nTipp: F\u00fcr eine bessere Geschmackserhaltung das Rindfleisch zuerst mit trockenen Zutaten bestreichen und dann in den feuchten Zutaten einweichen.<\/p>\n<p>Kombinieren Sie Rindfleischstreifen und Marinade in einem Beutel.<\/p>\n<p>Dr\u00fccken Sie den Beutel mit den Rindfleischstreifen und der Marinade durch, um sicherzustellen, dass alle St\u00fccke vollst\u00e4ndig mit der Sauce bedeckt sind.<br \/>\n1 Stunde bei Zimmertemperatur marinieren.<\/p>\n<p>Wir warten nicht gerne, daher beschleunigt das Marinieren bei Raumtemperatur den Prozess. Wenn Sie Zeit haben, \u00fcber Nacht im K\u00fchlschrank marinieren.<\/p>\n<p>Die Rindfleischstreifen aus dem Beutel nehmen und \u00fcbersch\u00fcssige Feuchtigkeit abtropfen lassen. Ordnen Sie die Streifen in einer einzelnen Reihe auf Ihren Dehydratorschalen oder Blechen an.<br \/>\n6 Stunden bei 65 \u00b0C im Ofen dehydrieren bzw. trocknen.<br \/>\nLassen Sie das Rindfleisch etwa 2 Stunden auf Raumtemperatur abk\u00fchlen. In einem Einmachglas oder einem Gefrierbeutel aufbewahren. F\u00fcgen Sie ein lebensmittelechtes Trockenmittelpaket hinzu, um Feuchtigkeit zu entfernen.<br \/>\n<strong><em>Tipp:<\/em><\/strong> Wenn Ihr Beh\u00e4lter nach dem Verschlie\u00dfen beschl\u00e4gt, kann dies ein Zeichen daf\u00fcr sein, dass Ihr Rindfleisch nicht trocken genug ist. Entfernen Sie es und dehydrieren Sie es l\u00e4nger. Richtig getrocknetes Beef Jerky sollte beim Biegen leicht anknacken.<br \/>\n<img loading=\"lazy\" decoding=\"async\" class=\"alignnone wp-image-1332 size-full\" src=\"https:\/\/designtoweb.de\/kids\/wp-content\/uploads\/2022\/09\/rockhand-1.jpg\" alt=\"\" width=\"211\" height=\"50\" \/><\/p>\n","protected":false},"excerpt":{"rendered":"<p>Beef Jerky zuzubereiten ist so einfach aus Rolladenfleisch zuzubereiten &#8211; Dehydrieren bzw. Trocknen der Streifen f\u00fcr mehrere Stunden. Nach der perfekten Zeit im D\u00f6rrger\u00e4t oder Ofen bei max. 65\u00b0C ist das Rindfleisch fertig, wenn es richtig trocken (knusprig) ist. Wir waren erstaunt, wie lecker unser w\u00fcrziges Beef Jerky herauskam, viel besser als alles, was wir&hellip;&nbsp;<a href=\"https:\/\/designtoweb.de\/kids\/de\/scharfes-beef-jerky\/\" rel=\"bookmark\">Weiterlesen &raquo;<span class=\"screen-reader-text\">Scharfes Beef Jerky<\/span><\/a><\/p>\n","protected":false},"author":1,"featured_media":0,"parent":0,"menu_order":0,"comment_status":"closed","ping_status":"closed","template":"","meta":{"neve_meta_sidebar":"full-width","neve_meta_container":"","neve_meta_enable_content_width":"on","neve_meta_content_width":70,"neve_meta_title_alignment":"","neve_meta_author_avatar":"","neve_post_elements_order":"","neve_meta_disable_header":"","neve_meta_disable_footer":"","neve_meta_disable_title":"","footnotes":""},"class_list":["post-979","page","type-page","status-publish","hentry"],"_links":{"self":[{"href":"https:\/\/designtoweb.de\/kids\/wp-json\/wp\/v2\/pages\/979","targetHints":{"allow":["GET"]}}],"collection":[{"href":"https:\/\/designtoweb.de\/kids\/wp-json\/wp\/v2\/pages"}],"about":[{"href":"https:\/\/designtoweb.de\/kids\/wp-json\/wp\/v2\/types\/page"}],"author":[{"embeddable":true,"href":"https:\/\/designtoweb.de\/kids\/wp-json\/wp\/v2\/users\/1"}],"replies":[{"embeddable":true,"href":"https:\/\/designtoweb.de\/kids\/wp-json\/wp\/v2\/comments?post=979"}],"version-history":[{"count":28,"href":"https:\/\/designtoweb.de\/kids\/wp-json\/wp\/v2\/pages\/979\/revisions"}],"predecessor-version":[{"id":2767,"href":"https:\/\/designtoweb.de\/kids\/wp-json\/wp\/v2\/pages\/979\/revisions\/2767"}],"wp:attachment":[{"href":"https:\/\/designtoweb.de\/kids\/wp-json\/wp\/v2\/media?parent=979"}],"curies":[{"name":"wp","href":"https:\/\/api.w.org\/{rel}","templated":true}]}}