{"id":735,"date":"2020-12-06T12:27:24","date_gmt":"2020-12-06T11:27:24","guid":{"rendered":"http:\/\/designtoweb.de\/kids\/?page_id=735"},"modified":"2023-11-06T14:03:29","modified_gmt":"2023-11-06T13:03:29","slug":"kartoffelstampf-2","status":"publish","type":"page","link":"https:\/\/designtoweb.de\/kids\/de\/kartoffelstampf-2\/","title":{"rendered":"Kartoffelstampf in Farbe"},"content":{"rendered":"<div style=\"position: absolute; height: auto; width: 200px; left: 67%; top: 12%;\"><div class=\"printfriendly pf-button  pf-alignright\">\n                    <a href=\"https:\/\/designtoweb.de\/kids\/de\/kartoffelstampf-2\/?pfstyle=wp\" rel=\"nofollow\" onclick=\"\" title=\"Printer Friendly, PDF & Email\">\n                    <img decoding=\"async\" class=\"pf-button-img\" src=\"https:\/\/cdn.printfriendly.com\/buttons\/printfriendly-pdf-button.png\" alt=\"Print Friendly, PDF & Email\" style=\"width: 112px;height: 24px;\"  \/>\n                    <\/a>\n                <\/div><\/div>\n<p>Zutaten:<br \/>\n1 kg mehlig kochende Kartoffeln<a href=\"https:\/\/designtoweb.de\/kids\/wp-content\/uploads\/2020\/12\/Kartoffelstampf.jpg\"><img loading=\"lazy\" decoding=\"async\" class=\"alignright\" style=\"border-radius: 15px; border: 2px solid #DF0000;\" src=\"https:\/\/designtoweb.de\/kids\/wp-content\/uploads\/2020\/12\/Kartoffelstampf.jpg\" alt=\"\" width=\"405\" height=\"290\" \/><\/a><br \/>\nHokaidok\u00fcrbis<br \/>\nPasternacken<br \/>\nPetersilienwurzeln<br \/>\nSellerie<br \/>\nKnoblauch<br \/>\nM\u00f6hren<\/p>\n<p>1 kg mehlig kochende Kartoffeln, die andere H\u00e4lfte teilen sich Hokaidok\u00fcrbis (gibt die Farbe, ein wenig Kurkuma hilft auch), Pasternacken oder Petersilienwurzeln, Sellerie, Knoblauch und M\u00f6hren<\/p>\n<p>Das ganze mit Salz und K\u00fcmmel kochen bis alles weich ist.<br \/>\nDas Gem\u00fcse und die Kartoffeln stampfen.<\/p>\n<p>Mit einem guten Schu\u00df zerlassener Butter, etwas Sahne und Fleur de sel abschmecken.<\/p>\n<p>Guten Appetit<br \/>\n<img loading=\"lazy\" decoding=\"async\" class=\"alignnone wp-image-1332 size-full\" src=\"https:\/\/designtoweb.de\/kids\/wp-content\/uploads\/2022\/09\/rockhand-1.jpg\" alt=\"\" width=\"211\" height=\"50\" \/><\/p>\n","protected":false},"excerpt":{"rendered":"<p>Zutaten: 1 kg mehlig kochende Kartoffeln Hokaidok\u00fcrbis Pasternacken Petersilienwurzeln Sellerie Knoblauch M\u00f6hren 1 kg mehlig kochende Kartoffeln, die andere H\u00e4lfte teilen sich Hokaidok\u00fcrbis (gibt die Farbe, ein wenig Kurkuma hilft auch), Pasternacken oder Petersilienwurzeln, Sellerie, Knoblauch und M\u00f6hren Das ganze mit Salz und K\u00fcmmel kochen bis alles weich ist. Das Gem\u00fcse und die Kartoffeln stampfen.&hellip;&nbsp;<a href=\"https:\/\/designtoweb.de\/kids\/de\/kartoffelstampf-2\/\" rel=\"bookmark\">Weiterlesen &raquo;<span class=\"screen-reader-text\">Kartoffelstampf in Farbe<\/span><\/a><\/p>\n","protected":false},"author":1,"featured_media":0,"parent":0,"menu_order":0,"comment_status":"closed","ping_status":"closed","template":"","meta":{"neve_meta_sidebar":"","neve_meta_container":"","neve_meta_enable_content_width":"on","neve_meta_content_width":70,"neve_meta_title_alignment":"","neve_meta_author_avatar":"","neve_post_elements_order":"","neve_meta_disable_header":"","neve_meta_disable_footer":"","neve_meta_disable_title":"","footnotes":""},"class_list":["post-735","page","type-page","status-publish","hentry"],"_links":{"self":[{"href":"https:\/\/designtoweb.de\/kids\/wp-json\/wp\/v2\/pages\/735","targetHints":{"allow":["GET"]}}],"collection":[{"href":"https:\/\/designtoweb.de\/kids\/wp-json\/wp\/v2\/pages"}],"about":[{"href":"https:\/\/designtoweb.de\/kids\/wp-json\/wp\/v2\/types\/page"}],"author":[{"embeddable":true,"href":"https:\/\/designtoweb.de\/kids\/wp-json\/wp\/v2\/users\/1"}],"replies":[{"embeddable":true,"href":"https:\/\/designtoweb.de\/kids\/wp-json\/wp\/v2\/comments?post=735"}],"version-history":[{"count":24,"href":"https:\/\/designtoweb.de\/kids\/wp-json\/wp\/v2\/pages\/735\/revisions"}],"predecessor-version":[{"id":2037,"href":"https:\/\/designtoweb.de\/kids\/wp-json\/wp\/v2\/pages\/735\/revisions\/2037"}],"wp:attachment":[{"href":"https:\/\/designtoweb.de\/kids\/wp-json\/wp\/v2\/media?parent=735"}],"curies":[{"name":"wp","href":"https:\/\/api.w.org\/{rel}","templated":true}]}}