{"id":646,"date":"2016-03-06T21:20:49","date_gmt":"2016-03-06T20:20:49","guid":{"rendered":"http:\/\/designtoweb.de\/kids\/?page_id=646"},"modified":"2023-11-24T10:22:21","modified_gmt":"2023-11-24T09:22:21","slug":"gemuesepfanne-easy-2","status":"publish","type":"page","link":"https:\/\/designtoweb.de\/kids\/de\/gemuesepfanne-easy-2\/","title":{"rendered":"Asia Gem\u00fcsepfanne"},"content":{"rendered":"<div style=\"position: absolute; height: auto; width: 200px; left: 67%; top: 12%;\"><div class=\"printfriendly pf-button  pf-alignright\">\n                    <a href=\"https:\/\/designtoweb.de\/kids\/de\/gemuesepfanne-easy-2\/?pfstyle=wp\" rel=\"nofollow\" onclick=\"\" title=\"Printer Friendly, PDF & Email\">\n                    <img decoding=\"async\" class=\"pf-button-img\" src=\"https:\/\/cdn.printfriendly.com\/buttons\/printfriendly-pdf-button.png\" alt=\"Print Friendly, PDF & Email\" style=\"width: 112px;height: 24px;\"  \/>\n                    <\/a>\n                <\/div><\/div>\n<p>1 Salatherz grob gehackt<a href=\"https:\/\/designtoweb.de\/kids\/wp-content\/uploads\/2016\/03\/vegetablepan.jpg\"><img loading=\"lazy\" decoding=\"async\" class=\"alignright wp-image-644 size-medium\" style=\"border-radius: 15px; border: 2px solid #DF0000;\" src=\"https:\/\/designtoweb.de\/kids\/wp-content\/uploads\/2016\/03\/vegetablepan-300x169.jpg\" alt=\"vegetablepan\" width=\"300\" height=\"169\" srcset=\"https:\/\/designtoweb.de\/kids\/wp-content\/uploads\/2016\/03\/vegetablepan-300x169.jpg 300w, https:\/\/designtoweb.de\/kids\/wp-content\/uploads\/2016\/03\/vegetablepan.jpg 400w\" sizes=\"auto, (max-width: 300px) 100vw, 300px\" \/><\/a><br \/>\n1\/2 Pckg. Babyschoten<br \/>\n1 TL Chllibohnenmus oder Thaipaste o.\u00e4. (enth\u00e4lt Salz- also aufpassen)<br \/>\n1 EL Essig<br \/>\n3-4 Shiitakepilze<br \/>\n2 gro\u00dfe gehackte Tomaten<br \/>\n2 EL gehackter Koriander<\/p>\n<h5>Zubereitung:<\/h5>\n<p>Die Zutaten in eine Wokpfanne geben und unter R\u00fchren bei mittlerer Hitze kurz anbraten bis die Tomaten anfangen weich zu werden.<br \/>\nMit Sojaso\u00dfe abschmecken.<br \/>\nSehr lecker und geht sehr schnell.<\/p>\n<p><img loading=\"lazy\" decoding=\"async\" class=\"alignnone wp-image-1332 size-full\" src=\"https:\/\/designtoweb.de\/kids\/wp-content\/uploads\/2022\/09\/rockhand-1.jpg\" alt=\"\" width=\"211\" height=\"50\" \/><\/p>\n","protected":false},"excerpt":{"rendered":"<p>1 Salatherz grob gehackt 1\/2 Pckg. Babyschoten 1 TL Chllibohnenmus oder Thaipaste o.\u00e4. (enth\u00e4lt Salz- also aufpassen) 1 EL Essig 3-4 Shiitakepilze 2 gro\u00dfe gehackte Tomaten 2 EL gehackter Koriander Zubereitung: Die Zutaten in eine Wokpfanne geben und unter R\u00fchren bei mittlerer Hitze kurz anbraten bis die Tomaten anfangen weich zu werden. Mit Sojaso\u00dfe abschmecken.&hellip;&nbsp;<a href=\"https:\/\/designtoweb.de\/kids\/de\/gemuesepfanne-easy-2\/\" rel=\"bookmark\">Weiterlesen &raquo;<span class=\"screen-reader-text\">Asia Gem\u00fcsepfanne<\/span><\/a><\/p>\n","protected":false},"author":1,"featured_media":0,"parent":0,"menu_order":0,"comment_status":"closed","ping_status":"closed","template":"","meta":{"neve_meta_sidebar":"","neve_meta_container":"","neve_meta_enable_content_width":"on","neve_meta_content_width":70,"neve_meta_title_alignment":"","neve_meta_author_avatar":"","neve_post_elements_order":"","neve_meta_disable_header":"","neve_meta_disable_footer":"","neve_meta_disable_title":"","footnotes":""},"class_list":["post-646","page","type-page","status-publish","hentry"],"_links":{"self":[{"href":"https:\/\/designtoweb.de\/kids\/wp-json\/wp\/v2\/pages\/646","targetHints":{"allow":["GET"]}}],"collection":[{"href":"https:\/\/designtoweb.de\/kids\/wp-json\/wp\/v2\/pages"}],"about":[{"href":"https:\/\/designtoweb.de\/kids\/wp-json\/wp\/v2\/types\/page"}],"author":[{"embeddable":true,"href":"https:\/\/designtoweb.de\/kids\/wp-json\/wp\/v2\/users\/1"}],"replies":[{"embeddable":true,"href":"https:\/\/designtoweb.de\/kids\/wp-json\/wp\/v2\/comments?post=646"}],"version-history":[{"count":21,"href":"https:\/\/designtoweb.de\/kids\/wp-json\/wp\/v2\/pages\/646\/revisions"}],"predecessor-version":[{"id":2502,"href":"https:\/\/designtoweb.de\/kids\/wp-json\/wp\/v2\/pages\/646\/revisions\/2502"}],"wp:attachment":[{"href":"https:\/\/designtoweb.de\/kids\/wp-json\/wp\/v2\/media?parent=646"}],"curies":[{"name":"wp","href":"https:\/\/api.w.org\/{rel}","templated":true}]}}