{"id":617,"date":"2016-02-27T17:14:28","date_gmt":"2016-02-27T16:14:28","guid":{"rendered":"http:\/\/designtoweb.de\/kids\/?page_id=617"},"modified":"2023-11-06T14:11:50","modified_gmt":"2023-11-06T13:11:50","slug":"eier-auf-rucolapizza","status":"publish","type":"page","link":"https:\/\/designtoweb.de\/kids\/de\/eier-auf-rucolapizza\/","title":{"rendered":"Eier auf Rucolapizza"},"content":{"rendered":"<div style=\"position: absolute; height: auto; width: 200px; left: 67%; top: 18%;\"><div class=\"printfriendly pf-button  pf-alignright\">\n                    <a href=\"https:\/\/designtoweb.de\/kids\/de\/eier-auf-rucolapizza\/?pfstyle=wp\" rel=\"nofollow\" onclick=\"\" title=\"Printer Friendly, PDF & Email\">\n                    <img decoding=\"async\" class=\"pf-button-img\" src=\"https:\/\/cdn.printfriendly.com\/buttons\/printfriendly-pdf-button.png\" alt=\"Print Friendly, PDF & Email\" style=\"width: 112px;height: 24px;\"  \/>\n                    <\/a>\n                <\/div><\/div>\n<p><a href=\"https:\/\/designtoweb.de\/kids\/wp-content\/uploads\/2023\/04\/eggrocketpizza.jpg\"><img loading=\"lazy\" decoding=\"async\" class=\"alignright wp-image-115 size-medium\" style=\"border-radius: 15px; border: 2px solid #DF0000;\" src=\"https:\/\/designtoweb.de\/kids\/wp-content\/uploads\/2023\/04\/eggrocketpizza.jpg\" alt=\"eggrocketpizzas\" width=\"300\" height=\"273\" \/><\/a><br \/>\n<strong>Zutaten:<\/strong><\/p>\n<p>2 Wraps (Tortillas)<br \/>\nein wenig Oliven\u00f6l<br \/>\n1 ger\u00f6stete rote Paprika aus dem Glas<br \/>\n2 Tomaten<br \/>\n2 EL Tomatenmark<br \/>\n1 EL gehackter Dill<br \/>\n2 EL gehackte Petersilie<br \/>\n2 Eier<br \/>\n65 g Packung Rucola<br \/>\n\u00bd rote Zwiebeln, sehr d\u00fcnn geschnitten<\/p>\n<p>Den Backofen auf 200 \u00b0C  aufheizen.<\/p>\n<p>Die Tortillas auf zwei Seiten mit dem Pinsel sparsam mit \u00d6l bestreichen, dann 3 Minuten lang backen.<\/p>\n<p>Inzwischen hacken Sie die Paprika \u2013 Tomaten, Tomatenp\u00fcree und Gew\u00fcrze und Kr\u00e4uter zugeben.<br \/>\nDrehen Sie die Tortillas und bestreichen sie mit der Tomatenmischung, in der Mitte ein St\u00fcck frei lassen f\u00fcr die Eier.<br \/>\nschlagen sie ein Ei in die Mitte \u2013 dann f\u00fcr 10 Minuten in den Ofen zur\u00fcckzugeben oder bis das Ei gerade stockt und die Tortilla knusprig an den R\u00e4ndern ist. Dann mit der Rucola und Zwiebel bestreuen.<\/p>\n<p>recipie by \u00a0 <img loading=\"lazy\" decoding=\"async\" class=\"alignnone wp-image-118\" src=\"https:\/\/designtoweb.de\/kids\/wp-content\/uploads\/2015\/09\/goodfood.png\" alt=\"goodfood\" width=\"74\" height=\"21\" \/><\/p>\n","protected":false},"excerpt":{"rendered":"<p>Zutaten: 2 Wraps (Tortillas) ein wenig Oliven\u00f6l 1 ger\u00f6stete rote Paprika aus dem Glas 2 Tomaten 2 EL Tomatenmark 1 EL gehackter Dill 2 EL gehackte Petersilie 2 Eier 65 g Packung Rucola \u00bd rote Zwiebeln, sehr d\u00fcnn geschnitten Den Backofen auf 200 \u00b0C aufheizen. Die Tortillas auf zwei Seiten mit dem Pinsel sparsam mit&hellip;&nbsp;<a href=\"https:\/\/designtoweb.de\/kids\/de\/eier-auf-rucolapizza\/\" rel=\"bookmark\">Weiterlesen &raquo;<span class=\"screen-reader-text\">Eier auf Rucolapizza<\/span><\/a><\/p>\n","protected":false},"author":1,"featured_media":0,"parent":0,"menu_order":0,"comment_status":"closed","ping_status":"closed","template":"","meta":{"neve_meta_sidebar":"","neve_meta_container":"","neve_meta_enable_content_width":"on","neve_meta_content_width":70,"neve_meta_title_alignment":"","neve_meta_author_avatar":"","neve_post_elements_order":"","neve_meta_disable_header":"","neve_meta_disable_footer":"","neve_meta_disable_title":"","footnotes":""},"class_list":["post-617","page","type-page","status-publish","hentry"],"_links":{"self":[{"href":"https:\/\/designtoweb.de\/kids\/wp-json\/wp\/v2\/pages\/617","targetHints":{"allow":["GET"]}}],"collection":[{"href":"https:\/\/designtoweb.de\/kids\/wp-json\/wp\/v2\/pages"}],"about":[{"href":"https:\/\/designtoweb.de\/kids\/wp-json\/wp\/v2\/types\/page"}],"author":[{"embeddable":true,"href":"https:\/\/designtoweb.de\/kids\/wp-json\/wp\/v2\/users\/1"}],"replies":[{"embeddable":true,"href":"https:\/\/designtoweb.de\/kids\/wp-json\/wp\/v2\/comments?post=617"}],"version-history":[{"count":19,"href":"https:\/\/designtoweb.de\/kids\/wp-json\/wp\/v2\/pages\/617\/revisions"}],"predecessor-version":[{"id":2299,"href":"https:\/\/designtoweb.de\/kids\/wp-json\/wp\/v2\/pages\/617\/revisions\/2299"}],"wp:attachment":[{"href":"https:\/\/designtoweb.de\/kids\/wp-json\/wp\/v2\/media?parent=617"}],"curies":[{"name":"wp","href":"https:\/\/api.w.org\/{rel}","templated":true}]}}