{"id":606,"date":"2016-02-27T16:50:31","date_gmt":"2016-02-27T15:50:31","guid":{"rendered":"http:\/\/designtoweb.de\/kids\/?page_id=606"},"modified":"2023-11-07T14:07:09","modified_gmt":"2023-11-07T13:07:09","slug":"schokoladen-brownie","status":"publish","type":"page","link":"https:\/\/designtoweb.de\/kids\/de\/schokoladen-brownie\/","title":{"rendered":"Schokoladen Brownie"},"content":{"rendered":"<div style=\"position: absolute; height: auto; width: 200px; left: 67%; top: 16%;\"><div class=\"printfriendly pf-button  pf-alignright\">\n                    <a href=\"https:\/\/designtoweb.de\/kids\/de\/schokoladen-brownie\/?pfstyle=wp\" rel=\"nofollow\" onclick=\"\" title=\"Printer Friendly, PDF & Email\">\n                    <img decoding=\"async\" class=\"pf-button-img\" src=\"https:\/\/cdn.printfriendly.com\/buttons\/printfriendly-pdf-button.png\" alt=\"Print Friendly, PDF & Email\" style=\"width: 112px;height: 24px;\"  \/>\n                    <\/a>\n                <\/div><\/div>\n<p><strong>Der ultimative Schokoladen Brownie<\/strong><\/p>\n<p>Fragen Sie die Leute, was in diesem k\u00f6stlich feuchten Brownie ist, und sie werden nie meine geheime Zutat erraten. Wir machen es viel besser f\u00fcr Sie als den allt\u00e4glichen Brownie, eine gesunde Ballance aus Antioxidantien, Ballaststoffen, Vitaminen und essentiellen N\u00e4hrstoffen wie Eisen. Einige Zutaten sind viel trockener und h\u00e4rter als andere, so kann es l\u00e4nger dauern sie einzuweichen und weich werden zu lassen.<\/p>\n<p>Menge f\u00fcr 30 St\u00fccke<br \/>\n<a href=\"https:\/\/designtoweb.de\/kids\/wp-content\/uploads\/2015\/09\/chocolatebrownies.jpg\"><img loading=\"lazy\" decoding=\"async\" class=\"size-medium wp-image-126 alignright\" src=\"https:\/\/designtoweb.de\/kids\/wp-content\/uploads\/2015\/09\/chocolatebrownies-300x270.jpg\" style=\"border-radius: 15px; border: 2px solid #DF0000;\" alt=\"chocolatebrownies\" width=\"300\" height=\"270\" srcset=\"https:\/\/designtoweb.de\/kids\/wp-content\/uploads\/2015\/09\/chocolatebrownies-300x270.jpg 300w, https:\/\/designtoweb.de\/kids\/wp-content\/uploads\/2015\/09\/chocolatebrownies.jpg 608w\" sizes=\"auto, (max-width: 300px) 100vw, 300px\" \/><\/a><br \/>\n2 Tassen gehackte Dateln<br \/>\n1 Tl Backsoda<br \/>\n\u00be Tasse hei\u00dfes Wasser<br \/>\n200 g Butter in Raumtemperature<br \/>\n4 Eier<br \/>\n2 Tl Vanilleextract<br \/>\n2 Tassen Puderzucker<br \/>\n1 Tasse dunklen guten Kakao<br \/>\n1 Tasse Mahl<br \/>\n\u00bd EL Backpulver<br \/>\n250g dunkle Schokoladen Chips oder geriebene dunkle Schokolade<\/p>\n<p>Backofen auf 160 \u00b0 C und ein 30cm x 24cm Backblech mit Backpapier auslegen .<br \/>\nDie Zutaten in eine gro\u00dfe Sch\u00fcssel geben, Backpulver in kochendes Wasser einr\u00fchren. Fein gew\u00fcrfelte Butter unterr\u00fchren, bis sie geschmolzen ist. Lassen Sie alles f\u00fcr 20 Minuten stehen. Die eingeweichten Dateln mit einer Gabel zu einer s\u00e4migen Konsistenz quetschen undmit den Eiern und der Vanille gut vermischen. R\u00fchren Sie den Zucker ein, dann f\u00fcgen Sie den Kakao, Mehl und Backpulver hinzu und r\u00fchren alles glatt. Schokolade-Chips oder St\u00fccke dazugeben. Den Teig nun in die vorbereitete Form (Blech) geben und backen, bis sich der Brownie in der Mitte gesetzt hat und beginnt an den Seiten weg zu kommen (ca. 50 Minuten). Abk\u00fchlen lassen vor dem Schneiden. In einem verschlossenen Beh\u00e4lter f\u00fcr ein paar Wochen haltbar.<\/p>\n<p><em>Recipe by Annabel Langbein<\/em><\/p>\n","protected":false},"excerpt":{"rendered":"<p>Der ultimative Schokoladen Brownie Fragen Sie die Leute, was in diesem k\u00f6stlich feuchten Brownie ist, und sie werden nie meine geheime Zutat erraten. Wir machen es viel besser f\u00fcr Sie als den allt\u00e4glichen Brownie, eine gesunde Ballance aus Antioxidantien, Ballaststoffen, Vitaminen und essentiellen N\u00e4hrstoffen wie Eisen. Einige Zutaten sind viel trockener und h\u00e4rter als andere,&hellip;&nbsp;<a href=\"https:\/\/designtoweb.de\/kids\/de\/schokoladen-brownie\/\" rel=\"bookmark\">Weiterlesen &raquo;<span class=\"screen-reader-text\">Schokoladen Brownie<\/span><\/a><\/p>\n","protected":false},"author":1,"featured_media":0,"parent":0,"menu_order":0,"comment_status":"closed","ping_status":"closed","template":"","meta":{"neve_meta_sidebar":"","neve_meta_container":"","neve_meta_enable_content_width":"on","neve_meta_content_width":70,"neve_meta_title_alignment":"","neve_meta_author_avatar":"","neve_post_elements_order":"","neve_meta_disable_header":"","neve_meta_disable_footer":"","neve_meta_disable_title":"","footnotes":""},"class_list":["post-606","page","type-page","status-publish","hentry"],"_links":{"self":[{"href":"https:\/\/designtoweb.de\/kids\/wp-json\/wp\/v2\/pages\/606","targetHints":{"allow":["GET"]}}],"collection":[{"href":"https:\/\/designtoweb.de\/kids\/wp-json\/wp\/v2\/pages"}],"about":[{"href":"https:\/\/designtoweb.de\/kids\/wp-json\/wp\/v2\/types\/page"}],"author":[{"embeddable":true,"href":"https:\/\/designtoweb.de\/kids\/wp-json\/wp\/v2\/users\/1"}],"replies":[{"embeddable":true,"href":"https:\/\/designtoweb.de\/kids\/wp-json\/wp\/v2\/comments?post=606"}],"version-history":[{"count":9,"href":"https:\/\/designtoweb.de\/kids\/wp-json\/wp\/v2\/pages\/606\/revisions"}],"predecessor-version":[{"id":2486,"href":"https:\/\/designtoweb.de\/kids\/wp-json\/wp\/v2\/pages\/606\/revisions\/2486"}],"wp:attachment":[{"href":"https:\/\/designtoweb.de\/kids\/wp-json\/wp\/v2\/media?parent=606"}],"curies":[{"name":"wp","href":"https:\/\/api.w.org\/{rel}","templated":true}]}}