{"id":581,"date":"2016-02-26T21:54:23","date_gmt":"2016-02-26T20:54:23","guid":{"rendered":"http:\/\/designtoweb.de\/kids\/?page_id=581"},"modified":"2023-11-07T14:02:25","modified_gmt":"2023-11-07T13:02:25","slug":"581-2","status":"publish","type":"page","link":"https:\/\/designtoweb.de\/kids\/de\/581-2\/","title":{"rendered":"Bananen Chremekuchen"},"content":{"rendered":"<div style=\"position: absolute; height: auto; width: 200px; left: 67%; top: 16%;\"><div class=\"printfriendly pf-button  pf-alignright\">\n                    <a href=\"https:\/\/designtoweb.de\/kids\/de\/581-2\/?pfstyle=wp\" rel=\"nofollow\" onclick=\"\" title=\"Printer Friendly, PDF & Email\">\n                    <img decoding=\"async\" class=\"pf-button-img\" src=\"https:\/\/cdn.printfriendly.com\/buttons\/printfriendly-pdf-button.png\" alt=\"Print Friendly, PDF & Email\" style=\"width: 112px;height: 24px;\"  \/>\n                    <\/a>\n                <\/div><\/div>\n<p><strong>Schokoladen Kr\u00fcmel<\/strong><\/p>\n<div style=\"float: right; margin-left: 630px; margin-top: -20px; z-index: 1; position: absolute;\">\n<style id=\"bwg-style-0\">    #bwg_container1_0 #bwg_container2_0 .bwg-container-0.bwg-standard-thumbnails {      width: 184px;              justify-content: center;        margin:0 auto !important;              background-color: rgba(255, 255, 255, 0.00);            padding-left: 4px;      padding-top: 4px;      max-width: 100%;            }        #bwg_container1_0 #bwg_container2_0 .bwg-container-0.bwg-standard-thumbnails .bwg-item {    justify-content: flex-start;      max-width: 180px;            width: 180px !important;          }    #bwg_container1_0 #bwg_container2_0 .bwg-container-0.bwg-standard-thumbnails .bwg-item a {       margin-right: 4px;       margin-bottom: 4px;    }    #bwg_container1_0 #bwg_container2_0 .bwg-container-0.bwg-standard-thumbnails .bwg-item0 {      padding: 0px;            background-color:rgba(255,255,255, 0.30);      border: 0px none #CCCCCC;      opacity: 1.00;      border-radius: 0;      box-shadow: 0px 0px 0px #888888;    }    #bwg_container1_0 #bwg_container2_0 .bwg-container-0.bwg-standard-thumbnails .bwg-item1 img {      max-height: none;      max-width: none;      padding: 0 !important;    }        @media only screen and (min-width: 480px) {      #bwg_container1_0 #bwg_container2_0 .bwg-container-0.bwg-standard-thumbnails .bwg-item0 {        transition: all 0.3s ease 0s;-webkit-transition: all 0.3s ease 0s;      }      #bwg_container1_0 #bwg_container2_0 .bwg-container-0.bwg-standard-thumbnails .bwg-item0:hover {        -ms-transform: scale(1.1);        -webkit-transform: scale(1.1);        transform: scale(1.1);      }    }          #bwg_container1_0 #bwg_container2_0 .bwg-container-0.bwg-standard-thumbnails .bwg-item1 {      padding-top: 52.777777777778%;    }        #bwg_container1_0 #bwg_container2_0 .bwg-container-0.bwg-standard-thumbnails .bwg-title2,    #bwg_container1_0 #bwg_container2_0 .bwg-container-0.bwg-standard-thumbnails .bwg-ecommerce2 {      color: #CCCCCC;      font-family: segoe ui;      font-size: 16px;      font-weight: bold;      padding: 2px;      text-shadow: 0px 0px 0px #888888;      max-height: 100%;    }    #bwg_container1_0 #bwg_container2_0 .bwg-container-0.bwg-standard-thumbnails .bwg-thumb-description span {    color: #323A45;    font-family: Ubuntu;    font-size: 12px;    max-height: 100%;    word-wrap: break-word;    }    #bwg_container1_0 #bwg_container2_0 .bwg-container-0.bwg-standard-thumbnails .bwg-play-icon2 {      font-size: 32px;    }    #bwg_container1_0 #bwg_container2_0 .bwg-container-0.bwg-standard-thumbnails .bwg-ecommerce2 {      font-size: 19.2px;      color: #CCCCCC;    }    <\/style>    <div id=\"bwg_container1_0\"         class=\"bwg_container bwg_thumbnail bwg_thumbnails \"         data-right-click-protection=\"0\"         data-bwg=\"0\"         data-scroll=\"0\"         data-gallery-type=\"thumbnails\"         data-gallery-view-type=\"thumbnails\"         data-current-url=\"\/kids\/wp-json\/wp\/v2\/pages\/581\"         data-lightbox-url=\"https:\/\/designtoweb.de\/kids\/wp-admin\/admin-ajax.php?action=GalleryBox&#038;current_view=0&#038;gallery_id=8&#038;tag=0&#038;theme_id=1&#038;shortcode_id=15&#038;sort_by=order&#038;order_by=desc&#038;current_url=%2Fkids%2Fwp-json%2Fwp%2Fv2%2Fpages%2F581\"         data-gallery-id=\"8\"         data-popup-width=\"800\"         data-popup-height=\"500\"         data-is-album=\"gallery\"         data-buttons-position=\"bottom\">      <div id=\"bwg_container2_0\">             <div id=\"ajax_loading_0\" class=\"bwg_loading_div_1\">      <div class=\"bwg_loading_div_2\">        <div class=\"bwg_loading_div_3\">          <div id=\"loading_div_0\" class=\"bwg_spider_ajax_loading\">          <\/div>        <\/div>      <\/div>    <\/div>            <form id=\"gal_front_form_0\"              class=\"bwg-hidden\"              method=\"post\"              action=\"#\"              data-current=\"0\"              data-shortcode-id=\"15\"              data-gallery-type=\"thumbnails\"              data-gallery-id=\"8\"              data-tag=\"0\"              data-album-id=\"0\"              data-theme-id=\"1\"              data-ajax-url=\"https:\/\/designtoweb.de\/kids\/wp-admin\/admin-ajax.php?action=bwg_frontend_data\">          <div id=\"bwg_container3_0\" class=\"bwg-background bwg-background-0\">                <div data-max-count=\"1\"         data-thumbnail-width=\"180\"         data-bwg=\"0\"         data-gallery-id=\"8\"         data-lightbox-url=\"https:\/\/designtoweb.de\/kids\/wp-admin\/admin-ajax.php?action=GalleryBox&amp;current_view=0&amp;gallery_id=8&amp;tag=0&amp;theme_id=1&amp;shortcode_id=15&amp;sort_by=order&amp;order_by=desc&amp;current_url=%2Fkids%2Fwp-json%2Fwp%2Fv2%2Fpages%2F581\"         id=\"bwg_thumbnails_0\"         class=\"bwg-container-0 bwg-thumbnails bwg-standard-thumbnails bwg-container bwg-border-box\">            <div class=\"bwg-item\">        <a class=\"bwg-a  bwg_lightbox\"  data-image-id=\"64\" href=\"https:\/\/designtoweb.de\/kids\/wp-content\/uploads\/photo-gallery\/Bananpie\/banana01.jpg\" data-elementor-open-lightbox=\"no\">                <div class=\"bwg-item0 \">          <div class=\"bwg-item1 \">            <div class=\"bwg-item2\">              <img decoding=\"async\" class=\"skip-lazy bwg_standart_thumb_img_0 \"                   data-id=\"64\"                   data-width=\"\"                   data-height=\"\"                   data-src=\"https:\/\/designtoweb.de\/kids\/wp-content\/uploads\/photo-gallery\/Bananpie\/thumb\/banana01.jpg\"                   src=\"https:\/\/designtoweb.de\/kids\/wp-content\/uploads\/photo-gallery\/Bananpie\/thumb\/banana01.jpg\"                   alt=\"banana01\"                   title=\"banana01\" \/>            <\/div>            <div class=\"\">                                                      <\/div>          <\/div>        <\/div>                        <\/a>              <\/div>            <div class=\"bwg-item\">        <a class=\"bwg-a  bwg_lightbox\"  data-image-id=\"65\" href=\"https:\/\/designtoweb.de\/kids\/wp-content\/uploads\/photo-gallery\/Bananpie\/Banana02.jpg\" data-elementor-open-lightbox=\"no\">                <div class=\"bwg-item0 \">          <div class=\"bwg-item1 \">            <div class=\"bwg-item2\">              <img decoding=\"async\" class=\"skip-lazy bwg_standart_thumb_img_0 \"                   data-id=\"65\"                   data-width=\"\"                   data-height=\"\"                   data-src=\"https:\/\/designtoweb.de\/kids\/wp-content\/uploads\/photo-gallery\/Bananpie\/thumb\/Banana02.jpg\"                   src=\"https:\/\/designtoweb.de\/kids\/wp-content\/uploads\/photo-gallery\/Bananpie\/thumb\/Banana02.jpg\"                   alt=\"Banana02\"                   title=\"Banana02\" \/>            <\/div>            <div class=\"\">                                                      <\/div>          <\/div>        <\/div>                        <\/a>              <\/div>            <div class=\"bwg-item\">        <a class=\"bwg-a  bwg_lightbox\"  data-image-id=\"66\" href=\"https:\/\/designtoweb.de\/kids\/wp-content\/uploads\/photo-gallery\/Bananpie\/banana03.jpg\" data-elementor-open-lightbox=\"no\">                <div class=\"bwg-item0 \">          <div class=\"bwg-item1 \">            <div class=\"bwg-item2\">              <img decoding=\"async\" class=\"skip-lazy bwg_standart_thumb_img_0 \"                   data-id=\"66\"                   data-width=\"\"                   data-height=\"\"                   data-src=\"https:\/\/designtoweb.de\/kids\/wp-content\/uploads\/photo-gallery\/Bananpie\/thumb\/banana03.jpg\"                   src=\"https:\/\/designtoweb.de\/kids\/wp-content\/uploads\/photo-gallery\/Bananpie\/thumb\/banana03.jpg\"                   alt=\"banana03\"                   title=\"banana03\" \/>            <\/div>            <div class=\"\">                                                      <\/div>          <\/div>        <\/div>                        <\/a>              <\/div>            <div class=\"bwg-item\">        <a class=\"bwg-a  bwg_lightbox\"  data-image-id=\"67\" href=\"https:\/\/designtoweb.de\/kids\/wp-content\/uploads\/photo-gallery\/Bananpie\/banana04.jpg\" data-elementor-open-lightbox=\"no\">                <div class=\"bwg-item0 \">          <div class=\"bwg-item1 \">            <div class=\"bwg-item2\">              <img decoding=\"async\" class=\"skip-lazy bwg_standart_thumb_img_0 \"                   data-id=\"67\"                   data-width=\"\"                   data-height=\"\"                   data-src=\"https:\/\/designtoweb.de\/kids\/wp-content\/uploads\/photo-gallery\/Bananpie\/thumb\/banana04.jpg\"                   src=\"https:\/\/designtoweb.de\/kids\/wp-content\/uploads\/photo-gallery\/Bananpie\/thumb\/banana04.jpg\"                   alt=\"banana04\"                   title=\"banana04\" \/>            <\/div>            <div class=\"\">                                                      <\/div>          <\/div>        <\/div>                        <\/a>              <\/div>          <\/div>    <style>      \/*pagination styles*\/      #bwg_container1_0 #bwg_container2_0 .tablenav-pages_0 {\t\t\t\ttext-align: center;\t\t\t\tfont-size: 12px;\t\t\t\tfont-family: segoe ui;\t\t\t\tfont-weight: bold;\t\t\t\tcolor: #666666;\t\t\t\tmargin: 6px 0 4px;\t\t\t\tdisplay: block;      }      @media only screen and (max-width : 320px) {      #bwg_container1_0 #bwg_container2_0 .displaying-num_0 {     \t display: none;      }      }      #bwg_container1_0 #bwg_container2_0 .displaying-num_0 {\t\t\t\tfont-size: 12px;\t\t\t\tfont-family: segoe ui;\t\t\t\tfont-weight: bold;\t\t\t\tcolor: #666666;\t\t\t\tmargin-right: 10px;\t\t\t\tvertical-align: middle;      }      #bwg_container1_0 #bwg_container2_0 .paging-input_0 {\t\t\t\tfont-size: 12px;\t\t\t\tfont-family: segoe ui;\t\t\t\tfont-weight: bold;\t\t\t\tcolor: #666666;\t\t\t\tvertical-align: middle;      }      #bwg_container1_0 #bwg_container2_0 .tablenav-pages_0 a.disabled,      #bwg_container1_0 #bwg_container2_0 .tablenav-pages_0 a.disabled:hover,      #bwg_container1_0 #bwg_container2_0 .tablenav-pages_0 a.disabled:focus,\t\t\t#bwg_container1_0 #bwg_container2_0 .tablenav-pages_0 input.bwg_current_page {\t\t\t\tcursor: default;\t\t\t\tcolor: rgba(102, 102, 102, 0.5);      }      #bwg_container1_0 #bwg_container2_0 .tablenav-pages_0 a,      #bwg_container1_0 #bwg_container2_0 .tablenav-pages_0 input.bwg_current_page {\t\t\t\tcursor: pointer;\t\t\t\ttext-align: center;\t\t\t\tfont-size: 12px;\t\t\t\tfont-family: segoe ui;\t\t\t\tfont-weight: bold;\t\t\t\tcolor: #666666;\t\t\t\ttext-decoration: none;\t\t\t\tpadding: 3px 6px;\t\t\t\tmargin: 0;\t\t\t\tborder-radius: 0;\t\t\t\tborder-style: solid;\t\t\t\tborder-width: 1px;\t\t\t\tborder-color: #E3E3E3;\t\t\t\t\t\t\t\tbackground-color: rgba(255, 255, 255, 1.00);\t\t\t\tbox-shadow: 0;\t\t\t\ttransition: all 0.3s ease 0s;-webkit-transition: all 0.3s ease 0s;      }      <\/style>      <span class=\"bwg_nav_cont_0\">              <div class=\"tablenav-pages_0\">                  <\/div>                <input type=\"hidden\" id=\"page_number_0\" name=\"page_number_0\" value=\"1\" \/>      <script type=\"text\/javascript\">        if( jQuery('.bwg_nav_cont_0').length > 1 ) {          jQuery('.bwg_nav_cont_0').first().remove()        }        function spider_page_0(cur, x, y, load_more) {          if (typeof load_more == \"undefined\") {            var load_more = false;          }          if (jQuery(cur).hasClass('disabled')) {            return false;          }          var items_county_0 = 1;          switch (y) {            case 1:              if (x >= items_county_0) {                document.getElementById('page_number_0').value = items_county_0;              }              else {                document.getElementById('page_number_0').value = x + 1;              }              break;            case 2:              document.getElementById('page_number_0').value = items_county_0;              break;            case -1:              if (x == 1) {                document.getElementById('page_number_0').value = 1;              }              else {                document.getElementById('page_number_0').value = x - 1;              }              break;            case -2:              document.getElementById('page_number_0').value = 1;              break;\t\t\t\t\t\tcase 0:              document.getElementById('page_number_0').value = x;              break;            default:              document.getElementById('page_number_0').value = 1;          }          bwg_ajax('gal_front_form_0', '0', 'bwg_thumbnails_0', '0', '', 'gallery', 0, '', '', load_more, '', 1);        }                    jQuery('.first-page-0').on('click', function () {              spider_page_0(this, 1, -2, 'numeric');              return false;            });            jQuery('.prev-page-0').on('click', function () {              spider_page_0(this, 1, -1, 'numeric');              return false;            });            jQuery('.next-page-0').on('click', function () {              spider_page_0(this, 1, 1, 'numeric');              return false;            });            jQuery('.last-page-0').on('click', function () {              spider_page_0(this, 1, 2, 'numeric');              return false;            });        \t\t\t\t\/* Change page on input enter. *\/        function bwg_change_page_0( e, that ) {          if (  e.key == 'Enter' ) {            var to_page = parseInt(jQuery(that).val());            var pages_count = jQuery(that).parents(\".pagination-links\").data(\"pages-count\");            var current_url_param = jQuery(that).attr('data-url-info');            if (to_page > pages_count) {              to_page = 1;            }\t \t\t\t\t\t\t\t\t\t\t\t\tspider_page_0(this, to_page, 0, 'numeric');\t\t\t\t\t\t\treturn false;\t\t\t\t\t\t          }          return true;        }        jQuery('.bwg_load_btn_0').on('click', function () {            spider_page_0(this, 1, 1, true);            return false;        });      <\/script>      <\/span>                <\/div>        <\/form>        <style>          #bwg_container1_0 #bwg_container2_0 #spider_popup_overlay_0 {          background-color: #000000;          opacity: 0.70;          }          <\/style>        <div id=\"bwg_spider_popup_loading_0\" class=\"bwg_spider_popup_loading\"><\/div>        <div id=\"spider_popup_overlay_0\" class=\"spider_popup_overlay\" onclick=\"spider_destroypopup(1000)\"><\/div>        <input type=\"hidden\" id=\"bwg_random_seed_0\" value=\"1059397221\">                <\/div>    <\/div>    <script>      if (document.readyState === 'complete') {        if( typeof bwg_main_ready == 'function' ) {          if ( jQuery(\"#bwg_container1_0\").height() ) {            bwg_main_ready(jQuery(\"#bwg_container1_0\"));          }        }      } else {        document.addEventListener('DOMContentLoaded', function() {          if( typeof bwg_main_ready == 'function' ) {            if ( jQuery(\"#bwg_container1_0\").height() ) {             bwg_main_ready(jQuery(\"#bwg_container1_0\"));            }          }        });      }    <\/script>    \n<\/div>\n<p>\u00b7 2\/3 Tassen normales Mehl<br \/>\n\u00b7 1 EL Maisst\u00e4rke<br \/>\n\u00b7 1\/2 Tasse Zucker<br \/>\n\u00b7 2\/3 Tasse sehr gutes Kakaopulver<br \/>\n\u00b7 1\/2 EL Salz<br \/>\n\u00b7 6 EL geschmolzene Butter<\/p>\n<h3>Schokoladen Kruste<\/h3>\n<p>\u00b7 1 x das Rezept oben<br \/>\n\u00b7 1 bis 2 EL weiche Butter<\/p>\n<h3>Bananen Creme<\/h3>\n<p>\u00b7 2 sehr reife (schwarze) Bananen<br \/>\n\u00b7 1\/3 Tasse Creme double<br \/>\n\u00b7 1\/4 Tasse Vollmilch<br \/>\n\u00b7 1\/2 Tasse Puderzucker<br \/>\n\u00b7 2 EL Maisst\u00e4rke<br \/>\n\u00b7 1\/2 TL Salz<br \/>\n\u00b7 3 Eigelb<br \/>\n\u00b7 3 Gelatinebl\u00e4tter<br \/>\n\u00b7 3 EL Butter<br \/>\n\u00b7 1\/2 TL Gelbe Lebensmittelfarbe<br \/>\n\u00b7 3\/4 Tasse Creme double<br \/>\n\u00b7 1 Tasse Zuckerglasur<br \/>\n\u00b7 1 normal reife gelbe banana, geschnitten<\/p>\n<p><strong>Machen Sie die Schokoladenkr\u00fcmel<\/strong><br \/>\n1 Heizen Sie den Ofen auf 300 \u00b0F vor. In der Mikrowelle die Butter vorsichtig im Zehn-Sekunden-Takt schmelzen. Sie m\u00f6chten, dass es geschmolzen ist, sich aber nicht hei\u00df anf\u00fchlt.<br \/>\n2 In einem Mixer mit R\u00fchraufsatz Mehl, Maisst\u00e4rke, Kakaopulver, Zucker und Salz bei niedriger Geschwindigkeit vermischen.<br \/>\n3 Gie\u00dfen Sie die geschmolzene Butter hinein und r\u00fchren Sie weiter auf niedriger Stufe, bis sich aus der Mischung kleine Klumpen bilden \u2013 Kr\u00fcmel, wenn Sie so wollen. Das R\u00fchren der trockenen Schokoladenmischung mit der Hand oder mit einem Schneebesen reicht einfach nicht aus; Die Verwendung einer K\u00fcchenmaschine hilft beim Verteilen und Kneten des Kakaopulvers und zerkleinert die Zuckerk\u00f6rner, sodass eine tiefschwarze Krume \u00fcbrig bleibt. Wenn Sie die Kr\u00fcmel entgegen meinem Rat zubereiten, werden Sie nur noch mehr Probleme und Unebenheiten bekommen, wenn Sie Ihre Kr\u00fcmel zu einer Kruste pressen!<br \/>\n4 Verteilen Sie die Kr\u00fcmel auf einer mit Backpapier oder Silpat ausgelegten Backform und backen Sie sie 20 Minuten lang. Mischen und brechen Sie die Dinge ein- oder zweimal auf. Die Kr\u00fcmel sollten noch leicht feucht sein, wenn sie aus dem Ofen kommen. Lassen Sie sie vollst\u00e4ndig abk\u00fchlen \u2013 sie werden knuspriger.<\/p>\n<p><strong>Machen Sie die F\u00fcllung<\/strong><br \/>\n1 Die Bananen, 75 g (1\/3 Tasse) Sahne, Milch, Zucker, Salz, Maisst\u00e4rke und Eigelb in einen Mixer geben. P\u00fcrieren, bis die Mischung v\u00f6llig glatt ist.<br \/>\n2 Geben Sie die Mischung in einen mittelgro\u00dfen Topf. Reinigen Sie den Mixer.<br \/>\n3 Lassen Sie die Gelatine in kaltem Wasser aufquellen: Bei Milk Bar verwenden wir Blattgelatine, aber Gelatinepulver funktioniert auch gut. Sie lassen Gelatine bl\u00fchen, indem Sie sie in einer Sch\u00fcssel mit kaltem Wasser einweichen. Das Aufbl\u00fchen von Gelatine ist vergleichbar mit dem Eingie\u00dfen von warmem Wasser in Hefe; Es bereitet die Gelatine auf ihre Aufgabe vor. Wenn Sie die Gelatine ins Wasser geben, werden Sie feststellen, dass sie innerhalb von Sekunden weich wird. Reiben Sie sie zwischen Ihren Fingerspitzen ein; Wenn keine harten Stellen mehr vorhanden sind, ist es fertig. Wenn Sie pulverf\u00f6rmige Gelatine verwenden, betr\u00e4gt der Wechselkurs 1\/2 t pro Gelatineblatt. Streuen Sie es auf die Wasseroberfl\u00e4che \u2013 werfen Sie es nicht hinein, sonst bl\u00fcht es nicht richtig.<br \/>\n4 Die Mischung bei mittlerer bis niedriger Hitze verquirlen. Wenn die Bananenmischung erhitzt wird, wird die Farbe dunkler und die Maisst\u00e4rke wird dicker.<br \/>\n5 Wenn die Mischung kocht, r\u00fchren Sie noch 2 Minuten weiter. Die Mischung wird einem dicken Kleber \u00e4hneln, der an Zement grenzt, mit einer passenden Farbe.<br \/>\n6 Geben Sie den Inhalt der Pfanne in Ihren sauberen Mixer. Butter und Gelatine hinzuf\u00fcgen und p\u00fcrieren, bis die Mischung glatt und gleichm\u00e4\u00dfig ist. F\u00e4rben Sie die Mischung mit gelber Lebensmittelfarbe, bis sie ein leuchtendes Cartoon-Bananengelb hat. DAS SCHMUTZIGE GEHEIMNIS: Wenn wir an Bananencreme denken, denken wir an Gelb \u2013 aber ohne Lebensmittelfarbe ist das Endergebnis hier eine cremefarbene\/braune\/graue\/br\u00e4unliche Farbe, die f\u00fcr mich einfach nicht passt. Normalerweise braucht man etwa 25 Tropfen, um eine Milk Bar-Bananencremetorte einzuf\u00e4rben, aber je nach Farbe und Reifegrad Ihrer Bananen kann es auch mehr oder weniger dauern. F\u00fcgen Sie einfach jeweils ein paar Tropfen hinzu, bis die Farbe praktisch Warhol-Bananengelb ist \u2013 zu diesem Zeitpunkt sollte sie gelber sein, als Sie das Endprodukt haben m\u00f6chten.<\/p>\n<p>7 Geben Sie den Inhalt des Mixers in einen Beh\u00e4lter geeigneter Gr\u00f6\u00dfe. Decken Sie die Oberfl\u00e4che mit Plastikfolie ab, um zu verhindern, dass sich \u201eHaut\u201c bildet, und stellen Sie den Beh\u00e4lter f\u00fcr 30 bis 60 Minuten in den K\u00fchlschrank \u2013 so lange, bis die Mischung vollst\u00e4ndig abgek\u00fchlt ist.<br \/>\n8 Mit einem Schneebesen oder Mixer mit Schneebesenaufsatz die restlichen 160 g (3\/4 C) Sahne und Puderzucker schlagen, bis mittelweiche Spitzen entstehen. (Das bedeutet, dass die Creme weiche H\u00e4ufchen bildet und festh\u00e4lt, wenn Sie den Schneebesen herausziehen.) Geben Sie dann die kalte Bananenmischung direkt in die R\u00fchrsch\u00fcssel und verr\u00fchren Sie die Bananenmischung mit dem gleichen Schneebesen oder Schneebesenaufsatz sehr, sehr langsam verr\u00fchren, bis alles eine homogene, hellgelbe Farbe hat. In einem luftdichten Beh\u00e4lter bleibt Bananencreme im K\u00fchlschrank bis zu 5 Tage frisch.<\/p>\n<p><strong>Machen Sie die Kruste<\/strong><br \/>\n1 Machen Sie die Kruste: Zerkleinern Sie die Schokoladenkr\u00fcmel in einer K\u00fcchenmaschine, bis sie wie grober, pechschwarzer Sand aussehen. (Die Schokoladenkr\u00fcmel lassen sich auch mit der Hand zerkr\u00fcmeln, das kostet aber mehr Zeit und kann schnell zu einer hei\u00dfen Masse werden.)<br \/>\n2 Geben Sie die Sandkr\u00fcmel in eine Sch\u00fcssel und vermischen Sie sie mit Zucker und Salz. Einen Essl\u00f6ffel der geschmolzenen Butter hinzuf\u00fcgen und unter die Kr\u00fcmel kneten. Wenn es nicht feucht genug ist, um es zu formen, f\u00fcgen Sie einen weiteren Essl\u00f6ffel geschmolzene Butter hinzu.<br \/>\n3 Geben Sie den Schokoladensand in eine 10-Zoll-Kuchenform. Dr\u00fccken Sie die Schokoladenkruste mit den Fingern und der Handfl\u00e4che fest in die Kuchenform. Lassen Sie keinen Teil der Kuchenform unbedeckt. Sie k\u00f6nnen die Kruste im Voraus zubereiten und zur Aufbewahrung in Plastikfolie einwickeln. Bei Zimmertemperatur bleibt es 5 Tage frisch, im K\u00fchlschrank 2 Wochen.<\/p>\n<p><strong>Zum Schluss<\/strong><br \/>\n1 Gie\u00dfen Sie ein Viertel der Bananencreme in die Schokoladenkuchenform und verteilen Sie sie mit der R\u00fcckseite eines L\u00f6ffels oder einem versetzten Spatel ein wenig darauf.<br \/>\n2 Das Beste an einer Bananencremetorte sind f\u00fcr mich die versteckten Bananen in der Mitte. Bedecken Sie die Creme mit einer sch\u00f6nen, vollen Schicht der in Scheiben geschnittenen Banane. (Wenn Sie unbedingt eine kleine Banane in jedem Bissen haben m\u00f6chten, ben\u00f6tigen Sie m\u00f6glicherweise zwei Bananen.) Decken Sie die Bananenschicht mit der restlichen Bananencreme ab. Den Kuchen zum Abk\u00fchlen in den K\u00fchlschrank stellen. Er l\u00e4sst sich nur dann gut schneiden, wenn es kalt ist. Essen Sie nach Belieben.<\/p>\n<p>Machen Sie weiter: Schokoladenkr\u00fcmel k\u00f6nnen 2 Tage im Voraus hergestellt werden, in einem luftdichten Beh\u00e4lter aufbewahren.<br \/>\nDie Bananencreme kann im K\u00fchlschrank in einem luftdichten Beh\u00e4lter bis zu 5 Tage aufbewahrt werden.<\/p>\n<p>Adapted slightly from <a href=\"https:\/\/milkbarstore.com\/\" target=\"_blank\" rel=\"noopener\"><em>&#8222;Christina Tosi&#8217;s Momofuku Milk Bar&#8220;.<\/em><a\/><\/p>\n","protected":false},"excerpt":{"rendered":"<p>Schokoladen Kr\u00fcmel \u00b7 2\/3 Tassen normales Mehl \u00b7 1 EL Maisst\u00e4rke \u00b7 1\/2 Tasse Zucker \u00b7 2\/3 Tasse sehr gutes Kakaopulver \u00b7 1\/2 EL Salz \u00b7 6 EL geschmolzene Butter Schokoladen Kruste \u00b7 1 x das Rezept oben \u00b7 1 bis 2 EL weiche Butter Bananen Creme \u00b7 2 sehr reife (schwarze) Bananen \u00b7 1\/3&hellip;&nbsp;<a href=\"https:\/\/designtoweb.de\/kids\/de\/581-2\/\" rel=\"bookmark\">Weiterlesen &raquo;<span class=\"screen-reader-text\">Bananen Chremekuchen<\/span><\/a><\/p>\n","protected":false},"author":1,"featured_media":0,"parent":0,"menu_order":0,"comment_status":"closed","ping_status":"closed","template":"","meta":{"neve_meta_sidebar":"","neve_meta_container":"","neve_meta_enable_content_width":"on","neve_meta_content_width":70,"neve_meta_title_alignment":"","neve_meta_author_avatar":"","neve_post_elements_order":"","neve_meta_disable_header":"","neve_meta_disable_footer":"","neve_meta_disable_title":"","footnotes":""},"class_list":["post-581","page","type-page","status-publish","hentry"],"_links":{"self":[{"href":"https:\/\/designtoweb.de\/kids\/wp-json\/wp\/v2\/pages\/581","targetHints":{"allow":["GET"]}}],"collection":[{"href":"https:\/\/designtoweb.de\/kids\/wp-json\/wp\/v2\/pages"}],"about":[{"href":"https:\/\/designtoweb.de\/kids\/wp-json\/wp\/v2\/types\/page"}],"author":[{"embeddable":true,"href":"https:\/\/designtoweb.de\/kids\/wp-json\/wp\/v2\/users\/1"}],"replies":[{"embeddable":true,"href":"https:\/\/designtoweb.de\/kids\/wp-json\/wp\/v2\/comments?post=581"}],"version-history":[{"count":17,"href":"https:\/\/designtoweb.de\/kids\/wp-json\/wp\/v2\/pages\/581\/revisions"}],"predecessor-version":[{"id":2482,"href":"https:\/\/designtoweb.de\/kids\/wp-json\/wp\/v2\/pages\/581\/revisions\/2482"}],"wp:attachment":[{"href":"https:\/\/designtoweb.de\/kids\/wp-json\/wp\/v2\/media?parent=581"}],"curies":[{"name":"wp","href":"https:\/\/api.w.org\/{rel}","templated":true}]}}