{"id":430,"date":"2016-02-14T18:39:39","date_gmt":"2016-02-14T17:39:39","guid":{"rendered":"http:\/\/designtoweb.de\/kids\/?page_id=430"},"modified":"2023-11-06T13:29:15","modified_gmt":"2023-11-06T12:29:15","slug":"taramar-kaviarcreme","status":"publish","type":"page","link":"https:\/\/designtoweb.de\/kids\/de\/taramar-kaviarcreme\/","title":{"rendered":"Tarama Kaviarcreme"},"content":{"rendered":"<div style=\"position: absolute; height: auto; width: 200px; left: 67%; top: 16%;\"><div class=\"printfriendly pf-button  pf-alignright\">\n                    <a href=\"https:\/\/designtoweb.de\/kids\/de\/taramar-kaviarcreme\/?pfstyle=wp\" rel=\"nofollow\" onclick=\"\" title=\"Printer Friendly, PDF & Email\">\n                    <img decoding=\"async\" class=\"pf-button-img\" src=\"https:\/\/cdn.printfriendly.com\/buttons\/printfriendly-pdf-button.png\" alt=\"Print Friendly, PDF & Email\" style=\"width: 112px;height: 24px;\"  \/>\n                    <\/a>\n                <\/div><\/div>\n<p><strong>Zutaten:<\/strong><\/p>\n<ul>\n<li style=\"list-style-type: none;\">\n<li>100g gesalzener wei\u00dfer Kaviar (Dorschrogen od. Karpfenrogen o.a.)<a href=\"https:\/\/designtoweb.de\/kids\/wp-content\/uploads\/2016\/02\/taramar.jpg\"><img loading=\"lazy\" decoding=\"async\" class=\"size-medium wp-image-439 alignright\" style=\"border-radius: 15px; border: 5px solid #DF0000;\" src=\"https:\/\/designtoweb.de\/kids\/wp-content\/uploads\/2016\/02\/taramar-300x225.jpg\" alt=\"\" width=\"300\" height=\"225\" srcset=\"https:\/\/designtoweb.de\/kids\/wp-content\/uploads\/2016\/02\/taramar-300x225.jpg 300w, https:\/\/designtoweb.de\/kids\/wp-content\/uploads\/2016\/02\/taramar-768x576.jpg 768w, https:\/\/designtoweb.de\/kids\/wp-content\/uploads\/2016\/02\/taramar.jpg 1024w\" sizes=\"auto, (max-width: 300px) 100vw, 300px\" \/><\/a><\/li>\n<li>250 ml Oliven\u00f6l<\/li>\n<li>1\/2 Zitrone<\/li>\n<li>Salz<\/li>\n<li>1-2 EL lauwarmes Wasser<\/li>\n<li>2 TL Zwiebelsaft<\/li>\n<\/ul>\n<p>&nbsp;<\/p>\n<p>Wichtig: alle Produkte m\u00fcssen unbedingt Zimmertemperatur haben!!<\/p>\n<p>2\/3 des Kaviars und 1 EL Wasser in einen R\u00fchrbecher geben und mit einem Mixer kurz anr\u00fchren. Langsam unter st\u00e4ndigem R\u00fchren nun das Oliven\u00f6l in dem d\u00fcnnsten m\u00f6glichen Strahl zugeben bis sich das Gemisch eindickt und sich eine Mayonaise bildet.<\/p>\n<p>Salz, Zitronensaft,\u00a0Zwiebelsaft und den Rest des Kaviars unterheben. Garnieren und mit ger\u00f6stetem Brot servieren.<\/p>\n<p>PS: Gerinnt die Creme, waren die Zutaten zu kalt oder wurden zu schnell zugegeben.<\/p>\n<p><img loading=\"lazy\" decoding=\"async\" class=\"alignnone wp-image-1358 size-full\" src=\"https:\/\/designtoweb.de\/kids\/wp-content\/uploads\/2022\/09\/didihand-3.jpg\" alt=\"\" width=\"166\" height=\"70\" \/><\/p>\n","protected":false},"excerpt":{"rendered":"<p>Zutaten: 100g gesalzener wei\u00dfer Kaviar (Dorschrogen od. Karpfenrogen o.a.) 250 ml Oliven\u00f6l 1\/2 Zitrone Salz 1-2 EL lauwarmes Wasser 2 TL Zwiebelsaft &nbsp; Wichtig: alle Produkte m\u00fcssen unbedingt Zimmertemperatur haben!! 2\/3 des Kaviars und 1 EL Wasser in einen R\u00fchrbecher geben und mit einem Mixer kurz anr\u00fchren. Langsam unter st\u00e4ndigem R\u00fchren nun das Oliven\u00f6l in&hellip;&nbsp;<a href=\"https:\/\/designtoweb.de\/kids\/de\/taramar-kaviarcreme\/\" rel=\"bookmark\">Weiterlesen &raquo;<span class=\"screen-reader-text\">Tarama Kaviarcreme<\/span><\/a><\/p>\n","protected":false},"author":1,"featured_media":0,"parent":0,"menu_order":0,"comment_status":"closed","ping_status":"closed","template":"","meta":{"neve_meta_sidebar":"","neve_meta_container":"","neve_meta_enable_content_width":"on","neve_meta_content_width":70,"neve_meta_title_alignment":"","neve_meta_author_avatar":"","neve_post_elements_order":"","neve_meta_disable_header":"","neve_meta_disable_footer":"","neve_meta_disable_title":"","footnotes":""},"class_list":["post-430","page","type-page","status-publish","hentry"],"_links":{"self":[{"href":"https:\/\/designtoweb.de\/kids\/wp-json\/wp\/v2\/pages\/430","targetHints":{"allow":["GET"]}}],"collection":[{"href":"https:\/\/designtoweb.de\/kids\/wp-json\/wp\/v2\/pages"}],"about":[{"href":"https:\/\/designtoweb.de\/kids\/wp-json\/wp\/v2\/types\/page"}],"author":[{"embeddable":true,"href":"https:\/\/designtoweb.de\/kids\/wp-json\/wp\/v2\/users\/1"}],"replies":[{"embeddable":true,"href":"https:\/\/designtoweb.de\/kids\/wp-json\/wp\/v2\/comments?post=430"}],"version-history":[{"count":18,"href":"https:\/\/designtoweb.de\/kids\/wp-json\/wp\/v2\/pages\/430\/revisions"}],"predecessor-version":[{"id":2124,"href":"https:\/\/designtoweb.de\/kids\/wp-json\/wp\/v2\/pages\/430\/revisions\/2124"}],"wp:attachment":[{"href":"https:\/\/designtoweb.de\/kids\/wp-json\/wp\/v2\/media?parent=430"}],"curies":[{"name":"wp","href":"https:\/\/api.w.org\/{rel}","templated":true}]}}