{"id":40,"date":"2015-09-22T18:37:10","date_gmt":"2015-09-22T16:37:10","guid":{"rendered":"http:\/\/designtoweb.de\/kids\/?page_id=40"},"modified":"2023-11-06T13:03:34","modified_gmt":"2023-11-06T12:03:34","slug":"impressum","status":"publish","type":"page","link":"https:\/\/designtoweb.de\/kids\/en\/impressum\/","title":{"rendered":"Impressum"},"content":{"rendered":"<p>D.Zeidler<br \/>\nMagdeburger Str.8<br \/>\n39435 Egeln<\/p>\n<p>Tel: 03926802994<br \/>\nMail: zeidweb@online.de<\/p>\n<p>Verantwortlich f\u00fcr die Inhalte dieser Seite: Dirk Zeidler<\/p>\n<p><strong>Haftungsausschluss<br \/>\n<\/strong>Wir sind bem\u00fcht, f\u00fcr die Richtigkeit und Aktualit\u00e4t aller auf dieser Website enthaltenen Informationen und Daten zu sorgen. Eine Haftung oder Garantie f\u00fcr die Aktualit\u00e4t, Richtigkeit und Vollst\u00e4ndigkeit der zur Verf\u00fcgung gestellten Informationen und Daten ist jedoch ausgeschlossen. Dies gilt ebenso f\u00fcr alle anderen Websites, auf die mittels eines Hyperlinks verwiesen wird. Der Inhalt der Websites ist urheberrechtlich gesch\u00fctzt. Die Vervielf\u00e4ltigung von Informationen oder Daten, insbesondere die Verwendung von Texten, Textseiten oder Bildmaterial bedarf der vorherigen Zustimmung.<\/p>\n<p><strong>Datenschutz<br \/>\n<\/strong>Wir beachten die Richtlinen des geltenden Datenschutzgesetzes (BDSG) und Telemediengesetzes (TMG). \u00dcbermittelte pers\u00f6nliche Daten werden nicht gespeichert oder zu Zwecken verwendet, denen Sie nicht zugestimmt haben m\u00fcssten. Bitte informieren Sie sich \u00fcber folgende Tools bei uns und pr\u00fcfen auch die Datenschutzbestimmungen der Anbieter:<\/p>\n<p><strong>Facebook<br \/>\n<\/strong>Der Facebook *iLike* Button kann pers\u00f6nliche Nutzerdaten an Facebook \u00fcbermitteln. Wir speichern diese Daten nicht. <strong><br \/>\n<\/strong><\/p>\n","protected":false},"excerpt":{"rendered":"<p>D.Zeidler Magdeburger Str.8 39435 Egeln Tel: 03926802994 Mail: zeidweb@online.de Verantwortlich f\u00fcr die Inhalte dieser Seite: Dirk Zeidler Haftungsausschluss Wir sind bem\u00fcht, f\u00fcr die Richtigkeit und Aktualit\u00e4t aller auf dieser Website enthaltenen Informationen und Daten zu sorgen. Eine Haftung oder Garantie f\u00fcr die Aktualit\u00e4t, Richtigkeit und Vollst\u00e4ndigkeit der zur Verf\u00fcgung gestellten Informationen und Daten ist jedoch&hellip;&nbsp;<a href=\"https:\/\/designtoweb.de\/kids\/en\/impressum\/\" rel=\"bookmark\">Weiterlesen &raquo;<span class=\"screen-reader-text\">Impressum<\/span><\/a><\/p>\n","protected":false},"author":1,"featured_media":0,"parent":0,"menu_order":0,"comment_status":"closed","ping_status":"closed","template":"","meta":{"neve_meta_sidebar":"","neve_meta_container":"","neve_meta_enable_content_width":"on","neve_meta_content_width":60,"neve_meta_title_alignment":"","neve_meta_author_avatar":"","neve_post_elements_order":"","neve_meta_disable_header":"","neve_meta_disable_footer":"","neve_meta_disable_title":"","footnotes":""},"class_list":["post-40","page","type-page","status-publish","hentry"],"_links":{"self":[{"href":"https:\/\/designtoweb.de\/kids\/wp-json\/wp\/v2\/pages\/40","targetHints":{"allow":["GET"]}}],"collection":[{"href":"https:\/\/designtoweb.de\/kids\/wp-json\/wp\/v2\/pages"}],"about":[{"href":"https:\/\/designtoweb.de\/kids\/wp-json\/wp\/v2\/types\/page"}],"author":[{"embeddable":true,"href":"https:\/\/designtoweb.de\/kids\/wp-json\/wp\/v2\/users\/1"}],"replies":[{"embeddable":true,"href":"https:\/\/designtoweb.de\/kids\/wp-json\/wp\/v2\/comments?post=40"}],"version-history":[{"count":8,"href":"https:\/\/designtoweb.de\/kids\/wp-json\/wp\/v2\/pages\/40\/revisions"}],"predecessor-version":[{"id":2006,"href":"https:\/\/designtoweb.de\/kids\/wp-json\/wp\/v2\/pages\/40\/revisions\/2006"}],"wp:attachment":[{"href":"https:\/\/designtoweb.de\/kids\/wp-json\/wp\/v2\/media?parent=40"}],"curies":[{"name":"wp","href":"https:\/\/api.w.org\/{rel}","templated":true}]}}