{"id":397,"date":"2016-02-14T13:05:37","date_gmt":"2016-02-14T12:05:37","guid":{"rendered":"http:\/\/designtoweb.de\/kids\/?page_id=397"},"modified":"2023-11-06T14:04:54","modified_gmt":"2023-11-06T13:04:54","slug":"deftige-senfeier","status":"publish","type":"page","link":"https:\/\/designtoweb.de\/kids\/de\/deftige-senfeier\/","title":{"rendered":"Deftige Senfeier"},"content":{"rendered":"<div style=\"position: absolute; height: auto; width: 200px; left: 67%; top: 12%;\"><div class=\"printfriendly pf-button  pf-alignright\">\n                    <a href=\"https:\/\/designtoweb.de\/kids\/de\/deftige-senfeier\/?pfstyle=wp\" rel=\"nofollow\" onclick=\"\" title=\"Printer Friendly, PDF & Email\">\n                    <img decoding=\"async\" class=\"pf-button-img\" src=\"https:\/\/cdn.printfriendly.com\/buttons\/printfriendly-pdf-button.png\" alt=\"Print Friendly, PDF & Email\" style=\"width: 112px;height: 24px;\"  \/>\n                    <\/a>\n                <\/div><\/div>\n<p><strong>Zutaten f\u00fcr 4 Portionen:<\/strong><br \/>\n2 Zwiebeln<br \/>\n300g Schinken gew\u00fcrfelt<a href=\"https:\/\/designtoweb.de\/kids\/wp-content\/uploads\/2016\/02\/senfeier-1.jpg\"><img loading=\"lazy\" decoding=\"async\" class=\"alignright wp-image-403\" style=\"border-radius: 15px; border: 2px solid #DF0000;\" src=\"https:\/\/designtoweb.de\/kids\/wp-content\/uploads\/2016\/02\/senfeier-1-300x225.jpg\" alt=\"Senfeier\" width=\"300\" height=\"223\" \/><\/a><br \/>\n6 EL Mehl<br \/>\n500 ml Gem\u00fcsebr\u00fche<br \/>\n500 ml Milch<br \/>\n8 Eier<br \/>\n3 EL Senf<br \/>\nKartoffeln mehlig kochend<br \/>\nSalz, Pfeffer<br \/>\nDill und Petersilie<br \/>\n2 EL Essig, 1\/2 Zitrone<br \/>\n2 EL Kapern<\/p>\n<p>Zuerst die Zwiebel sch\u00e4len, in W\u00fcrfel schneiden und and\u00fcnsten. Dann die Schinkenw\u00fcrfel anbraten. Das Mehl hinzugeben, mit Milch unter st\u00e4ndigem R\u00fchren vorsichtig abl\u00f6schen und Andicken lassen. Danach die Br\u00fche schl\u00fcckchenweise hinzugeben, bis der 1\/2 l weg ist und die So\u00dfe angedickt ist.<\/p>\n<p>Dann ordentlich Senf und die anderen Zutaten dazugeben. Die Eier kochen, sch\u00e4len und in die fertige So\u00dfe geben und nochmals hei\u00df werden lassen. Dazu gibt es die Kartoffeln. Mit Petersilie garnieren.<\/p>\n<p><img loading=\"lazy\" decoding=\"async\" class=\"alignnone wp-image-1332 size-full\" src=\"https:\/\/designtoweb.de\/kids\/wp-content\/uploads\/2022\/09\/rockhand-1.jpg\" alt=\"\" width=\"211\" height=\"50\" \/><\/p>\n","protected":false},"excerpt":{"rendered":"<p>Zutaten f\u00fcr 4 Portionen: 2 Zwiebeln 300g Schinken gew\u00fcrfelt 6 EL Mehl 500 ml Gem\u00fcsebr\u00fche 500 ml Milch 8 Eier 3 EL Senf Kartoffeln mehlig kochend Salz, Pfeffer Dill und Petersilie 2 EL Essig, 1\/2 Zitrone 2 EL Kapern Zuerst die Zwiebel sch\u00e4len, in W\u00fcrfel schneiden und and\u00fcnsten. Dann die Schinkenw\u00fcrfel anbraten. Das Mehl hinzugeben,&hellip;&nbsp;<a href=\"https:\/\/designtoweb.de\/kids\/de\/deftige-senfeier\/\" rel=\"bookmark\">Weiterlesen &raquo;<span class=\"screen-reader-text\">Deftige Senfeier<\/span><\/a><\/p>\n","protected":false},"author":1,"featured_media":0,"parent":0,"menu_order":0,"comment_status":"closed","ping_status":"closed","template":"","meta":{"neve_meta_sidebar":"","neve_meta_container":"","neve_meta_enable_content_width":"on","neve_meta_content_width":70,"neve_meta_title_alignment":"","neve_meta_author_avatar":"","neve_post_elements_order":"","neve_meta_disable_header":"","neve_meta_disable_footer":"","neve_meta_disable_title":"","footnotes":""},"class_list":["post-397","page","type-page","status-publish","hentry"],"_links":{"self":[{"href":"https:\/\/designtoweb.de\/kids\/wp-json\/wp\/v2\/pages\/397","targetHints":{"allow":["GET"]}}],"collection":[{"href":"https:\/\/designtoweb.de\/kids\/wp-json\/wp\/v2\/pages"}],"about":[{"href":"https:\/\/designtoweb.de\/kids\/wp-json\/wp\/v2\/types\/page"}],"author":[{"embeddable":true,"href":"https:\/\/designtoweb.de\/kids\/wp-json\/wp\/v2\/users\/1"}],"replies":[{"embeddable":true,"href":"https:\/\/designtoweb.de\/kids\/wp-json\/wp\/v2\/comments?post=397"}],"version-history":[{"count":26,"href":"https:\/\/designtoweb.de\/kids\/wp-json\/wp\/v2\/pages\/397\/revisions"}],"predecessor-version":[{"id":2049,"href":"https:\/\/designtoweb.de\/kids\/wp-json\/wp\/v2\/pages\/397\/revisions\/2049"}],"wp:attachment":[{"href":"https:\/\/designtoweb.de\/kids\/wp-json\/wp\/v2\/media?parent=397"}],"curies":[{"name":"wp","href":"https:\/\/api.w.org\/{rel}","templated":true}]}}