{"id":283,"date":"2015-10-04T18:57:18","date_gmt":"2015-10-04T16:57:18","guid":{"rendered":"http:\/\/designtoweb.de\/kids\/?page_id=283"},"modified":"2023-11-06T14:05:12","modified_gmt":"2023-11-06T13:05:12","slug":"einfaches-ratatouille","status":"publish","type":"page","link":"https:\/\/designtoweb.de\/kids\/de\/einfaches-ratatouille\/","title":{"rendered":"Jamie&#8217;s Ratatouille"},"content":{"rendered":"<div style=\"position: absolute; height: auto; width: 200px; left: 67%; top: 18%;\"><div class=\"printfriendly pf-button  pf-alignright\">\n                    <a href=\"https:\/\/designtoweb.de\/kids\/de\/einfaches-ratatouille\/?pfstyle=wp\" rel=\"nofollow\" onclick=\"\" title=\"Printer Friendly, PDF & Email\">\n                    <img decoding=\"async\" class=\"pf-button-img\" src=\"https:\/\/cdn.printfriendly.com\/buttons\/printfriendly-pdf-button.png\" alt=\"Print Friendly, PDF & Email\" style=\"width: 112px;height: 24px;\"  \/>\n                    <\/a>\n                <\/div><\/div>\n<p><strong>Zutaten<\/strong><\/p>\n<p>2 rote Zwiebeln<br \/>\n4 Zehen Knoblauch<a href=\"https:\/\/designtoweb.de\/kids\/wp-content\/uploads\/2015\/10\/ratatoullie.jpg\"><img loading=\"lazy\" decoding=\"async\" class=\"size-medium wp-image-267 alignright\" style=\"border-radius: 15px; border: 2px solid #DF0000;\" src=\"https:\/\/designtoweb.de\/kids\/wp-content\/uploads\/2015\/10\/ratatoullie-224x300.jpg\" alt=\"ratatoullie\" width=\"224\" height=\"300\" srcset=\"https:\/\/designtoweb.de\/kids\/wp-content\/uploads\/2015\/10\/ratatoullie-224x300.jpg 224w, https:\/\/designtoweb.de\/kids\/wp-content\/uploads\/2015\/10\/ratatoullie-766x1024.jpg 766w, https:\/\/designtoweb.de\/kids\/wp-content\/uploads\/2015\/10\/ratatoullie.jpg 767w\" sizes=\"auto, (max-width: 224px) 100vw, 224px\" \/><\/a><br \/>\n2 Auberginenratatoullie<br \/>\n3 Zucchini<br \/>\n3 rote oder gelbe Paprika<br \/>\n6 Rispentomaten<br \/>\n\u00bd Bund frischen Basilikum<br \/>\nOliven\u00f6l<br \/>\nein wenig frischen Tymian<br \/>\n400 g Pflaumentomaten<br \/>\n1 EL Balsamico<br \/>\n\u00bd Zitrone<\/p>\n<p><strong>Herstellung:<\/strong><\/p>\n<p>Bereiten Sie Ihre Zutaten vor, bevor Sie beginnen \u2013 sch\u00e4len und schneiden Sie die Zwiebeln in Keile, Knoblauch sch\u00e4len und in feine Scheiben schneiden. Schneiden Sie die Auberginen und Zucchini, entkernen die Paprika und hacken sie in 2,5 cm St\u00fccke. Die Tomaten hacken. Zupfen Sie die Basilikumbl\u00e4tter und stellen sie beiseite, dann die Stiele in feine Scheiben schneiden.<\/p>\n<p>Erhitzen Sie 2 Essl\u00f6ffel \u00d6l in einer gro\u00dfen Pfanne bei mittlerer Hitze. Die gehackten Auberginen, Zucchini und Paprika f\u00fcr ca. 5 Minuten braten oder bis sie golden und weich sind, aber noch nicht durchgekocht. Dann das Gem\u00fcse in eine gro\u00dfe Sch\u00fcssel geben.<\/p>\n<p>Zwiebel, Knoblauch, Basilikum Stiele und Thymianbl\u00e4tter mit einem weiteren Schuss \u00d6l in die Pfanne geben. Frittieren f\u00fcr 10 bis 15 Minuten, oder bis sie weich und golden sind. Das gekochte Gem\u00fcse in die Pfanne geben und unter R\u00fchren die frischen Tomaten, den Balsamico und eine gute Prise Meersalz mit frisch gemahlenem schwarzen Pfeffer dazutun.<\/p>\n<p>Gut mischen. Decken Sie die Pfanne ab und kochen Sie bei schwacher Hitze f\u00fcr 30 bis 35 Minuten bis die Fl\u00fcssigkeit einreduziert, klebrig und s\u00fc\u00df ist. Nun mit den gehackten Basilikumbl\u00e4ttern und der fein geriebenen Zitronenschale abschmecken.<\/p>\n<p>Servieren mit einem St\u00fcck Brot oder Reis.<\/p>\n<p>reciepe by\u00a0 <img loading=\"lazy\" decoding=\"async\" class=\"alignnone wp-image-281\" src=\"https:\/\/designtoweb.de\/kids\/wp-content\/uploads\/2015\/10\/joliver-e1443977459236.jpg\" alt=\"joliver\" width=\"53\" height=\"55\" \/><\/p>\n","protected":false},"excerpt":{"rendered":"<p>Zutaten 2 rote Zwiebeln 4 Zehen Knoblauch 2 Auberginenratatoullie 3 Zucchini 3 rote oder gelbe Paprika 6 Rispentomaten \u00bd Bund frischen Basilikum Oliven\u00f6l ein wenig frischen Tymian 400 g Pflaumentomaten 1 EL Balsamico \u00bd Zitrone Herstellung: Bereiten Sie Ihre Zutaten vor, bevor Sie beginnen \u2013 sch\u00e4len und schneiden Sie die Zwiebeln in Keile, Knoblauch sch\u00e4len&hellip;&nbsp;<a href=\"https:\/\/designtoweb.de\/kids\/de\/einfaches-ratatouille\/\" rel=\"bookmark\">Weiterlesen &raquo;<span class=\"screen-reader-text\">Jamie&#8217;s Ratatouille<\/span><\/a><\/p>\n","protected":false},"author":1,"featured_media":0,"parent":0,"menu_order":0,"comment_status":"closed","ping_status":"closed","template":"","meta":{"neve_meta_sidebar":"","neve_meta_container":"","neve_meta_enable_content_width":"on","neve_meta_content_width":70,"neve_meta_title_alignment":"","neve_meta_author_avatar":"","neve_post_elements_order":"","neve_meta_disable_header":"","neve_meta_disable_footer":"","neve_meta_disable_title":"","footnotes":""},"class_list":["post-283","page","type-page","status-publish","hentry"],"_links":{"self":[{"href":"https:\/\/designtoweb.de\/kids\/wp-json\/wp\/v2\/pages\/283","targetHints":{"allow":["GET"]}}],"collection":[{"href":"https:\/\/designtoweb.de\/kids\/wp-json\/wp\/v2\/pages"}],"about":[{"href":"https:\/\/designtoweb.de\/kids\/wp-json\/wp\/v2\/types\/page"}],"author":[{"embeddable":true,"href":"https:\/\/designtoweb.de\/kids\/wp-json\/wp\/v2\/users\/1"}],"replies":[{"embeddable":true,"href":"https:\/\/designtoweb.de\/kids\/wp-json\/wp\/v2\/comments?post=283"}],"version-history":[{"count":12,"href":"https:\/\/designtoweb.de\/kids\/wp-json\/wp\/v2\/pages\/283\/revisions"}],"predecessor-version":[{"id":2050,"href":"https:\/\/designtoweb.de\/kids\/wp-json\/wp\/v2\/pages\/283\/revisions\/2050"}],"wp:attachment":[{"href":"https:\/\/designtoweb.de\/kids\/wp-json\/wp\/v2\/media?parent=283"}],"curies":[{"name":"wp","href":"https:\/\/api.w.org\/{rel}","templated":true}]}}