{"id":2750,"date":"2024-12-20T11:17:23","date_gmt":"2024-12-20T10:17:23","guid":{"rendered":"https:\/\/designtoweb.de\/kids\/?page_id=2750"},"modified":"2025-07-25T10:00:33","modified_gmt":"2025-07-25T08:00:33","slug":"chicken-jerky-vietnam","status":"publish","type":"page","link":"https:\/\/designtoweb.de\/kids\/de\/chicken-jerky-vietnam\/","title":{"rendered":"Chicken Jerky Vietnam"},"content":{"rendered":"<div style=\"position: absolute; height: auto; width: 200px; left: 83%; top: 16%;\"><div class=\"printfriendly pf-button  pf-alignright\">\n                    <a href=\"https:\/\/designtoweb.de\/kids\/de\/chicken-jerky-vietnam\/?pfstyle=wp\" rel=\"nofollow\" onclick=\"\" title=\"Printer Friendly, PDF & Email\">\n                    <img decoding=\"async\" class=\"pf-button-img\" src=\"https:\/\/cdn.printfriendly.com\/buttons\/printfriendly-pdf-button.png\" alt=\"Print Friendly, PDF & Email\" style=\"width: 112px;height: 24px;\"  \/>\n                    <\/a>\n                <\/div><\/div>\n<div style=\"position: absolute; height: auto; width: 200px; left: 80%; top: 18%;\">\n<style id=\"bwg-style-0\">    #bwg_container1_0 #bwg_container2_0 .bwg-container-0.bwg-standard-thumbnails {      width: 1084px;              justify-content: flex-end;        margin-left:auto;              background-color: rgba(255, 255, 255, 0.00);            padding-left: 4px;      padding-top: 4px;      max-width: 100%;            }        #bwg_container1_0 #bwg_container2_0 .bwg-container-0.bwg-standard-thumbnails .bwg-item {    justify-content: flex-start;      max-width: 180px;            width: 180px !important;          }    #bwg_container1_0 #bwg_container2_0 .bwg-container-0.bwg-standard-thumbnails .bwg-item a {       margin-right: 4px;       margin-bottom: 4px;    }    #bwg_container1_0 #bwg_container2_0 .bwg-container-0.bwg-standard-thumbnails .bwg-item0 {      padding: 0px;            background-color:rgba(232,232,232, 0.30);      border: 2px solid #FF0505;      opacity: 1.00;      border-radius: 9px;      box-shadow: 0px 0px 0px #888888;    }    #bwg_container1_0 #bwg_container2_0 .bwg-container-0.bwg-standard-thumbnails .bwg-item1 img {      max-height: none;      max-width: none;      padding: 0 !important;    }        @media only screen and (min-width: 480px) {      #bwg_container1_0 #bwg_container2_0 .bwg-container-0.bwg-standard-thumbnails .bwg-item0 {        transition: all 0.3s ease 0s;-webkit-transition: all 0.3s ease 0s;      }      #bwg_container1_0 #bwg_container2_0 .bwg-container-0.bwg-standard-thumbnails .bwg-item0:hover {        -ms-transform: rotate(2deg);        -webkit-transform: rotate(2deg);        transform: rotate(2deg);      }    }          #bwg_container1_0 #bwg_container2_0 .bwg-container-0.bwg-standard-thumbnails .bwg-item1 {      padding-top: 50%;    }        #bwg_container1_0 #bwg_container2_0 .bwg-container-0.bwg-standard-thumbnails .bwg-title2,    #bwg_container1_0 #bwg_container2_0 .bwg-container-0.bwg-standard-thumbnails .bwg-ecommerce2 {      color: #CCCCCC;      font-family: segoe ui;      font-size: 16px;      font-weight: bold;      padding: 5px;      text-shadow: ;      max-height: 100%;    }    #bwg_container1_0 #bwg_container2_0 .bwg-container-0.bwg-standard-thumbnails .bwg-thumb-description span {    color: #323A45;    font-family: Ubuntu;    font-size: 12px;    max-height: 100%;    word-wrap: break-word;    }    #bwg_container1_0 #bwg_container2_0 .bwg-container-0.bwg-standard-thumbnails .bwg-play-icon2 {      font-size: 32px;    }    #bwg_container1_0 #bwg_container2_0 .bwg-container-0.bwg-standard-thumbnails .bwg-ecommerce2 {      font-size: 19.2px;      color: #CCCCCC;    }    <\/style>    <div id=\"bwg_container1_0\"         class=\"bwg_container bwg_thumbnail bwg_thumbnails \"         data-right-click-protection=\"0\"         data-bwg=\"0\"         data-scroll=\"0\"         data-gallery-type=\"thumbnails\"         data-gallery-view-type=\"thumbnails\"         data-current-url=\"\/kids\/wp-json\/wp\/v2\/pages\/2750\"         data-lightbox-url=\"https:\/\/designtoweb.de\/kids\/wp-admin\/admin-ajax.php?action=GalleryBox&#038;current_view=0&#038;gallery_id=35&#038;tag=0&#038;theme_id=3&#038;shortcode_id=111&#038;sort_by=order&#038;order_by=asc&#038;current_url=%2Fkids%2Fwp-json%2Fwp%2Fv2%2Fpages%2F2750\"         data-gallery-id=\"35\"         data-popup-width=\"800\"         data-popup-height=\"500\"         data-is-album=\"gallery\"         data-buttons-position=\"bottom\">      <div id=\"bwg_container2_0\">             <div id=\"ajax_loading_0\" class=\"bwg_loading_div_1\">      <div class=\"bwg_loading_div_2\">        <div class=\"bwg_loading_div_3\">          <div id=\"loading_div_0\" class=\"bwg_spider_ajax_loading\">          <\/div>        <\/div>      <\/div>    <\/div>            <form id=\"gal_front_form_0\"              class=\"bwg-hidden\"              method=\"post\"              action=\"#\"              data-current=\"0\"              data-shortcode-id=\"111\"              data-gallery-type=\"thumbnails\"              data-gallery-id=\"35\"              data-tag=\"0\"              data-album-id=\"0\"              data-theme-id=\"3\"              data-ajax-url=\"https:\/\/designtoweb.de\/kids\/wp-admin\/admin-ajax.php?action=bwg_frontend_data\">          <div id=\"bwg_container3_0\" class=\"bwg-background bwg-background-0\">                <div data-max-count=\"6\"         data-thumbnail-width=\"180\"         data-bwg=\"0\"         data-gallery-id=\"35\"         data-lightbox-url=\"https:\/\/designtoweb.de\/kids\/wp-admin\/admin-ajax.php?action=GalleryBox&amp;current_view=0&amp;gallery_id=35&amp;tag=0&amp;theme_id=3&amp;shortcode_id=111&amp;sort_by=order&amp;order_by=asc&amp;current_url=%2Fkids%2Fwp-json%2Fwp%2Fv2%2Fpages%2F2750\"         id=\"bwg_thumbnails_0\"         class=\"bwg-container-0 bwg-thumbnails bwg-standard-thumbnails bwg-container bwg-border-box\">            <div class=\"bwg-item\">        <a class=\"bwg-a  bwg_lightbox\"  data-image-id=\"207\" href=\"https:\/\/designtoweb.de\/kids\/wp-content\/uploads\/photo-gallery\/chickenjerky\/chickenjerky01.png?bwg=1734690805\" data-elementor-open-lightbox=\"no\">                <div class=\"bwg-item0 \">          <div class=\"bwg-item1 \">            <div class=\"bwg-item2\">              <img decoding=\"async\" class=\"skip-lazy bwg_standart_thumb_img_0 \"                   data-id=\"207\"                   data-width=\"200.00\"                   data-height=\"102.00\"                   data-src=\"https:\/\/designtoweb.de\/kids\/wp-content\/uploads\/photo-gallery\/chickenjerky\/thumb\/chickenjerky01.png?bwg=1734690805\"                   src=\"https:\/\/designtoweb.de\/kids\/wp-content\/uploads\/photo-gallery\/chickenjerky\/thumb\/chickenjerky01.png?bwg=1734690805\"                   alt=\"chickenjerky01\"                   title=\"chickenjerky01\" \/>            <\/div>            <div class=\"\">                                                      <\/div>          <\/div>        <\/div>                        <\/a>              <\/div>            <div class=\"bwg-item\">        <a class=\"bwg-a  bwg_lightbox\"  data-image-id=\"208\" href=\"https:\/\/designtoweb.de\/kids\/wp-content\/uploads\/photo-gallery\/chickenjerky\/chickenjerky02.png?bwg=1734690805\" data-elementor-open-lightbox=\"no\">                <div class=\"bwg-item0 \">          <div class=\"bwg-item1 \">            <div class=\"bwg-item2\">              <img decoding=\"async\" class=\"skip-lazy bwg_standart_thumb_img_0 \"                   data-id=\"208\"                   data-width=\"200.00\"                   data-height=\"109.00\"                   data-src=\"https:\/\/designtoweb.de\/kids\/wp-content\/uploads\/photo-gallery\/chickenjerky\/thumb\/chickenjerky02.png?bwg=1734690805\"                   src=\"https:\/\/designtoweb.de\/kids\/wp-content\/uploads\/photo-gallery\/chickenjerky\/thumb\/chickenjerky02.png?bwg=1734690805\"                   alt=\"chickenjerky02\"                   title=\"chickenjerky02\" \/>            <\/div>            <div class=\"\">                                                      <\/div>          <\/div>        <\/div>                        <\/a>              <\/div>            <div class=\"bwg-item\">        <a class=\"bwg-a  bwg_lightbox\"  data-image-id=\"210\" href=\"https:\/\/designtoweb.de\/kids\/wp-content\/uploads\/photo-gallery\/chickenjerky\/chickenjerky03.png?bwg=1734690805\" data-elementor-open-lightbox=\"no\">                <div class=\"bwg-item0 \">          <div class=\"bwg-item1 \">            <div class=\"bwg-item2\">              <img decoding=\"async\" class=\"skip-lazy bwg_standart_thumb_img_0 \"                   data-id=\"210\"                   data-width=\"200.00\"                   data-height=\"108.00\"                   data-src=\"https:\/\/designtoweb.de\/kids\/wp-content\/uploads\/photo-gallery\/chickenjerky\/thumb\/chickenjerky03.png?bwg=1734690805\"                   src=\"https:\/\/designtoweb.de\/kids\/wp-content\/uploads\/photo-gallery\/chickenjerky\/thumb\/chickenjerky03.png?bwg=1734690805\"                   alt=\"chickenjerky03\"                   title=\"chickenjerky03\" \/>            <\/div>            <div class=\"\">                                                      <\/div>          <\/div>        <\/div>                        <\/a>              <\/div>            <div class=\"bwg-item\">        <a class=\"bwg-a  bwg_lightbox\"  data-image-id=\"209\" href=\"https:\/\/designtoweb.de\/kids\/wp-content\/uploads\/photo-gallery\/chickenjerky\/chickenjerky04.png?bwg=1734690805\" data-elementor-open-lightbox=\"no\">                <div class=\"bwg-item0 \">          <div class=\"bwg-item1 \">            <div class=\"bwg-item2\">              <img decoding=\"async\" class=\"skip-lazy bwg_standart_thumb_img_0 \"                   data-id=\"209\"                   data-width=\"200.00\"                   data-height=\"112.00\"                   data-src=\"https:\/\/designtoweb.de\/kids\/wp-content\/uploads\/photo-gallery\/chickenjerky\/thumb\/chickenjerky04.png?bwg=1734690805\"                   src=\"https:\/\/designtoweb.de\/kids\/wp-content\/uploads\/photo-gallery\/chickenjerky\/thumb\/chickenjerky04.png?bwg=1734690805\"                   alt=\"chickenjerky04\"                   title=\"chickenjerky04\" \/>            <\/div>            <div class=\"\">                                                      <\/div>          <\/div>        <\/div>                        <\/a>              <\/div>            <div class=\"bwg-item\">        <a class=\"bwg-a  bwg_lightbox\"  data-image-id=\"211\" href=\"https:\/\/designtoweb.de\/kids\/wp-content\/uploads\/photo-gallery\/chickenjerky\/chickenjerky05.png?bwg=1734690805\" data-elementor-open-lightbox=\"no\">                <div class=\"bwg-item0 \">          <div class=\"bwg-item1 \">            <div class=\"bwg-item2\">              <img decoding=\"async\" class=\"skip-lazy bwg_standart_thumb_img_0 \"                   data-id=\"211\"                   data-width=\"200.00\"                   data-height=\"107.00\"                   data-src=\"https:\/\/designtoweb.de\/kids\/wp-content\/uploads\/photo-gallery\/chickenjerky\/thumb\/chickenjerky05.png?bwg=1734690805\"                   src=\"https:\/\/designtoweb.de\/kids\/wp-content\/uploads\/photo-gallery\/chickenjerky\/thumb\/chickenjerky05.png?bwg=1734690805\"                   alt=\"chickenjerky05\"                   title=\"chickenjerky05\" \/>            <\/div>            <div class=\"\">                                                      <\/div>          <\/div>        <\/div>                        <\/a>              <\/div>            <div class=\"bwg-item\">        <a class=\"bwg-a  bwg_lightbox\"  data-image-id=\"213\" href=\"https:\/\/designtoweb.de\/kids\/wp-content\/uploads\/photo-gallery\/chickenjerky\/chickenjerky06.png?bwg=1734690805\" data-elementor-open-lightbox=\"no\">                <div class=\"bwg-item0 \">          <div class=\"bwg-item1 \">            <div class=\"bwg-item2\">              <img decoding=\"async\" class=\"skip-lazy bwg_standart_thumb_img_0 \"                   data-id=\"213\"                   data-width=\"200.00\"                   data-height=\"105.00\"                   data-src=\"https:\/\/designtoweb.de\/kids\/wp-content\/uploads\/photo-gallery\/chickenjerky\/thumb\/chickenjerky06.png?bwg=1734690805\"                   src=\"https:\/\/designtoweb.de\/kids\/wp-content\/uploads\/photo-gallery\/chickenjerky\/thumb\/chickenjerky06.png?bwg=1734690805\"                   alt=\"chickenjerky06\"                   title=\"chickenjerky06\" \/>            <\/div>            <div class=\"\">                                                      <\/div>          <\/div>        <\/div>                        <\/a>              <\/div>            <div class=\"bwg-item\">        <a class=\"bwg-a  bwg_lightbox\"  data-image-id=\"212\" href=\"https:\/\/designtoweb.de\/kids\/wp-content\/uploads\/photo-gallery\/chickenjerky\/chickenjerky07.png?bwg=1734690805\" data-elementor-open-lightbox=\"no\">                <div class=\"bwg-item0 \">          <div class=\"bwg-item1 \">            <div class=\"bwg-item2\">              <img decoding=\"async\" class=\"skip-lazy bwg_standart_thumb_img_0 \"                   data-id=\"212\"                   data-width=\"200.00\"                   data-height=\"111.00\"                   data-src=\"https:\/\/designtoweb.de\/kids\/wp-content\/uploads\/photo-gallery\/chickenjerky\/thumb\/chickenjerky07.png?bwg=1734690805\"                   src=\"https:\/\/designtoweb.de\/kids\/wp-content\/uploads\/photo-gallery\/chickenjerky\/thumb\/chickenjerky07.png?bwg=1734690805\"                   alt=\"chickenjerky07\"                   title=\"chickenjerky07\" \/>            <\/div>            <div class=\"\">                                                      <\/div>          <\/div>        <\/div>                        <\/a>              <\/div>          <\/div>    <style>      \/*pagination styles*\/      #bwg_container1_0 #bwg_container2_0 .tablenav-pages_0 {\t\t\t\ttext-align: center;\t\t\t\tfont-size: 12px;\t\t\t\tfont-family: segoe ui;\t\t\t\tfont-weight: bold;\t\t\t\tcolor: #666666;\t\t\t\tmargin: 6px 0 4px;\t\t\t\tdisplay: block;      }      @media only screen and (max-width : 320px) {      #bwg_container1_0 #bwg_container2_0 .displaying-num_0 {     \t display: none;      }      }      #bwg_container1_0 #bwg_container2_0 .displaying-num_0 {\t\t\t\tfont-size: 12px;\t\t\t\tfont-family: segoe ui;\t\t\t\tfont-weight: bold;\t\t\t\tcolor: #666666;\t\t\t\tmargin-right: 10px;\t\t\t\tvertical-align: middle;      }      #bwg_container1_0 #bwg_container2_0 .paging-input_0 {\t\t\t\tfont-size: 12px;\t\t\t\tfont-family: segoe ui;\t\t\t\tfont-weight: bold;\t\t\t\tcolor: #666666;\t\t\t\tvertical-align: middle;      }      #bwg_container1_0 #bwg_container2_0 .tablenav-pages_0 a.disabled,      #bwg_container1_0 #bwg_container2_0 .tablenav-pages_0 a.disabled:hover,      #bwg_container1_0 #bwg_container2_0 .tablenav-pages_0 a.disabled:focus,\t\t\t#bwg_container1_0 #bwg_container2_0 .tablenav-pages_0 input.bwg_current_page {\t\t\t\tcursor: default;\t\t\t\tcolor: rgba(102, 102, 102, 0.5);      }      #bwg_container1_0 #bwg_container2_0 .tablenav-pages_0 a,      #bwg_container1_0 #bwg_container2_0 .tablenav-pages_0 input.bwg_current_page {\t\t\t\tcursor: pointer;\t\t\t\ttext-align: center;\t\t\t\tfont-size: 12px;\t\t\t\tfont-family: segoe ui;\t\t\t\tfont-weight: bold;\t\t\t\tcolor: #666666;\t\t\t\ttext-decoration: none;\t\t\t\tpadding: 3px 6px;\t\t\t\tmargin: 0;\t\t\t\tborder-radius: 0;\t\t\t\tborder-style: none;\t\t\t\tborder-width: 1px;\t\t\t\tborder-color: #E3E3E3;\t\t\t\t\t\t\t\tbackground-color: rgba(252, 252, 252, 1.00);\t\t\t\tbox-shadow: 0;\t\t\t\ttransition: all 0.3s ease 0s;-webkit-transition: all 0.3s ease 0s;      }      <\/style>      <span class=\"bwg_nav_cont_0\">              <div class=\"tablenav-pages_0\">                  <\/div>                <input type=\"hidden\" id=\"page_number_0\" name=\"page_number_0\" value=\"1\" \/>      <script type=\"text\/javascript\">        if( jQuery('.bwg_nav_cont_0').length > 1 ) {          jQuery('.bwg_nav_cont_0').first().remove()        }        function spider_page_0(cur, x, y, load_more) {          if (typeof load_more == \"undefined\") {            var load_more = false;          }          if (jQuery(cur).hasClass('disabled')) {            return false;          }          var items_county_0 = 1;          switch (y) {            case 1:              if (x >= items_county_0) {                document.getElementById('page_number_0').value = items_county_0;              }              else {                document.getElementById('page_number_0').value = x + 1;              }              break;            case 2:              document.getElementById('page_number_0').value = items_county_0;              break;            case -1:              if (x == 1) {                document.getElementById('page_number_0').value = 1;              }              else {                document.getElementById('page_number_0').value = x - 1;              }              break;            case -2:              document.getElementById('page_number_0').value = 1;              break;\t\t\t\t\t\tcase 0:              document.getElementById('page_number_0').value = x;              break;            default:              document.getElementById('page_number_0').value = 1;          }          bwg_ajax('gal_front_form_0', '0', 'bwg_thumbnails_0', '0', '', 'gallery', 0, '', '', load_more, '', 1);        }                    jQuery('.first-page-0').on('click', function () {              spider_page_0(this, 1, -2, 'numeric');              return false;            });            jQuery('.prev-page-0').on('click', function () {              spider_page_0(this, 1, -1, 'numeric');              return false;            });            jQuery('.next-page-0').on('click', function () {              spider_page_0(this, 1, 1, 'numeric');              return false;            });            jQuery('.last-page-0').on('click', function () {              spider_page_0(this, 1, 2, 'numeric');              return false;            });        \t\t\t\t\/* Change page on input enter. *\/        function bwg_change_page_0( e, that ) {          if (  e.key == 'Enter' ) {            var to_page = parseInt(jQuery(that).val());            var pages_count = jQuery(that).parents(\".pagination-links\").data(\"pages-count\");            var current_url_param = jQuery(that).attr('data-url-info');            if (to_page > pages_count) {              to_page = 1;            }\t \t\t\t\t\t\t\t\t\t\t\t\tspider_page_0(this, to_page, 0, 'numeric');\t\t\t\t\t\t\treturn false;\t\t\t\t\t\t          }          return true;        }        jQuery('.bwg_load_btn_0').on('click', function () {            spider_page_0(this, 1, 1, true);            return false;        });      <\/script>      <\/span>                <\/div>        <\/form>        <style>          #bwg_container1_0 #bwg_container2_0 #spider_popup_overlay_0 {          background-color: #000000;          opacity: 0.70;          }          <\/style>        <div id=\"bwg_spider_popup_loading_0\" class=\"bwg_spider_popup_loading\"><\/div>        <div id=\"spider_popup_overlay_0\" class=\"spider_popup_overlay\" onclick=\"spider_destroypopup(1000)\"><\/div>        <input type=\"hidden\" id=\"bwg_random_seed_0\" value=\"516107986\">                <\/div>    <\/div>    <script>      if (document.readyState === 'complete') {        if( typeof bwg_main_ready == 'function' ) {          if ( jQuery(\"#bwg_container1_0\").height() ) {            bwg_main_ready(jQuery(\"#bwg_container1_0\"));          }        }      } else {        document.addEventListener('DOMContentLoaded', function() {          if( typeof bwg_main_ready == 'function' ) {            if ( jQuery(\"#bwg_container1_0\").height() ) {             bwg_main_ready(jQuery(\"#bwg_container1_0\"));            }          }        });      }    <\/script>    \n<\/div>\n<p>Rezept f\u00fcr getrocknetes H\u00fchnchen mit Zitronenbl\u00e4ttern.<br \/>\nWir lieben es<img loading=\"lazy\" decoding=\"async\" class=\"alignnone wp-image-2779\" src=\"https:\/\/designtoweb.de\/kids\/wp-content\/uploads\/2025\/04\/rockhand02.jpg\" alt=\"\" width=\"30\" height=\"31\" \/><br \/>\nDie richtige Art Chicken Jerky zu machen, besteht darin,<br \/>\nes trocken, s\u00fc\u00df und duftend zu machen. Es kann als<br \/>\nk\u00f6stlicher Snack oder als Geschenk verwendet werden.<\/p>\n<p>Zutaten zum Fleisch kochen:<br \/>\nH\u00e4hnchenbrustfleisch ohne Haut \u2013 3 kg<br \/>\nZitronengras \u2013 75 gr<br \/>\nZwiebel -150 gr<br \/>\nIngwer &#8211; 15gr<br \/>\n5-7 Kafir Limettenbl\u00e4tter<br \/>\n1-2 l Wasser<br \/>\nH\u00e4hnchen-Trockenmarinade Wrap<br \/>\n40 Gramm gek\u00f6rnte H\u00fchnerbr\u00fche<br \/>\n1 geh\u00e4ufter Teel\u00f6ffel Kurkumapulver<br \/>\nNicht scharfes s\u00fc\u00dfes Chili \u2013 100gr<\/p>\n<p>f\u00fcr die So\u00dfe:<br \/>\nSalz (abschmecken)<br \/>\nKnoblauch \u2013 140 gr<br \/>\nSpeise\u00f6l \u2013 4 El<br \/>\nZucker \u2013 150 gr<br \/>\nH\u00fchnerbr\u00fche 150 gr (vom Kochen des Fleisches)<br \/>\nVietnamesisches Chilipulver \u2013 4 El<br \/>\nAusternsauce \u2013 5 El<br \/>\nFischsauce \u2013 2 El<br \/>\nCashew-\u00f6l \u2013 (o.a. Nu\u00df\u00f6l) 3 El<br \/>\nKurkumapulver \u2013 1 El<br \/>\nF\u00fcnf-Gew\u00fcrz-Pulver \u2013 2 Tl<br \/>\n(Sternanispulver, Zimtpulver, Nelkenpulver,<br \/>\nschwarzer Pfefferpulver, Koriandersamenpulver zu gleichen Teilen.)<br \/>\nGemahlener Pfeffer \u2013 2 Tl<br \/>\nKafir Limettenbl\u00e4tter \u2013 8 Stck.<\/p>\n<p>f\u00fcr Topping:<br \/>\nGetrocknete ganze Chili<br \/>\nKafir Limettenbl\u00e4tter fein geschnitten \u2013 5 Stck.<\/p>\n<p>Das Fleisch mit den angegebenen Gew\u00fcrzen f\u00fcr ca. 20 min kochen.<br \/>\nDann in Eiswasser ausk\u00fchlen und danach zerrupfen.<br \/>\nDie So\u00dfe in einer Pfanne mit allen angegebenen Zutaten zubereiten,<br \/>\ngut durchr\u00fchren und dann das Huhn hinzugeben.<br \/>\nGut durchmixen und 20-30 min bei geringer Hitze anbraten.<br \/>\nDanach das Fleisch auf ein Backblech geben, mit dem Topping mischen<br \/>\nund bei Umluft 65 Grad trocknen.<br \/>\nGuten Appetit!<br \/>\n<img loading=\"lazy\" decoding=\"async\" class=\"alignnone wp-image-1332 size-full\" src=\"https:\/\/designtoweb.de\/kids\/wp-content\/uploads\/2022\/09\/rockhand-1.jpg\" alt=\"\" width=\"211\" height=\"50\" \/><\/p>\n","protected":false},"excerpt":{"rendered":"<p>Rezept f\u00fcr getrocknetes H\u00fchnchen mit Zitronenbl\u00e4ttern. Wir lieben es Die richtige Art Chicken Jerky zu machen, besteht darin, es trocken, s\u00fc\u00df und duftend zu machen. Es kann als k\u00f6stlicher Snack oder als Geschenk verwendet werden. Zutaten zum Fleisch kochen: H\u00e4hnchenbrustfleisch ohne Haut \u2013 3 kg Zitronengras \u2013 75 gr Zwiebel -150 gr Ingwer &#8211; 15gr&hellip;&nbsp;<a href=\"https:\/\/designtoweb.de\/kids\/de\/chicken-jerky-vietnam\/\" rel=\"bookmark\">Weiterlesen &raquo;<span class=\"screen-reader-text\">Chicken Jerky Vietnam<\/span><\/a><\/p>\n","protected":false},"author":1,"featured_media":0,"parent":0,"menu_order":0,"comment_status":"closed","ping_status":"closed","template":"","meta":{"neve_meta_sidebar":"","neve_meta_container":"","neve_meta_enable_content_width":"on","neve_meta_content_width":80,"neve_meta_title_alignment":"","neve_meta_author_avatar":"","neve_post_elements_order":"","neve_meta_disable_header":"","neve_meta_disable_footer":"","neve_meta_disable_title":"","footnotes":""},"class_list":["post-2750","page","type-page","status-publish","hentry"],"_links":{"self":[{"href":"https:\/\/designtoweb.de\/kids\/wp-json\/wp\/v2\/pages\/2750","targetHints":{"allow":["GET"]}}],"collection":[{"href":"https:\/\/designtoweb.de\/kids\/wp-json\/wp\/v2\/pages"}],"about":[{"href":"https:\/\/designtoweb.de\/kids\/wp-json\/wp\/v2\/types\/page"}],"author":[{"embeddable":true,"href":"https:\/\/designtoweb.de\/kids\/wp-json\/wp\/v2\/users\/1"}],"replies":[{"embeddable":true,"href":"https:\/\/designtoweb.de\/kids\/wp-json\/wp\/v2\/comments?post=2750"}],"version-history":[{"count":29,"href":"https:\/\/designtoweb.de\/kids\/wp-json\/wp\/v2\/pages\/2750\/revisions"}],"predecessor-version":[{"id":2799,"href":"https:\/\/designtoweb.de\/kids\/wp-json\/wp\/v2\/pages\/2750\/revisions\/2799"}],"wp:attachment":[{"href":"https:\/\/designtoweb.de\/kids\/wp-json\/wp\/v2\/media?parent=2750"}],"curies":[{"name":"wp","href":"https:\/\/api.w.org\/{rel}","templated":true}]}}