{"id":2675,"date":"2024-12-05T09:52:12","date_gmt":"2024-12-05T08:52:12","guid":{"rendered":"https:\/\/designtoweb.de\/kids\/?page_id=2675"},"modified":"2024-12-05T10:24:19","modified_gmt":"2024-12-05T09:24:19","slug":"caribbean-salad-thailand","status":"publish","type":"page","link":"https:\/\/designtoweb.de\/kids\/de\/caribbean-salad-thailand\/","title":{"rendered":"Papaya Salat Thailand"},"content":{"rendered":"<div style=\"position: absolute; height: auto; width: 200px; left: 67%; top: 12%;\"><div class=\"printfriendly pf-button  pf-alignright\">\n                    <a href=\"https:\/\/designtoweb.de\/kids\/de\/caribbean-salad-thailand\/?pfstyle=wp\" rel=\"nofollow\" onclick=\"\" title=\"Printer Friendly, PDF & Email\">\n                    <img decoding=\"async\" class=\"pf-button-img\" src=\"https:\/\/cdn.printfriendly.com\/buttons\/printfriendly-pdf-button.png\" alt=\"Print Friendly, PDF & Email\" style=\"width: 112px;height: 24px;\"  \/>\n                    <\/a>\n                <\/div><\/div>\n<p>ZUTATEN:<\/p>\n<p>    200g gr\u00fcne Papaya<br \/>\n    30g Karotten<br \/>\n    1 Schlangenbohne<br \/>\n    4 Chilis<br \/>\n    6 Thai-Knoblauchzehen (alternativ 2-3 normale Knoblauchzehen)<\/p>\n<div style=\"position: absolute; height: auto; width: 200px; left: 65%; top: 15%;\"><style id=\"bwg-style-0\">    #bwg_container1_0 #bwg_container2_0 .bwg-container-0.bwg-standard-thumbnails {      width: 1084px;              justify-content: flex-end;        margin-left:auto;              background-color: rgba(255, 255, 255, 0.00);            padding-left: 4px;      padding-top: 4px;      max-width: 100%;            }        #bwg_container1_0 #bwg_container2_0 .bwg-container-0.bwg-standard-thumbnails .bwg-item {    justify-content: flex-start;      max-width: 180px;            width: 180px !important;          }    #bwg_container1_0 #bwg_container2_0 .bwg-container-0.bwg-standard-thumbnails .bwg-item a {       margin-right: 4px;       margin-bottom: 4px;    }    #bwg_container1_0 #bwg_container2_0 .bwg-container-0.bwg-standard-thumbnails .bwg-item0 {      padding: 0px;            background-color:rgba(232,232,232, 0.30);      border: 2px solid #FF0505;      opacity: 1.00;      border-radius: 9px;      box-shadow: 0px 0px 0px #888888;    }    #bwg_container1_0 #bwg_container2_0 .bwg-container-0.bwg-standard-thumbnails .bwg-item1 img {      max-height: none;      max-width: none;      padding: 0 !important;    }        @media only screen and (min-width: 480px) {      #bwg_container1_0 #bwg_container2_0 .bwg-container-0.bwg-standard-thumbnails .bwg-item0 {        transition: all 0.3s ease 0s;-webkit-transition: all 0.3s ease 0s;      }      #bwg_container1_0 #bwg_container2_0 .bwg-container-0.bwg-standard-thumbnails .bwg-item0:hover {        -ms-transform: rotate(2deg);        -webkit-transform: rotate(2deg);        transform: rotate(2deg);      }    }          #bwg_container1_0 #bwg_container2_0 .bwg-container-0.bwg-standard-thumbnails .bwg-item1 {      padding-top: 50%;    }        #bwg_container1_0 #bwg_container2_0 .bwg-container-0.bwg-standard-thumbnails .bwg-title2,    #bwg_container1_0 #bwg_container2_0 .bwg-container-0.bwg-standard-thumbnails .bwg-ecommerce2 {      color: #CCCCCC;      font-family: segoe ui;      font-size: 16px;      font-weight: bold;      padding: 5px;      text-shadow: ;      max-height: 100%;    }    #bwg_container1_0 #bwg_container2_0 .bwg-container-0.bwg-standard-thumbnails .bwg-thumb-description span {    color: #323A45;    font-family: Ubuntu;    font-size: 12px;    max-height: 100%;    word-wrap: break-word;    }    #bwg_container1_0 #bwg_container2_0 .bwg-container-0.bwg-standard-thumbnails .bwg-play-icon2 {      font-size: 32px;    }    #bwg_container1_0 #bwg_container2_0 .bwg-container-0.bwg-standard-thumbnails .bwg-ecommerce2 {      font-size: 19.2px;      color: #CCCCCC;    }    <\/style>    <div id=\"bwg_container1_0\"         class=\"bwg_container bwg_thumbnail bwg_thumbnails \"         data-right-click-protection=\"0\"         data-bwg=\"0\"         data-scroll=\"0\"         data-gallery-type=\"thumbnails\"         data-gallery-view-type=\"thumbnails\"         data-current-url=\"\/kids\/wp-json\/wp\/v2\/pages\/2675\"         data-lightbox-url=\"https:\/\/designtoweb.de\/kids\/wp-admin\/admin-ajax.php?action=GalleryBox&#038;current_view=0&#038;gallery_id=32&#038;tag=0&#038;theme_id=3&#038;shortcode_id=105&#038;sort_by=order&#038;order_by=asc&#038;current_url=%2Fkids%2Fwp-json%2Fwp%2Fv2%2Fpages%2F2675\"         data-gallery-id=\"32\"         data-popup-width=\"800\"         data-popup-height=\"500\"         data-is-album=\"gallery\"         data-buttons-position=\"bottom\">      <div id=\"bwg_container2_0\">             <div id=\"ajax_loading_0\" class=\"bwg_loading_div_1\">      <div class=\"bwg_loading_div_2\">        <div class=\"bwg_loading_div_3\">          <div id=\"loading_div_0\" class=\"bwg_spider_ajax_loading\">          <\/div>        <\/div>      <\/div>    <\/div>            <form id=\"gal_front_form_0\"              class=\"bwg-hidden\"              method=\"post\"              action=\"#\"              data-current=\"0\"              data-shortcode-id=\"105\"              data-gallery-type=\"thumbnails\"              data-gallery-id=\"32\"              data-tag=\"0\"              data-album-id=\"0\"              data-theme-id=\"3\"              data-ajax-url=\"https:\/\/designtoweb.de\/kids\/wp-admin\/admin-ajax.php?action=bwg_frontend_data\">          <div id=\"bwg_container3_0\" class=\"bwg-background bwg-background-0\">                <div data-max-count=\"6\"         data-thumbnail-width=\"180\"         data-bwg=\"0\"         data-gallery-id=\"32\"         data-lightbox-url=\"https:\/\/designtoweb.de\/kids\/wp-admin\/admin-ajax.php?action=GalleryBox&amp;current_view=0&amp;gallery_id=32&amp;tag=0&amp;theme_id=3&amp;shortcode_id=105&amp;sort_by=order&amp;order_by=asc&amp;current_url=%2Fkids%2Fwp-json%2Fwp%2Fv2%2Fpages%2F2675\"         id=\"bwg_thumbnails_0\"         class=\"bwg-container-0 bwg-thumbnails bwg-standard-thumbnails bwg-container bwg-border-box\">            <div class=\"bwg-item\">        <a class=\"bwg-a  bwg_lightbox\"  data-image-id=\"184\" href=\"https:\/\/designtoweb.de\/kids\/wp-content\/uploads\/photo-gallery\/caribbeansalad\/papaya01.png?bwg=1733390242\" data-elementor-open-lightbox=\"no\">                <div class=\"bwg-item0 \">          <div class=\"bwg-item1 \">            <div class=\"bwg-item2\">              <img decoding=\"async\" class=\"skip-lazy bwg_standart_thumb_img_0 \"                   data-id=\"184\"                   data-width=\"200.00\"                   data-height=\"117.00\"                   data-src=\"https:\/\/designtoweb.de\/kids\/wp-content\/uploads\/photo-gallery\/caribbeansalad\/thumb\/papaya01.png?bwg=1733390242\"                   src=\"https:\/\/designtoweb.de\/kids\/wp-content\/uploads\/photo-gallery\/caribbeansalad\/thumb\/papaya01.png?bwg=1733390242\"                   alt=\"papaya01\"                   title=\"papaya01\" \/>            <\/div>            <div class=\"\">                                                      <\/div>          <\/div>        <\/div>                        <\/a>              <\/div>            <div class=\"bwg-item\">        <a class=\"bwg-a  bwg_lightbox\"  data-image-id=\"185\" href=\"https:\/\/designtoweb.de\/kids\/wp-content\/uploads\/photo-gallery\/caribbeansalad\/papaya02.png?bwg=1733390242\" data-elementor-open-lightbox=\"no\">                <div class=\"bwg-item0 \">          <div class=\"bwg-item1 \">            <div class=\"bwg-item2\">              <img decoding=\"async\" class=\"skip-lazy bwg_standart_thumb_img_0 \"                   data-id=\"185\"                   data-width=\"200.00\"                   data-height=\"120.00\"                   data-src=\"https:\/\/designtoweb.de\/kids\/wp-content\/uploads\/photo-gallery\/caribbeansalad\/thumb\/papaya02.png?bwg=1733390242\"                   src=\"https:\/\/designtoweb.de\/kids\/wp-content\/uploads\/photo-gallery\/caribbeansalad\/thumb\/papaya02.png?bwg=1733390242\"                   alt=\"papaya02\"                   title=\"papaya02\" \/>            <\/div>            <div class=\"\">                                                      <\/div>          <\/div>        <\/div>                        <\/a>              <\/div>            <div class=\"bwg-item\">        <a class=\"bwg-a  bwg_lightbox\"  data-image-id=\"186\" href=\"https:\/\/designtoweb.de\/kids\/wp-content\/uploads\/photo-gallery\/caribbeansalad\/papaya03.png?bwg=1733390242\" data-elementor-open-lightbox=\"no\">                <div class=\"bwg-item0 \">          <div class=\"bwg-item1 \">            <div class=\"bwg-item2\">              <img decoding=\"async\" class=\"skip-lazy bwg_standart_thumb_img_0 \"                   data-id=\"186\"                   data-width=\"200.00\"                   data-height=\"124.00\"                   data-src=\"https:\/\/designtoweb.de\/kids\/wp-content\/uploads\/photo-gallery\/caribbeansalad\/thumb\/papaya03.png?bwg=1733390242\"                   src=\"https:\/\/designtoweb.de\/kids\/wp-content\/uploads\/photo-gallery\/caribbeansalad\/thumb\/papaya03.png?bwg=1733390242\"                   alt=\"papaya03\"                   title=\"papaya03\" \/>            <\/div>            <div class=\"\">                                                      <\/div>          <\/div>        <\/div>                        <\/a>              <\/div>            <div class=\"bwg-item\">        <a class=\"bwg-a  bwg_lightbox\"  data-image-id=\"188\" href=\"https:\/\/designtoweb.de\/kids\/wp-content\/uploads\/photo-gallery\/caribbeansalad\/papaya04.png?bwg=1733390242\" data-elementor-open-lightbox=\"no\">                <div class=\"bwg-item0 \">          <div class=\"bwg-item1 \">            <div class=\"bwg-item2\">              <img decoding=\"async\" class=\"skip-lazy bwg_standart_thumb_img_0 \"                   data-id=\"188\"                   data-width=\"200.00\"                   data-height=\"123.00\"                   data-src=\"https:\/\/designtoweb.de\/kids\/wp-content\/uploads\/photo-gallery\/caribbeansalad\/thumb\/papaya04.png?bwg=1733390242\"                   src=\"https:\/\/designtoweb.de\/kids\/wp-content\/uploads\/photo-gallery\/caribbeansalad\/thumb\/papaya04.png?bwg=1733390242\"                   alt=\"papaya04\"                   title=\"papaya04\" \/>            <\/div>            <div class=\"\">                                                      <\/div>          <\/div>        <\/div>                        <\/a>              <\/div>            <div class=\"bwg-item\">        <a class=\"bwg-a  bwg_lightbox\"  data-image-id=\"187\" href=\"https:\/\/designtoweb.de\/kids\/wp-content\/uploads\/photo-gallery\/caribbeansalad\/papaya05.png?bwg=1733390242\" data-elementor-open-lightbox=\"no\">                <div class=\"bwg-item0 \">          <div class=\"bwg-item1 \">            <div class=\"bwg-item2\">              <img decoding=\"async\" class=\"skip-lazy bwg_standart_thumb_img_0 \"                   data-id=\"187\"                   data-width=\"200.00\"                   data-height=\"120.00\"                   data-src=\"https:\/\/designtoweb.de\/kids\/wp-content\/uploads\/photo-gallery\/caribbeansalad\/thumb\/papaya05.png?bwg=1733390242\"                   src=\"https:\/\/designtoweb.de\/kids\/wp-content\/uploads\/photo-gallery\/caribbeansalad\/thumb\/papaya05.png?bwg=1733390242\"                   alt=\"papaya05\"                   title=\"papaya05\" \/>            <\/div>            <div class=\"\">                                                      <\/div>          <\/div>        <\/div>                        <\/a>              <\/div>            <div class=\"bwg-item\">        <a class=\"bwg-a  bwg_lightbox\"  data-image-id=\"189\" href=\"https:\/\/designtoweb.de\/kids\/wp-content\/uploads\/photo-gallery\/caribbeansalad\/papaya06.png?bwg=1733390242\" data-elementor-open-lightbox=\"no\">                <div class=\"bwg-item0 \">          <div class=\"bwg-item1 \">            <div class=\"bwg-item2\">              <img decoding=\"async\" class=\"skip-lazy bwg_standart_thumb_img_0 \"                   data-id=\"189\"                   data-width=\"200.00\"                   data-height=\"109.00\"                   data-src=\"https:\/\/designtoweb.de\/kids\/wp-content\/uploads\/photo-gallery\/caribbeansalad\/thumb\/papaya06.png?bwg=1733390242\"                   src=\"https:\/\/designtoweb.de\/kids\/wp-content\/uploads\/photo-gallery\/caribbeansalad\/thumb\/papaya06.png?bwg=1733390242\"                   alt=\"papaya06\"                   title=\"papaya06\" \/>            <\/div>            <div class=\"\">                                                      <\/div>          <\/div>        <\/div>                        <\/a>              <\/div>          <\/div>    <style>      \/*pagination styles*\/      #bwg_container1_0 #bwg_container2_0 .tablenav-pages_0 {\t\t\t\ttext-align: center;\t\t\t\tfont-size: 12px;\t\t\t\tfont-family: segoe ui;\t\t\t\tfont-weight: bold;\t\t\t\tcolor: #666666;\t\t\t\tmargin: 6px 0 4px;\t\t\t\tdisplay: block;      }      @media only screen and (max-width : 320px) {      #bwg_container1_0 #bwg_container2_0 .displaying-num_0 {     \t display: none;      }      }      #bwg_container1_0 #bwg_container2_0 .displaying-num_0 {\t\t\t\tfont-size: 12px;\t\t\t\tfont-family: segoe ui;\t\t\t\tfont-weight: bold;\t\t\t\tcolor: #666666;\t\t\t\tmargin-right: 10px;\t\t\t\tvertical-align: middle;      }      #bwg_container1_0 #bwg_container2_0 .paging-input_0 {\t\t\t\tfont-size: 12px;\t\t\t\tfont-family: segoe ui;\t\t\t\tfont-weight: bold;\t\t\t\tcolor: #666666;\t\t\t\tvertical-align: middle;      }      #bwg_container1_0 #bwg_container2_0 .tablenav-pages_0 a.disabled,      #bwg_container1_0 #bwg_container2_0 .tablenav-pages_0 a.disabled:hover,      #bwg_container1_0 #bwg_container2_0 .tablenav-pages_0 a.disabled:focus,\t\t\t#bwg_container1_0 #bwg_container2_0 .tablenav-pages_0 input.bwg_current_page {\t\t\t\tcursor: default;\t\t\t\tcolor: rgba(102, 102, 102, 0.5);      }      #bwg_container1_0 #bwg_container2_0 .tablenav-pages_0 a,      #bwg_container1_0 #bwg_container2_0 .tablenav-pages_0 input.bwg_current_page {\t\t\t\tcursor: pointer;\t\t\t\ttext-align: center;\t\t\t\tfont-size: 12px;\t\t\t\tfont-family: segoe ui;\t\t\t\tfont-weight: bold;\t\t\t\tcolor: #666666;\t\t\t\ttext-decoration: none;\t\t\t\tpadding: 3px 6px;\t\t\t\tmargin: 0;\t\t\t\tborder-radius: 0;\t\t\t\tborder-style: none;\t\t\t\tborder-width: 1px;\t\t\t\tborder-color: #E3E3E3;\t\t\t\t\t\t\t\tbackground-color: rgba(252, 252, 252, 1.00);\t\t\t\tbox-shadow: 0;\t\t\t\ttransition: all 0.3s ease 0s;-webkit-transition: all 0.3s ease 0s;      }      <\/style>      <span class=\"bwg_nav_cont_0\">              <div class=\"tablenav-pages_0\">                  <\/div>                <input type=\"hidden\" id=\"page_number_0\" name=\"page_number_0\" value=\"1\" \/>      <script type=\"text\/javascript\">        if( jQuery('.bwg_nav_cont_0').length > 1 ) {          jQuery('.bwg_nav_cont_0').first().remove()        }        function spider_page_0(cur, x, y, load_more) {          if (typeof load_more == \"undefined\") {            var load_more = false;          }          if (jQuery(cur).hasClass('disabled')) {            return false;          }          var items_county_0 = 1;          switch (y) {            case 1:              if (x >= items_county_0) {                document.getElementById('page_number_0').value = items_county_0;              }              else {                document.getElementById('page_number_0').value = x + 1;              }              break;            case 2:              document.getElementById('page_number_0').value = items_county_0;              break;            case -1:              if (x == 1) {                document.getElementById('page_number_0').value = 1;              }              else {                document.getElementById('page_number_0').value = x - 1;              }              break;            case -2:              document.getElementById('page_number_0').value = 1;              break;\t\t\t\t\t\tcase 0:              document.getElementById('page_number_0').value = x;              break;            default:              document.getElementById('page_number_0').value = 1;          }          bwg_ajax('gal_front_form_0', '0', 'bwg_thumbnails_0', '0', '', 'gallery', 0, '', '', load_more, '', 1);        }                    jQuery('.first-page-0').on('click', function () {              spider_page_0(this, 1, -2, 'numeric');              return false;            });            jQuery('.prev-page-0').on('click', function () {              spider_page_0(this, 1, -1, 'numeric');              return false;            });            jQuery('.next-page-0').on('click', function () {              spider_page_0(this, 1, 1, 'numeric');              return false;            });            jQuery('.last-page-0').on('click', function () {              spider_page_0(this, 1, 2, 'numeric');              return false;            });        \t\t\t\t\/* Change page on input enter. *\/        function bwg_change_page_0( e, that ) {          if (  e.key == 'Enter' ) {            var to_page = parseInt(jQuery(that).val());            var pages_count = jQuery(that).parents(\".pagination-links\").data(\"pages-count\");            var current_url_param = jQuery(that).attr('data-url-info');            if (to_page > pages_count) {              to_page = 1;            }\t \t\t\t\t\t\t\t\t\t\t\t\tspider_page_0(this, to_page, 0, 'numeric');\t\t\t\t\t\t\treturn false;\t\t\t\t\t\t          }          return true;        }        jQuery('.bwg_load_btn_0').on('click', function () {            spider_page_0(this, 1, 1, true);            return false;        });      <\/script>      <\/span>                <\/div>        <\/form>        <style>          #bwg_container1_0 #bwg_container2_0 #spider_popup_overlay_0 {          background-color: #000000;          opacity: 0.70;          }          <\/style>        <div id=\"bwg_spider_popup_loading_0\" class=\"bwg_spider_popup_loading\"><\/div>        <div id=\"spider_popup_overlay_0\" class=\"spider_popup_overlay\" onclick=\"spider_destroypopup(1000)\"><\/div>        <input type=\"hidden\" id=\"bwg_random_seed_0\" value=\"1527670146\">                <\/div>    <\/div>    <script>      if (document.readyState === 'complete') {        if( typeof bwg_main_ready == 'function' ) {          if ( jQuery(\"#bwg_container1_0\").height() ) {            bwg_main_ready(jQuery(\"#bwg_container1_0\"));          }        }      } else {        document.addEventListener('DOMContentLoaded', function() {          if( typeof bwg_main_ready == 'function' ) {            if ( jQuery(\"#bwg_container1_0\").height() ) {             bwg_main_ready(jQuery(\"#bwg_container1_0\"));            }          }        });      }    <\/script>    <\/div>\n<p>    2 Essl\u00f6ffel ger\u00f6stete Erdn\u00fcsse<br \/>\n    25g getrocknete Shrimps<br \/>\n    3-5 kleine Tomaten<br \/>\n    2 Essl\u00f6ffel Palmzucker (alternativ wei\u00dfer oder brauner Zucker)<br \/>\n    2 Essl\u00f6ffel Fischsauce<br \/>\n    2 Limetten (ca. 2 Essl\u00f6ffel)<\/p>\n<p>Zubereitung:<\/p>\n<p>1. Entferne die Schale der Papaya und der Karotte und wasche danach die Papaya,<br \/>\ndamit sich das Latex entfernt. Schneide die Schlangenbohne in ca. 3cm lange,<br \/>\ndie Tomaten jeweils in 4 und die Limetten in 3 St\u00fccke.<\/p>\n<p>2. Schneide die Papaya und die Karotte in Streifen. Es gibt 2 M\u00f6glichkeiten,<br \/>\ndie Papaya zu schneiden: In Thailand ist es \u00fcblich, mit einem gro\u00dfen, scharfen<br \/>\nMesser der L\u00e4nge nach auf das untere Ende zu klopfen und dann vorsichtig<br \/>\nabzuschneiden. Du kannst aber auch einfach einen normalen Sparsch\u00e4ler verwenden.<br \/>\nIm Video zeigen wir dir beide Techniken.<br \/>\nAnschlie\u00dfend die geschnittenen Papaya- und Karottenst\u00fccke in kaltes Wasser<br \/>\nlegen, damit sie sch\u00f6n knackig werden.<\/p>\n<p>3. Stampfe die Chilis, den Knoblauch und die H\u00e4lfte der getrockneten Shrimps.<br \/>\nGebe die Schlangenbohnen und die H\u00e4lfte der ger\u00f6steten<br \/>\nErdn\u00fcsse dazu und nochmal leicht stampfen.<\/p>\n<p>4. Vermische den Palmzucker mit der Fischsauce in einer gro\u00dfen Sch\u00fcssel,<br \/>\nbis der Palmzucker verschmolzen ist. Dann die gestampften Zutaten<br \/>\n(siehe Schritt 3) dazugeben und vermischen. Nimm die Papayas und Karotten<br \/>\naus dem Wasser (warten, bis das Wasser weg ist, nicht dr\u00fccken), und zusammen<br \/>\nmit Tomaten, ger\u00f6steten Erdn\u00fcsse und getrockneten Shrimps (der Rest) dazugeben<br \/>\nund gut vermischen, damit sich alles sch\u00f6n verbindet. Fertig!<\/p>\n<p>Hinweis: Es gibt 2 Hauptarten von Papaya Salat in Thailand: Som Tam Thai<br \/>\n(normaler Salat) und Som Tam Boo Pla Ra (mit fermentierter Fischsauce).<br \/>\nDas ist ein Som Tam Thai Rezept \u2013 einfach zu kochen und lecker f\u00fcr jeden Geschmack.<\/p>\n<p>Das Sch\u00f6ne am Papaya Salat ist, dass man den Geschmack individuell anpassen kann,<br \/>\nalso einfach mehr oder weniger Palmzucker (s\u00fc\u00df), Fischsauce (salzig),<br \/>\nLimetten (sauer) und Chilis (scharf) verwenden.<\/p>\n<p>Und noch ein Tipp: Solltest du keine gr\u00fcne Papaya finden, kannst du<br \/>\nalternativ auch Kohlrabi nehmen \u2013 schmeckt sehr \u00e4hnlich.<\/p>\n<p>Recipe by @bangkokfieber<\/p>\n","protected":false},"excerpt":{"rendered":"<p>ZUTATEN: 200g gr\u00fcne Papaya 30g Karotten 1 Schlangenbohne 4 Chilis 6 Thai-Knoblauchzehen (alternativ 2-3 normale Knoblauchzehen) 2 Essl\u00f6ffel ger\u00f6stete Erdn\u00fcsse 25g getrocknete Shrimps 3-5 kleine Tomaten 2 Essl\u00f6ffel Palmzucker (alternativ wei\u00dfer oder brauner Zucker) 2 Essl\u00f6ffel Fischsauce 2 Limetten (ca. 2 Essl\u00f6ffel) Zubereitung: 1. Entferne die Schale der Papaya und der Karotte und wasche danach&hellip;&nbsp;<a href=\"https:\/\/designtoweb.de\/kids\/de\/caribbean-salad-thailand\/\" rel=\"bookmark\">Weiterlesen &raquo;<span class=\"screen-reader-text\">Papaya Salat Thailand<\/span><\/a><\/p>\n","protected":false},"author":1,"featured_media":0,"parent":0,"menu_order":0,"comment_status":"closed","ping_status":"closed","template":"","meta":{"neve_meta_sidebar":"","neve_meta_container":"","neve_meta_enable_content_width":"off","neve_meta_content_width":100,"neve_meta_title_alignment":"","neve_meta_author_avatar":"","neve_post_elements_order":"","neve_meta_disable_header":"","neve_meta_disable_footer":"","neve_meta_disable_title":"","footnotes":""},"class_list":["post-2675","page","type-page","status-publish","hentry"],"_links":{"self":[{"href":"https:\/\/designtoweb.de\/kids\/wp-json\/wp\/v2\/pages\/2675","targetHints":{"allow":["GET"]}}],"collection":[{"href":"https:\/\/designtoweb.de\/kids\/wp-json\/wp\/v2\/pages"}],"about":[{"href":"https:\/\/designtoweb.de\/kids\/wp-json\/wp\/v2\/types\/page"}],"author":[{"embeddable":true,"href":"https:\/\/designtoweb.de\/kids\/wp-json\/wp\/v2\/users\/1"}],"replies":[{"embeddable":true,"href":"https:\/\/designtoweb.de\/kids\/wp-json\/wp\/v2\/comments?post=2675"}],"version-history":[{"count":9,"href":"https:\/\/designtoweb.de\/kids\/wp-json\/wp\/v2\/pages\/2675\/revisions"}],"predecessor-version":[{"id":2685,"href":"https:\/\/designtoweb.de\/kids\/wp-json\/wp\/v2\/pages\/2675\/revisions\/2685"}],"wp:attachment":[{"href":"https:\/\/designtoweb.de\/kids\/wp-json\/wp\/v2\/media?parent=2675"}],"curies":[{"name":"wp","href":"https:\/\/api.w.org\/{rel}","templated":true}]}}