{"id":2578,"date":"2024-06-16T19:53:05","date_gmt":"2024-06-16T17:53:05","guid":{"rendered":"https:\/\/designtoweb.de\/kids\/?page_id=2578"},"modified":"2024-06-16T19:56:53","modified_gmt":"2024-06-16T17:56:53","slug":"bbq-rub-von-myron-mixen","status":"publish","type":"page","link":"https:\/\/designtoweb.de\/kids\/de\/bbq-rub-von-myron-mixen\/","title":{"rendered":"BBQ-Rub von Myron Mixen"},"content":{"rendered":"<div style=\"position: absolute; height: auto; width: 200px; left: 67%; top: 12%;\"><div class=\"printfriendly pf-button  pf-alignright\">\n                    <a href=\"https:\/\/designtoweb.de\/kids\/de\/bbq-rub-von-myron-mixen\/?pfstyle=wp\" rel=\"nofollow\" onclick=\"\" title=\"Printer Friendly, PDF & Email\">\n                    <img decoding=\"async\" class=\"pf-button-img\" src=\"https:\/\/cdn.printfriendly.com\/buttons\/printfriendly-pdf-button.png\" alt=\"Print Friendly, PDF & Email\" style=\"width: 112px;height: 24px;\"  \/>\n                    <\/a>\n                <\/div><\/div>\n<p>Diese w\u00fcrzige Trockengew\u00fcrzmischung eignet sich hervorragend f\u00fcr Rind-, Schweine- und Lammfleisch.<br \/>\nNachdem Sie die Gew\u00fcrze gemischt haben, sind sie in einem luftdichten Glas etwa 4 Monate haltbar.<br \/>\nWenn Sie sie verwenden m\u00f6chten, reiben Sie sie einfach in das Fleisch ein, wickeln Sie sie in Plastik ein und stellen Sie sie am Abend vor dem Grillen in den K\u00fchlschrank.<\/p>\n<p><strong>Zutatenliste<\/strong><br \/>\n\u2022 3 Essl\u00f6ffel dunkelbrauner Zucker<a href=\"https:\/\/designtoweb.de\/kids\/wp-content\/uploads\/2022\/09\/rub-2.jpg\"><img loading=\"lazy\" decoding=\"async\" class=\"alignright\" style=\"border-radius: 15px; border: 2px solid #DF0000;\" src=\"https:\/\/designtoweb.de\/kids\/wp-content\/uploads\/2022\/09\/rub-2.jpg\" alt=\"BBQ RUB\" width=\"279\" height=\"280\" \/><\/a><br \/>\n\u2022 2 Essl\u00f6ffel Paprikapulver<br \/>\n\u2022 2 Teel\u00f6ffel Senfpulver<br \/>\n\u2022 2 Teel\u00f6ffel Zwiebelpulver<br \/>\n\u2022 2 Teel\u00f6ffel Knoblauchpulver<br \/>\n\u2022 2 Teel\u00f6ffel getrocknetes Basilikum<br \/>\n\u2022 1 Teel\u00f6ffel gemahlene Lorbeerbl\u00e4tter<br \/>\n\u2022 1 Teel\u00f6ffel gemahlene Koriandersamen<br \/>\n\u2022 1 Teel\u00f6ffel gemahlenes Bohnenkraut<br \/>\n\u2022 1 Teel\u00f6ffel getrockneter Thymian<br \/>\n\u2022 1 Teel\u00f6ffel gemahlener schwarzer Pfeffer<br \/>\n\u2022 1 Teel\u00f6ffel gemahlener wei\u00dfer Pfeffer<br \/>\n\u2022 \u215b Teel\u00f6ffel gemahlener Kreuzk\u00fcmmel<br \/>\n\u2022 Salz nach Geschmack<br \/>\n<strong>Anleitung<\/strong><br \/>\nIn einer kleinen Sch\u00fcssel braunen Zucker, Paprikapulver, Senfpulver, Zwiebelpulver, Knoblauchpulver, Basilikum, Lorbeerbl\u00e4tter, Koriander, Bohnenkraut, Thymian, schwarzen Pfeffer, wei\u00dfen Pfeffer, Kreuzk\u00fcmmel und Salz vermischen. Bis zur Verwendung in einem luftdichten Glas bei Raumtemperatur aufbewahren.<\/p>\n<p><em>Recipe by Myron Mixen<\/em><\/p>\n","protected":false},"excerpt":{"rendered":"<p>Diese w\u00fcrzige Trockengew\u00fcrzmischung eignet sich hervorragend f\u00fcr Rind-, Schweine- und Lammfleisch. Nachdem Sie die Gew\u00fcrze gemischt haben, sind sie in einem luftdichten Glas etwa 4 Monate haltbar. Wenn Sie sie verwenden m\u00f6chten, reiben Sie sie einfach in das Fleisch ein, wickeln Sie sie in Plastik ein und stellen Sie sie am Abend vor dem Grillen&hellip;&nbsp;<a href=\"https:\/\/designtoweb.de\/kids\/de\/bbq-rub-von-myron-mixen\/\" rel=\"bookmark\">Weiterlesen &raquo;<span class=\"screen-reader-text\">BBQ-Rub von Myron Mixen<\/span><\/a><\/p>\n","protected":false},"author":1,"featured_media":0,"parent":0,"menu_order":0,"comment_status":"closed","ping_status":"closed","template":"","meta":{"neve_meta_sidebar":"","neve_meta_container":"","neve_meta_enable_content_width":"on","neve_meta_content_width":70,"neve_meta_title_alignment":"","neve_meta_author_avatar":"","neve_post_elements_order":"","neve_meta_disable_header":"","neve_meta_disable_footer":"","neve_meta_disable_title":"","footnotes":""},"class_list":["post-2578","page","type-page","status-publish","hentry"],"_links":{"self":[{"href":"https:\/\/designtoweb.de\/kids\/wp-json\/wp\/v2\/pages\/2578","targetHints":{"allow":["GET"]}}],"collection":[{"href":"https:\/\/designtoweb.de\/kids\/wp-json\/wp\/v2\/pages"}],"about":[{"href":"https:\/\/designtoweb.de\/kids\/wp-json\/wp\/v2\/types\/page"}],"author":[{"embeddable":true,"href":"https:\/\/designtoweb.de\/kids\/wp-json\/wp\/v2\/users\/1"}],"replies":[{"embeddable":true,"href":"https:\/\/designtoweb.de\/kids\/wp-json\/wp\/v2\/comments?post=2578"}],"version-history":[{"count":3,"href":"https:\/\/designtoweb.de\/kids\/wp-json\/wp\/v2\/pages\/2578\/revisions"}],"predecessor-version":[{"id":2583,"href":"https:\/\/designtoweb.de\/kids\/wp-json\/wp\/v2\/pages\/2578\/revisions\/2583"}],"wp:attachment":[{"href":"https:\/\/designtoweb.de\/kids\/wp-json\/wp\/v2\/media?parent=2578"}],"curies":[{"name":"wp","href":"https:\/\/api.w.org\/{rel}","templated":true}]}}