{"id":2561,"date":"2024-06-16T19:36:37","date_gmt":"2024-06-16T17:36:37","guid":{"rendered":"https:\/\/designtoweb.de\/kids\/?page_id=2561"},"modified":"2024-06-16T19:56:19","modified_gmt":"2024-06-16T17:56:19","slug":"barbecue-sauce-von-myron-mixon","status":"publish","type":"page","link":"https:\/\/designtoweb.de\/kids\/de\/barbecue-sauce-von-myron-mixon\/","title":{"rendered":"Barbecue-Sauce von Myron Mixon"},"content":{"rendered":"<div style=\"position: absolute; height: auto; width: 200px; left: 67%; top: 12%;\"><div class=\"printfriendly pf-button  pf-alignright\">\n                    <a href=\"https:\/\/designtoweb.de\/kids\/de\/barbecue-sauce-von-myron-mixon\/?pfstyle=wp\" rel=\"nofollow\" onclick=\"\" title=\"Printer Friendly, PDF & Email\">\n                    <img decoding=\"async\" class=\"pf-button-img\" src=\"https:\/\/cdn.printfriendly.com\/buttons\/printfriendly-pdf-button.png\" alt=\"Print Friendly, PDF & Email\" style=\"width: 112px;height: 24px;\"  \/>\n                    <\/a>\n                <\/div><\/div>\n<p><em>(f\u00fcnfmaliger Weltmeister im Grillen)<\/em><a href=\"https:\/\/designtoweb.de\/kids\/wp-content\/uploads\/2022\/09\/DSC_1865.jpg\"><img loading=\"lazy\" decoding=\"async\" class=\"alignright wp-image-1019 size-medium\" style=\"border-radius: 15px; border: 2px solid #DF0000;\" src=\"https:\/\/designtoweb.de\/kids\/wp-content\/uploads\/2022\/09\/DSC_1865-300x199.jpg\" alt=\"Herstellung BBQ-Sauce\" width=\"300\" height=\"199\" srcset=\"https:\/\/designtoweb.de\/kids\/wp-content\/uploads\/2022\/09\/DSC_1865-300x199.jpg 300w, https:\/\/designtoweb.de\/kids\/wp-content\/uploads\/2022\/09\/DSC_1865.jpg 744w\" sizes=\"auto, (max-width: 300px) 100vw, 300px\" \/><\/a><\/p>\n<p>Zutaten<br \/>\n\u2022 2 Essl\u00f6ffel Zwiebelpulver<br \/>\n\u2022 2 Essl\u00f6ffel Knoblauchpulver<br \/>\n\u2022 2 Tassen Ketchup<br \/>\n\u2022 2 Essl\u00f6ffel ger\u00e4ucherter s\u00fc\u00dfer Paprika<br \/>\n\u2022 2\/3 Tasse Apfelessig<br \/>\n\u2022 2 Essl\u00f6ffel Worcestersauce<br \/>\n\u2022 1\/4 Tasse dunkelbrauner Zucker<br \/>\n\u2022 2 Essl\u00f6ffel Honig<a href=\"https:\/\/designtoweb.de\/kids\/wp-content\/uploads\/2022\/09\/Ass_Afire_Sauce_1024x1024-3362485509.jpg\"><img loading=\"lazy\" decoding=\"async\" class=\"alignright wp-image-1020\" style=\"border-radius: 15px; border: 2px solid #DF0000;\" src=\"https:\/\/designtoweb.de\/kids\/wp-content\/uploads\/2022\/09\/Ass_Afire_Sauce_1024x1024-3362485509-300x300.jpg\" alt=\"SET YO ASS AFIRE\" width=\"290\" height=\"290\" srcset=\"https:\/\/designtoweb.de\/kids\/wp-content\/uploads\/2022\/09\/Ass_Afire_Sauce_1024x1024-3362485509-300x300.jpg 300w, https:\/\/designtoweb.de\/kids\/wp-content\/uploads\/2022\/09\/Ass_Afire_Sauce_1024x1024-3362485509-150x150.jpg 150w, https:\/\/designtoweb.de\/kids\/wp-content\/uploads\/2022\/09\/Ass_Afire_Sauce_1024x1024-3362485509-768x768.jpg 768w, https:\/\/designtoweb.de\/kids\/wp-content\/uploads\/2022\/09\/Ass_Afire_Sauce_1024x1024-3362485509.jpg 1000w\" sizes=\"auto, (max-width: 290px) 100vw, 290px\" \/><\/a><br \/>\n\u2022 2 Essl\u00f6ffel Ahornsirup<br \/>\n\u2022 2 Essl\u00f6ffel Salz<br \/>\n\u2022 2 Essl\u00f6ffel frisch gemahlener schwarzer Pfeffer<br \/>\n\u2022 2 Essl\u00f6ffel Chilli<br \/>\n\u2022 Ein guter Schuss Wiskey<\/p>\n<p>Vorbereitung<br \/>\nAlle Zutaten in einen Mixer geben und p\u00fcrieren, bis alles gut vermischt ist.<br \/>\nIn einen mittelgro\u00dfen Topf gie\u00dfen und bei mittlerer Hitze kontinuierlich umr\u00fchren,<br \/>\nbis es erhitzt ist. Lassen Sie es nicht kochen. Herausnehmen und hei\u00df verwenden<br \/>\n. Wenn Sie es f\u00fcr eine sp\u00e4tere Verwendung reservieren, lassen Sie die Mischung abk\u00fchlen.<br \/>\nGie\u00dfen Sie es dann in eine gro\u00dfe Flasche oder einen Beh\u00e4lter und lagern Sie es gek\u00fchlt bis zu 1 Jahr.<\/p>\n<p><em>Recipe by Myron Mixen<\/em><\/p>\n","protected":false},"excerpt":{"rendered":"<p>(f\u00fcnfmaliger Weltmeister im Grillen) Zutaten \u2022 2 Essl\u00f6ffel Zwiebelpulver \u2022 2 Essl\u00f6ffel Knoblauchpulver \u2022 2 Tassen Ketchup \u2022 2 Essl\u00f6ffel ger\u00e4ucherter s\u00fc\u00dfer Paprika \u2022 2\/3 Tasse Apfelessig \u2022 2 Essl\u00f6ffel Worcestersauce \u2022 1\/4 Tasse dunkelbrauner Zucker \u2022 2 Essl\u00f6ffel Honig \u2022 2 Essl\u00f6ffel Ahornsirup \u2022 2 Essl\u00f6ffel Salz \u2022 2 Essl\u00f6ffel frisch gemahlener schwarzer Pfeffer&hellip;&nbsp;<a href=\"https:\/\/designtoweb.de\/kids\/de\/barbecue-sauce-von-myron-mixon\/\" rel=\"bookmark\">Weiterlesen &raquo;<span class=\"screen-reader-text\">Barbecue-Sauce von Myron Mixon<\/span><\/a><\/p>\n","protected":false},"author":1,"featured_media":0,"parent":0,"menu_order":0,"comment_status":"closed","ping_status":"closed","template":"","meta":{"neve_meta_sidebar":"","neve_meta_container":"","neve_meta_enable_content_width":"on","neve_meta_content_width":70,"neve_meta_title_alignment":"","neve_meta_author_avatar":"","neve_post_elements_order":"","neve_meta_disable_header":"","neve_meta_disable_footer":"","neve_meta_disable_title":"","footnotes":""},"class_list":["post-2561","page","type-page","status-publish","hentry"],"_links":{"self":[{"href":"https:\/\/designtoweb.de\/kids\/wp-json\/wp\/v2\/pages\/2561","targetHints":{"allow":["GET"]}}],"collection":[{"href":"https:\/\/designtoweb.de\/kids\/wp-json\/wp\/v2\/pages"}],"about":[{"href":"https:\/\/designtoweb.de\/kids\/wp-json\/wp\/v2\/types\/page"}],"author":[{"embeddable":true,"href":"https:\/\/designtoweb.de\/kids\/wp-json\/wp\/v2\/users\/1"}],"replies":[{"embeddable":true,"href":"https:\/\/designtoweb.de\/kids\/wp-json\/wp\/v2\/comments?post=2561"}],"version-history":[{"count":6,"href":"https:\/\/designtoweb.de\/kids\/wp-json\/wp\/v2\/pages\/2561\/revisions"}],"predecessor-version":[{"id":2568,"href":"https:\/\/designtoweb.de\/kids\/wp-json\/wp\/v2\/pages\/2561\/revisions\/2568"}],"wp:attachment":[{"href":"https:\/\/designtoweb.de\/kids\/wp-json\/wp\/v2\/media?parent=2561"}],"curies":[{"name":"wp","href":"https:\/\/api.w.org\/{rel}","templated":true}]}}