{"id":2514,"date":"2024-06-16T12:31:32","date_gmt":"2024-06-16T10:31:32","guid":{"rendered":"https:\/\/designtoweb.de\/kids\/?page_id=2514"},"modified":"2024-06-16T12:53:04","modified_gmt":"2024-06-16T10:53:04","slug":"rote-gruetze-mitr-sago","status":"publish","type":"page","link":"https:\/\/designtoweb.de\/kids\/de\/rote-gruetze-mitr-sago\/","title":{"rendered":"Rote Gr\u00fctze mit Sago"},"content":{"rendered":"<div style=\"position: absolute; height: auto; width: 200px; left: 67%; top: 16%;\"><div class=\"printfriendly pf-button  pf-alignright\">\n                    <a href=\"https:\/\/designtoweb.de\/kids\/de\/rote-gruetze-mitr-sago\/?pfstyle=wp\" rel=\"nofollow\" onclick=\"\" title=\"Printer Friendly, PDF & Email\">\n                    <img decoding=\"async\" class=\"pf-button-img\" src=\"https:\/\/cdn.printfriendly.com\/buttons\/printfriendly-pdf-button.png\" alt=\"Print Friendly, PDF & Email\" style=\"width: 112px;height: 24px;\"  \/>\n                    <\/a>\n                <\/div><\/div>\n<p>Sago ist der Klassiker zum Binden von roter Gr\u00fctze und die Klassiker schmecken am besten oder?<br \/>\nAlso nichts wie ran an die leckere rote Gr\u00fctze mit Sago.<\/p>\n<p><a href=\"https:\/\/designtoweb.de\/kids\/wp-content\/uploads\/2024\/06\/gruetze-scaled.jpg\"><img loading=\"lazy\" decoding=\"async\" class=\"size-medium wp-image-2515 alignleft\"  style=\"border-radius: 15px; border: 2px solid #DF0000;\" src=\"https:\/\/designtoweb.de\/kids\/wp-content\/uploads\/2024\/06\/gruetze-225x300.jpg\" alt=\"\" width=\"225\" height=\"300\" srcset=\"https:\/\/designtoweb.de\/kids\/wp-content\/uploads\/2024\/06\/gruetze-225x300.jpg 225w, https:\/\/designtoweb.de\/kids\/wp-content\/uploads\/2024\/06\/gruetze-768x1024.jpg 768w, https:\/\/designtoweb.de\/kids\/wp-content\/uploads\/2024\/06\/gruetze-1152x1536.jpg 1152w, https:\/\/designtoweb.de\/kids\/wp-content\/uploads\/2024\/06\/gruetze-1536x2048.jpg 1536w, https:\/\/designtoweb.de\/kids\/wp-content\/uploads\/2024\/06\/gruetze-scaled.jpg 1920w\" sizes=\"auto, (max-width: 225px) 100vw, 225px\" \/><\/a><br \/>\nZutaten:<br \/>\n1 Kg Beeren oder Obst<br \/>\n250 ml Fruchtsaft<br \/>\n70 g Sago<br \/>\nZucker oder Honig (selber abschmecken)<br \/>\nZitronenschale<br \/>\n2 Sternanis<br \/>\n2 Nelken<\/p>\n<p>&nbsp;<br \/>\n&nbsp;<\/p>\n<p>&nbsp;<br \/>\nDas Obst bzw. die Beeren und ca. 250 ml Saft oder Wasser mit dem Zucker oder auch Honig kurz aufkochen. Die Fr\u00fcchte abgie\u00dfen, den Fond dabei auffangen. Nun Sago, Sternanis, Zitronenschale und zwei Nelken dazugeben und ca. 20 Min. k\u00f6cheln lassen. Gelegentlich dabei umr\u00fchren. Die Fr\u00fcchte nun wieder dazu geben und einmal aufkochen. Anschlie\u00dfend erkalten lassen.<br \/>\n<img loading=\"lazy\" decoding=\"async\" class=\"alignnone wp-image-1358 size-full\" src=\"https:\/\/designtoweb.de\/kids\/wp-content\/uploads\/2022\/09\/didihand-3.jpg\" alt=\"\" width=\"166\" height=\"70\" \/><\/p>\n","protected":false},"excerpt":{"rendered":"<p>Sago ist der Klassiker zum Binden von roter Gr\u00fctze und die Klassiker schmecken am besten oder? Also nichts wie ran an die leckere rote Gr\u00fctze mit Sago. Zutaten: 1 Kg Beeren oder Obst 250 ml Fruchtsaft 70 g Sago Zucker oder Honig (selber abschmecken) Zitronenschale 2 Sternanis 2 Nelken &nbsp; &nbsp; &nbsp; Das Obst bzw.&hellip;&nbsp;<a href=\"https:\/\/designtoweb.de\/kids\/de\/rote-gruetze-mitr-sago\/\" rel=\"bookmark\">Weiterlesen &raquo;<span class=\"screen-reader-text\">Rote Gr\u00fctze mit Sago<\/span><\/a><\/p>\n","protected":false},"author":1,"featured_media":0,"parent":0,"menu_order":0,"comment_status":"closed","ping_status":"closed","template":"","meta":{"neve_meta_sidebar":"","neve_meta_container":"","neve_meta_enable_content_width":"off","neve_meta_content_width":100,"neve_meta_title_alignment":"","neve_meta_author_avatar":"","neve_post_elements_order":"","neve_meta_disable_header":"","neve_meta_disable_footer":"","neve_meta_disable_title":"","footnotes":""},"class_list":["post-2514","page","type-page","status-publish","hentry"],"_links":{"self":[{"href":"https:\/\/designtoweb.de\/kids\/wp-json\/wp\/v2\/pages\/2514","targetHints":{"allow":["GET"]}}],"collection":[{"href":"https:\/\/designtoweb.de\/kids\/wp-json\/wp\/v2\/pages"}],"about":[{"href":"https:\/\/designtoweb.de\/kids\/wp-json\/wp\/v2\/types\/page"}],"author":[{"embeddable":true,"href":"https:\/\/designtoweb.de\/kids\/wp-json\/wp\/v2\/users\/1"}],"replies":[{"embeddable":true,"href":"https:\/\/designtoweb.de\/kids\/wp-json\/wp\/v2\/comments?post=2514"}],"version-history":[{"count":9,"href":"https:\/\/designtoweb.de\/kids\/wp-json\/wp\/v2\/pages\/2514\/revisions"}],"predecessor-version":[{"id":2533,"href":"https:\/\/designtoweb.de\/kids\/wp-json\/wp\/v2\/pages\/2514\/revisions\/2533"}],"wp:attachment":[{"href":"https:\/\/designtoweb.de\/kids\/wp-json\/wp\/v2\/media?parent=2514"}],"curies":[{"name":"wp","href":"https:\/\/api.w.org\/{rel}","templated":true}]}}