{"id":2375,"date":"2023-08-14T14:10:55","date_gmt":"2023-08-14T12:10:55","guid":{"rendered":"https:\/\/designtoweb.de\/kids\/?page_id=2375"},"modified":"2024-08-04T14:54:30","modified_gmt":"2024-08-04T12:54:30","slug":"gehacktesstippe","status":"publish","type":"page","link":"https:\/\/designtoweb.de\/kids\/de\/gehacktesstippe\/","title":{"rendered":"Gehacktesstippe"},"content":{"rendered":"<div style=\"position: absolute; height: auto; width: 200px; left: 67%; top: 12%;\"><div class=\"printfriendly pf-button  pf-alignright\">\n                    <a href=\"https:\/\/designtoweb.de\/kids\/de\/gehacktesstippe\/?pfstyle=wp\" rel=\"nofollow\" onclick=\"\" title=\"Printer Friendly, PDF & Email\">\n                    <img decoding=\"async\" class=\"pf-button-img\" src=\"https:\/\/cdn.printfriendly.com\/buttons\/printfriendly-pdf-button.png\" alt=\"Print Friendly, PDF & Email\" style=\"width: 112px;height: 24px;\"  \/>\n                    <\/a>\n                <\/div><\/div>\n<p><strong>Zutaten:<\/strong><\/p>\n<div style=\"position: absolute; height: auto; width: 200px; left: 65%; top: 30%;\"><style id=\"bwg-style-0\">    #bwg_container1_0 #bwg_container2_0 .bwg-container-0.bwg-standard-thumbnails {      width: 184px;              justify-content: flex-end;        margin-left:auto;              background-color: rgba(255, 255, 255, 0.00);            padding-left: 4px;      padding-top: 4px;      max-width: 100%;            }        #bwg_container1_0 #bwg_container2_0 .bwg-container-0.bwg-standard-thumbnails .bwg-item {    justify-content: flex-start;      max-width: 180px;            width: 180px !important;          }    #bwg_container1_0 #bwg_container2_0 .bwg-container-0.bwg-standard-thumbnails .bwg-item a {       margin-right: 4px;       margin-bottom: 4px;    }    #bwg_container1_0 #bwg_container2_0 .bwg-container-0.bwg-standard-thumbnails .bwg-item0 {      padding: 0px;            background-color:rgba(232,232,232, 0.30);      border: 2px solid #FF0505;      opacity: 1.00;      border-radius: 9px;      box-shadow: 0px 0px 0px #888888;    }    #bwg_container1_0 #bwg_container2_0 .bwg-container-0.bwg-standard-thumbnails .bwg-item1 img {      max-height: none;      max-width: none;      padding: 0 !important;    }        @media only screen and (min-width: 480px) {      #bwg_container1_0 #bwg_container2_0 .bwg-container-0.bwg-standard-thumbnails .bwg-item0 {        transition: all 0.3s ease 0s;-webkit-transition: all 0.3s ease 0s;      }      #bwg_container1_0 #bwg_container2_0 .bwg-container-0.bwg-standard-thumbnails .bwg-item0:hover {        -ms-transform: rotate(2deg);        -webkit-transform: rotate(2deg);        transform: rotate(2deg);      }    }          #bwg_container1_0 #bwg_container2_0 .bwg-container-0.bwg-standard-thumbnails .bwg-item1 {      padding-top: 50%;    }        #bwg_container1_0 #bwg_container2_0 .bwg-container-0.bwg-standard-thumbnails .bwg-title2,    #bwg_container1_0 #bwg_container2_0 .bwg-container-0.bwg-standard-thumbnails .bwg-ecommerce2 {      color: #CCCCCC;      font-family: segoe ui;      font-size: 16px;      font-weight: bold;      padding: 5px;      text-shadow: ;      max-height: 100%;    }    #bwg_container1_0 #bwg_container2_0 .bwg-container-0.bwg-standard-thumbnails .bwg-thumb-description span {    color: #323A45;    font-family: Ubuntu;    font-size: 12px;    max-height: 100%;    word-wrap: break-word;    }    #bwg_container1_0 #bwg_container2_0 .bwg-container-0.bwg-standard-thumbnails .bwg-play-icon2 {      font-size: 32px;    }    #bwg_container1_0 #bwg_container2_0 .bwg-container-0.bwg-standard-thumbnails .bwg-ecommerce2 {      font-size: 19.2px;      color: #CCCCCC;    }    <\/style>    <div id=\"bwg_container1_0\"         class=\"bwg_container bwg_thumbnail bwg_thumbnails \"         data-right-click-protection=\"0\"         data-bwg=\"0\"         data-scroll=\"0\"         data-gallery-type=\"thumbnails\"         data-gallery-view-type=\"thumbnails\"         data-current-url=\"\/kids\/wp-json\/wp\/v2\/pages\/2375\"         data-lightbox-url=\"https:\/\/designtoweb.de\/kids\/wp-admin\/admin-ajax.php?action=GalleryBox&#038;current_view=0&#038;gallery_id=27&#038;tag=0&#038;theme_id=3&#038;shortcode_id=94&#038;sort_by=order&#038;order_by=asc&#038;current_url=%2Fkids%2Fwp-json%2Fwp%2Fv2%2Fpages%2F2375\"         data-gallery-id=\"27\"         data-popup-width=\"800\"         data-popup-height=\"500\"         data-is-album=\"gallery\"         data-buttons-position=\"bottom\">      <div id=\"bwg_container2_0\">             <div id=\"ajax_loading_0\" class=\"bwg_loading_div_1\">      <div class=\"bwg_loading_div_2\">        <div class=\"bwg_loading_div_3\">          <div id=\"loading_div_0\" class=\"bwg_spider_ajax_loading\">          <\/div>        <\/div>      <\/div>    <\/div>            <form id=\"gal_front_form_0\"              class=\"bwg-hidden\"              method=\"post\"              action=\"#\"              data-current=\"0\"              data-shortcode-id=\"94\"              data-gallery-type=\"thumbnails\"              data-gallery-id=\"27\"              data-tag=\"0\"              data-album-id=\"0\"              data-theme-id=\"3\"              data-ajax-url=\"https:\/\/designtoweb.de\/kids\/wp-admin\/admin-ajax.php?action=bwg_frontend_data\">          <div id=\"bwg_container3_0\" class=\"bwg-background bwg-background-0\">                <div data-max-count=\"1\"         data-thumbnail-width=\"180\"         data-bwg=\"0\"         data-gallery-id=\"27\"         data-lightbox-url=\"https:\/\/designtoweb.de\/kids\/wp-admin\/admin-ajax.php?action=GalleryBox&amp;current_view=0&amp;gallery_id=27&amp;tag=0&amp;theme_id=3&amp;shortcode_id=94&amp;sort_by=order&amp;order_by=asc&amp;current_url=%2Fkids%2Fwp-json%2Fwp%2Fv2%2Fpages%2F2375\"         id=\"bwg_thumbnails_0\"         class=\"bwg-container-0 bwg-thumbnails bwg-standard-thumbnails bwg-container bwg-border-box\">            <div class=\"bwg-item\">        <a class=\"bwg-a  bwg_lightbox\"  data-image-id=\"160\" href=\"https:\/\/designtoweb.de\/kids\/wp-content\/uploads\/photo-gallery\/stippe\/IMG-20230715-WA0013.jpeg?bwg=1692015579\" data-elementor-open-lightbox=\"no\">                <div class=\"bwg-item0 \">          <div class=\"bwg-item1 \">            <div class=\"bwg-item2\">              <img decoding=\"async\" class=\"skip-lazy bwg_standart_thumb_img_0 \"                   data-id=\"160\"                   data-width=\"113.00\"                   data-height=\"200.00\"                   data-src=\"https:\/\/designtoweb.de\/kids\/wp-content\/uploads\/photo-gallery\/stippe\/thumb\/IMG-20230715-WA0013.jpeg?bwg=1692015579\"                   src=\"https:\/\/designtoweb.de\/kids\/wp-content\/uploads\/photo-gallery\/stippe\/thumb\/IMG-20230715-WA0013.jpeg?bwg=1692015579\"                   alt=\"Gehacktesstippe\"                   title=\"Gehacktesstippe\" \/>            <\/div>            <div class=\"\">                                                      <\/div>          <\/div>        <\/div>                        <\/a>              <\/div>          <\/div>    <style>      \/*pagination styles*\/      #bwg_container1_0 #bwg_container2_0 .tablenav-pages_0 {\t\t\t\ttext-align: center;\t\t\t\tfont-size: 12px;\t\t\t\tfont-family: segoe ui;\t\t\t\tfont-weight: bold;\t\t\t\tcolor: #666666;\t\t\t\tmargin: 6px 0 4px;\t\t\t\tdisplay: block;      }      @media only screen and (max-width : 320px) {      #bwg_container1_0 #bwg_container2_0 .displaying-num_0 {     \t display: none;      }      }      #bwg_container1_0 #bwg_container2_0 .displaying-num_0 {\t\t\t\tfont-size: 12px;\t\t\t\tfont-family: segoe ui;\t\t\t\tfont-weight: bold;\t\t\t\tcolor: #666666;\t\t\t\tmargin-right: 10px;\t\t\t\tvertical-align: middle;      }      #bwg_container1_0 #bwg_container2_0 .paging-input_0 {\t\t\t\tfont-size: 12px;\t\t\t\tfont-family: segoe ui;\t\t\t\tfont-weight: bold;\t\t\t\tcolor: #666666;\t\t\t\tvertical-align: middle;      }      #bwg_container1_0 #bwg_container2_0 .tablenav-pages_0 a.disabled,      #bwg_container1_0 #bwg_container2_0 .tablenav-pages_0 a.disabled:hover,      #bwg_container1_0 #bwg_container2_0 .tablenav-pages_0 a.disabled:focus,\t\t\t#bwg_container1_0 #bwg_container2_0 .tablenav-pages_0 input.bwg_current_page {\t\t\t\tcursor: default;\t\t\t\tcolor: rgba(102, 102, 102, 0.5);      }      #bwg_container1_0 #bwg_container2_0 .tablenav-pages_0 a,      #bwg_container1_0 #bwg_container2_0 .tablenav-pages_0 input.bwg_current_page {\t\t\t\tcursor: pointer;\t\t\t\ttext-align: center;\t\t\t\tfont-size: 12px;\t\t\t\tfont-family: segoe ui;\t\t\t\tfont-weight: bold;\t\t\t\tcolor: #666666;\t\t\t\ttext-decoration: none;\t\t\t\tpadding: 3px 6px;\t\t\t\tmargin: 0;\t\t\t\tborder-radius: 0;\t\t\t\tborder-style: none;\t\t\t\tborder-width: 1px;\t\t\t\tborder-color: #E3E3E3;\t\t\t\t\t\t\t\tbackground-color: rgba(252, 252, 252, 1.00);\t\t\t\tbox-shadow: 0;\t\t\t\ttransition: all 0.3s ease 0s;-webkit-transition: all 0.3s ease 0s;      }      <\/style>      <span class=\"bwg_nav_cont_0\">              <div class=\"tablenav-pages_0\">                  <\/div>                <input type=\"hidden\" id=\"page_number_0\" name=\"page_number_0\" value=\"1\" \/>      <script type=\"text\/javascript\">        if( jQuery('.bwg_nav_cont_0').length > 1 ) {          jQuery('.bwg_nav_cont_0').first().remove()        }        function spider_page_0(cur, x, y, load_more) {          if (typeof load_more == \"undefined\") {            var load_more = false;          }          if (jQuery(cur).hasClass('disabled')) {            return false;          }          var items_county_0 = 1;          switch (y) {            case 1:              if (x >= items_county_0) {                document.getElementById('page_number_0').value = items_county_0;              }              else {                document.getElementById('page_number_0').value = x + 1;              }              break;            case 2:              document.getElementById('page_number_0').value = items_county_0;              break;            case -1:              if (x == 1) {                document.getElementById('page_number_0').value = 1;              }              else {                document.getElementById('page_number_0').value = x - 1;              }              break;            case -2:              document.getElementById('page_number_0').value = 1;              break;\t\t\t\t\t\tcase 0:              document.getElementById('page_number_0').value = x;              break;            default:              document.getElementById('page_number_0').value = 1;          }          bwg_ajax('gal_front_form_0', '0', 'bwg_thumbnails_0', '0', '', 'gallery', 0, '', '', load_more, '', 1);        }                    jQuery('.first-page-0').on('click', function () {              spider_page_0(this, 1, -2, 'numeric');              return false;            });            jQuery('.prev-page-0').on('click', function () {              spider_page_0(this, 1, -1, 'numeric');              return false;            });            jQuery('.next-page-0').on('click', function () {              spider_page_0(this, 1, 1, 'numeric');              return false;            });            jQuery('.last-page-0').on('click', function () {              spider_page_0(this, 1, 2, 'numeric');              return false;            });        \t\t\t\t\/* Change page on input enter. *\/        function bwg_change_page_0( e, that ) {          if (  e.key == 'Enter' ) {            var to_page = parseInt(jQuery(that).val());            var pages_count = jQuery(that).parents(\".pagination-links\").data(\"pages-count\");            var current_url_param = jQuery(that).attr('data-url-info');            if (to_page > pages_count) {              to_page = 1;            }\t \t\t\t\t\t\t\t\t\t\t\t\tspider_page_0(this, to_page, 0, 'numeric');\t\t\t\t\t\t\treturn false;\t\t\t\t\t\t          }          return true;        }        jQuery('.bwg_load_btn_0').on('click', function () {            spider_page_0(this, 1, 1, true);            return false;        });      <\/script>      <\/span>                <\/div>        <\/form>        <style>          #bwg_container1_0 #bwg_container2_0 #spider_popup_overlay_0 {          background-color: #000000;          opacity: 0.70;          }          <\/style>        <div id=\"bwg_spider_popup_loading_0\" class=\"bwg_spider_popup_loading\"><\/div>        <div id=\"spider_popup_overlay_0\" class=\"spider_popup_overlay\" onclick=\"spider_destroypopup(1000)\"><\/div>        <input type=\"hidden\" id=\"bwg_random_seed_0\" value=\"234108867\">                <\/div>    <\/div>    <script>      if (document.readyState === 'complete') {        if( typeof bwg_main_ready == 'function' ) {          if ( jQuery(\"#bwg_container1_0\").height() ) {            bwg_main_ready(jQuery(\"#bwg_container1_0\"));          }        }      } else {        document.addEventListener('DOMContentLoaded', function() {          if( typeof bwg_main_ready == 'function' ) {            if ( jQuery(\"#bwg_container1_0\").height() ) {             bwg_main_ready(jQuery(\"#bwg_container1_0\"));            }          }        });      }    <\/script>    <\/div>\n<p>1000 g Gehacktes (halb und halb)<br \/>\n1 Glas Schwartenwurst (Spezialit\u00e4t aus der Magdeburger B\u00f6rde)<br \/>\n2 Zwiebel(n), klein gehackt<br \/>\n4 EL \u00d6l zum Anbraten<br \/>\n3 Knoblauchzehen<br \/>\n1 EL Majoran<br \/>\nPfeffer<br \/>\nSalz<br \/>\nMehl<br \/>\nLiebst\u00f6ckel (Maggikraut)<br \/>\n1\/3 Liter Wasser oder Br\u00fche<br \/>\nSauerkraut mit gehackten M\u00f6hren und Wacholder oder nur Gew\u00fcrzgurken<\/p>\n<p>Das Fleisch mit den Zwiebelw\u00fcrfelchen, dem gehackten Knoblauch und der Schwartenwurst in \u00d6l in einem Topf &#8222;kr\u00fcmelig&#8220; braten. Mit Wasser aufgie\u00dfen und zusammen mit dem Liebst\u00f6ckel k\u00f6cheln lassen (entweder entfernt man den Liebst\u00f6ckel nach einer Weile wieder oder gibt ihn von Anfang an klein gehackt hinzu). Nun etwas Mehl in einer Tasse anr\u00fchren, um sp\u00e4ter Kl\u00fcmpchen zu vermeiden, und an die Gehacktesstippe zum Andicken geben. Mindestens noch 5 Minuten k\u00f6cheln lassen, dabei umr\u00fchren um anbrennen zu vermeiden.<br \/>\nDie Gehacktesstippe hat am Ende eine breiige, bologneseartige Konsistenz \u2013 \u00e4hnlich einer Sauce Bolognese. Mit Salz und Pfeffer abschmecken.<br \/>\nDazu werden normalerweise Salzkartoffeln gereicht, welche mit der Gehacktesstippe &#8222;zerdr\u00fcckt&#8220; werden und Sauerkraut oder nur Gew\u00fcrzgurken.<br \/>\nEs handelt sich hierbei um ein Rezept aus der ehemaligen DDR. Als Kinder waren wir ganz wild darauf, allein schon weil man die Kartoffeln so sch\u00f6n zermatschen durfte! Meine Mutter hat dieses Gericht immer gemacht, wenn Hackfleisch \u00fcbrig war bzw. noch jede Menge Monat am Ende des Geldes da war &#8211; es handelt sich also um ein sehr preiswertes Fleischgericht.<br \/>\n<img loading=\"lazy\" decoding=\"async\" class=\"alignnone size-full wp-image-1330\" src=\"https:\/\/designtoweb.de\/kids\/wp-content\/uploads\/2022\/09\/rockhand.jpg\" alt=\"\" width=\"211\" height=\"50\" \/><\/p>\n","protected":false},"excerpt":{"rendered":"<p>Zutaten: 1000 g Gehacktes (halb und halb) 1 Glas Schwartenwurst (Spezialit\u00e4t aus der Magdeburger B\u00f6rde) 2 Zwiebel(n), klein gehackt 4 EL \u00d6l zum Anbraten 3 Knoblauchzehen 1 EL Majoran Pfeffer Salz Mehl Liebst\u00f6ckel (Maggikraut) 1\/3 Liter Wasser oder Br\u00fche Sauerkraut mit gehackten M\u00f6hren und Wacholder oder nur Gew\u00fcrzgurken Das Fleisch mit den Zwiebelw\u00fcrfelchen, dem gehackten&hellip;&nbsp;<a href=\"https:\/\/designtoweb.de\/kids\/de\/gehacktesstippe\/\" rel=\"bookmark\">Weiterlesen &raquo;<span class=\"screen-reader-text\">Gehacktesstippe<\/span><\/a><\/p>\n","protected":false},"author":1,"featured_media":0,"parent":0,"menu_order":0,"comment_status":"closed","ping_status":"closed","template":"","meta":{"neve_meta_sidebar":"","neve_meta_container":"","neve_meta_enable_content_width":"on","neve_meta_content_width":70,"neve_meta_title_alignment":"","neve_meta_author_avatar":"","neve_post_elements_order":"","neve_meta_disable_header":"","neve_meta_disable_footer":"","neve_meta_disable_title":"","footnotes":""},"class_list":["post-2375","page","type-page","status-publish","hentry"],"_links":{"self":[{"href":"https:\/\/designtoweb.de\/kids\/wp-json\/wp\/v2\/pages\/2375","targetHints":{"allow":["GET"]}}],"collection":[{"href":"https:\/\/designtoweb.de\/kids\/wp-json\/wp\/v2\/pages"}],"about":[{"href":"https:\/\/designtoweb.de\/kids\/wp-json\/wp\/v2\/types\/page"}],"author":[{"embeddable":true,"href":"https:\/\/designtoweb.de\/kids\/wp-json\/wp\/v2\/users\/1"}],"replies":[{"embeddable":true,"href":"https:\/\/designtoweb.de\/kids\/wp-json\/wp\/v2\/comments?post=2375"}],"version-history":[{"count":8,"href":"https:\/\/designtoweb.de\/kids\/wp-json\/wp\/v2\/pages\/2375\/revisions"}],"predecessor-version":[{"id":2610,"href":"https:\/\/designtoweb.de\/kids\/wp-json\/wp\/v2\/pages\/2375\/revisions\/2610"}],"wp:attachment":[{"href":"https:\/\/designtoweb.de\/kids\/wp-json\/wp\/v2\/media?parent=2375"}],"curies":[{"name":"wp","href":"https:\/\/api.w.org\/{rel}","templated":true}]}}