{"id":2316,"date":"2023-04-18T14:43:55","date_gmt":"2023-04-18T12:43:55","guid":{"rendered":"https:\/\/designtoweb.de\/kids\/?page_id=2316"},"modified":"2023-11-06T14:03:04","modified_gmt":"2023-11-06T13:03:04","slug":"hafer-frikadellen","status":"publish","type":"page","link":"https:\/\/designtoweb.de\/kids\/de\/hafer-frikadellen\/","title":{"rendered":"Hafer &#8211; Frikadellen"},"content":{"rendered":"<div style=\"position: absolute; height: auto; width: 200px; left: 67%; top: 12%;\"><div class=\"printfriendly pf-button  pf-alignright\">\n                    <a href=\"https:\/\/designtoweb.de\/kids\/de\/hafer-frikadellen\/?pfstyle=wp\" rel=\"nofollow\" onclick=\"\" title=\"Printer Friendly, PDF & Email\">\n                    <img decoding=\"async\" class=\"pf-button-img\" src=\"https:\/\/cdn.printfriendly.com\/buttons\/printfriendly-pdf-button.png\" alt=\"Print Friendly, PDF & Email\" style=\"width: 112px;height: 24px;\"  \/>\n                    <\/a>\n                <\/div><\/div>\n<p>F\u00fcr das Rezept verwendet man kein Hackfleisch, sondern ausschlie\u00dflich vegetarische Zutaten \u2013 unter anderem<br \/>\nf\u00fcr die Masse Bananen, Haferflocken, K\u00e4se und Zwiebeln. Zum Salat genie\u00dfen oder als Patty f\u00fcr einen Burger verwenden.<br \/>\n<a href=\"https:\/\/designtoweb.de\/kids\/wp-content\/uploads\/2023\/04\/haferfrikadellen.jpg\"><img loading=\"lazy\" decoding=\"async\" class=\"alignright wp-image-2318 size-medium\" src=\"https:\/\/designtoweb.de\/kids\/wp-content\/uploads\/2023\/04\/haferfrikadellen-300x226.jpg\" style=\"border-radius: 15px; border: 2px solid #DF0000;\" alt=\"Hafer - Frikadellen\" width=\"300\" height=\"226\" srcset=\"https:\/\/designtoweb.de\/kids\/wp-content\/uploads\/2023\/04\/haferfrikadellen-300x226.jpg 300w, https:\/\/designtoweb.de\/kids\/wp-content\/uploads\/2023\/04\/haferfrikadellen-768x578.jpg 768w, https:\/\/designtoweb.de\/kids\/wp-content\/uploads\/2023\/04\/haferfrikadellen.jpg 870w\" sizes=\"auto, (max-width: 300px) 100vw, 300px\" \/><\/a><br \/>\nZutaten f\u00fcr vegetarische Frikadellen:<\/p>\n<p>2 rote Zwiebeln<br \/>\n1 Banane<br \/>\n150 ml Milch<br \/>\n2 Eier (M)<br \/>\n2 TL Curry<br \/>\nSalz, Pfeffer aus der M\u00fchle<br \/>\n250 g kernige Haferflocken<br \/>\n150 g geriebenen K\u00e4se (z. B. Gouda)<br \/>\n2 EL Raps\u00f6l<br \/>\nnach Belieben Tomatenketchup zum Servieren<\/p>\n<p>Zubereitung:<br \/>\nZwiebeln abziehen und fein schneiden. Banane scha\u0308len und in einer Schu\u0308ssel mit einer Gabel zerdru\u0308cken.<br \/>\nZwiebeln, Milch, Eier, Curry, 1 TL Salz und 2 Prisen Pfeffer dazu geben und glatt verru\u0308hren.<br \/>\nHaferflocken und Ka\u0308se dazu geben und vermischen, 15 Min. quellen lassen.<br \/>\nAus der Masse mit angefeuchteten Ha\u0308nden 8 Frikadellen formen. Das O\u0308l in einer beschichteten Pfanne erhitzen.<br \/>\nDie Frikadellen fu\u0308r 4 Min. pro Seite goldbraun braten. Herausnehmen und nach Belieben mit Tomatenketchup servieren.<br \/>\n<img loading=\"lazy\" decoding=\"async\" class=\"alignnone wp-image-1332 size-full\" src=\"https:\/\/designtoweb.de\/kids\/wp-content\/uploads\/2022\/09\/rockhand-1.jpg\" alt=\"\" width=\"211\" height=\"50\" \/><\/p>\n","protected":false},"excerpt":{"rendered":"<p>F\u00fcr das Rezept verwendet man kein Hackfleisch, sondern ausschlie\u00dflich vegetarische Zutaten \u2013 unter anderem f\u00fcr die Masse Bananen, Haferflocken, K\u00e4se und Zwiebeln. Zum Salat genie\u00dfen oder als Patty f\u00fcr einen Burger verwenden. Zutaten f\u00fcr vegetarische Frikadellen: 2 rote Zwiebeln 1 Banane 150 ml Milch 2 Eier (M) 2 TL Curry Salz, Pfeffer aus der M\u00fchle&hellip;&nbsp;<a href=\"https:\/\/designtoweb.de\/kids\/de\/hafer-frikadellen\/\" rel=\"bookmark\">Weiterlesen &raquo;<span class=\"screen-reader-text\">Hafer &#8211; Frikadellen<\/span><\/a><\/p>\n","protected":false},"author":1,"featured_media":0,"parent":0,"menu_order":0,"comment_status":"closed","ping_status":"closed","template":"","meta":{"neve_meta_sidebar":"","neve_meta_container":"","neve_meta_enable_content_width":"on","neve_meta_content_width":70,"neve_meta_title_alignment":"","neve_meta_author_avatar":"","neve_post_elements_order":"","neve_meta_disable_header":"","neve_meta_disable_footer":"","neve_meta_disable_title":"","footnotes":""},"class_list":["post-2316","page","type-page","status-publish","hentry"],"_links":{"self":[{"href":"https:\/\/designtoweb.de\/kids\/wp-json\/wp\/v2\/pages\/2316","targetHints":{"allow":["GET"]}}],"collection":[{"href":"https:\/\/designtoweb.de\/kids\/wp-json\/wp\/v2\/pages"}],"about":[{"href":"https:\/\/designtoweb.de\/kids\/wp-json\/wp\/v2\/types\/page"}],"author":[{"embeddable":true,"href":"https:\/\/designtoweb.de\/kids\/wp-json\/wp\/v2\/users\/1"}],"replies":[{"embeddable":true,"href":"https:\/\/designtoweb.de\/kids\/wp-json\/wp\/v2\/comments?post=2316"}],"version-history":[{"count":7,"href":"https:\/\/designtoweb.de\/kids\/wp-json\/wp\/v2\/pages\/2316\/revisions"}],"predecessor-version":[{"id":2333,"href":"https:\/\/designtoweb.de\/kids\/wp-json\/wp\/v2\/pages\/2316\/revisions\/2333"}],"wp:attachment":[{"href":"https:\/\/designtoweb.de\/kids\/wp-json\/wp\/v2\/media?parent=2316"}],"curies":[{"name":"wp","href":"https:\/\/api.w.org\/{rel}","templated":true}]}}