{"id":2295,"date":"2023-04-18T12:46:25","date_gmt":"2023-04-18T10:46:25","guid":{"rendered":"https:\/\/designtoweb.de\/kids\/?page_id=2295"},"modified":"2023-11-06T14:11:35","modified_gmt":"2023-11-06T13:11:35","slug":"haferpizza","status":"publish","type":"page","link":"https:\/\/designtoweb.de\/kids\/de\/haferpizza\/","title":{"rendered":"Haferpizza"},"content":{"rendered":"<div style=\"position: absolute; height: auto; width: 200px; left: 67%; top: 18%;\"><div class=\"printfriendly pf-button  pf-alignright\">\n                    <a href=\"https:\/\/designtoweb.de\/kids\/de\/haferpizza\/?pfstyle=wp\" rel=\"nofollow\" onclick=\"\" title=\"Printer Friendly, PDF & Email\">\n                    <img decoding=\"async\" class=\"pf-button-img\" src=\"https:\/\/cdn.printfriendly.com\/buttons\/printfriendly-pdf-button.png\" alt=\"Print Friendly, PDF & Email\" style=\"width: 112px;height: 24px;\"  \/>\n                    <\/a>\n                <\/div><\/div>\n<p><a href=\"https:\/\/designtoweb.de\/kids\/wp-content\/uploads\/2023\/04\/haferpizza.jpg\"><img loading=\"lazy\" decoding=\"async\" class=\"alignright wp-image-2300 size-medium\" style=\"border-radius: 15px; border: 2px solid #DF0000;\" src=\"https:\/\/designtoweb.de\/kids\/wp-content\/uploads\/2023\/04\/haferpizza-300x226.jpg\" alt=\"Haferpizza\" width=\"300\" height=\"226\" srcset=\"https:\/\/designtoweb.de\/kids\/wp-content\/uploads\/2023\/04\/haferpizza-300x226.jpg 300w, https:\/\/designtoweb.de\/kids\/wp-content\/uploads\/2023\/04\/haferpizza-768x579.jpg 768w, https:\/\/designtoweb.de\/kids\/wp-content\/uploads\/2023\/04\/haferpizza.jpg 869w\" sizes=\"auto, (max-width: 300px) 100vw, 300px\" \/><\/a><br \/>\nEine Pizza, die gleichzeitig lecker und gesund ist?<br \/>\nAnstelle von Mehl werden f\u00fcr den Teig gesunde Haferflocken verwendet.<br \/>\nGuten Appetit!<\/p>\n<p>Zutaten<br \/>\n200 g zarte Haferflocken<br \/>\n200 ml Wasser<br \/>\n2 EL Oliven\u00f6l<br \/>\n1 TL Backpulver<br \/>\neine Prise Salz<br \/>\npassierte Tomaten<br \/>\nfettarmer Streuk\u00e4se<br \/>\nOregano<br \/>\nBelag nach Wahl (Pilze, Zucchini, Mais, Paprika, Putenbrust o.\u00e4.)<\/p>\n<p>Zubereitung<br \/>\nF\u00fcge Wasser, \u00d6l, Backpulver und Salz hinzu und vermenge alles zu einem Teig.<br \/>\nVermenge passierte Tomaten mit Oregano und Salz und nach Belieben weiteren Gew\u00fcrzen und Kr\u00e4utern, um die So\u00dfe herzustellen.<br \/>\nWasche und schneide die gew\u00fcnschten Bel\u00e4ge wie z.B. Paprika.<br \/>\nLege den Pizzateig auf einem Backpapier auf das Backblech und rolle ihn aus. Bestreiche den Teig mit der Tomatenso\u00dfe und belege ihn wie gew\u00fcnscht und Streuk\u00e4se dar\u00fcber.<br \/>\nBacke die Pizza bei 220 Grad Ober-\/Unterhitze f\u00fcr rund 20 Minuten.<\/p>\n<p><img loading=\"lazy\" decoding=\"async\" class=\"alignnone size-full wp-image-1330\" src=\"https:\/\/designtoweb.de\/kids\/wp-content\/uploads\/2022\/09\/rockhand.jpg\" alt=\"\" width=\"211\" height=\"50\" \/><\/p>\n","protected":false},"excerpt":{"rendered":"<p>Eine Pizza, die gleichzeitig lecker und gesund ist? Anstelle von Mehl werden f\u00fcr den Teig gesunde Haferflocken verwendet. Guten Appetit! Zutaten 200 g zarte Haferflocken 200 ml Wasser 2 EL Oliven\u00f6l 1 TL Backpulver eine Prise Salz passierte Tomaten fettarmer Streuk\u00e4se Oregano Belag nach Wahl (Pilze, Zucchini, Mais, Paprika, Putenbrust o.\u00e4.) Zubereitung F\u00fcge Wasser, \u00d6l,&hellip;&nbsp;<a href=\"https:\/\/designtoweb.de\/kids\/de\/haferpizza\/\" rel=\"bookmark\">Weiterlesen &raquo;<span class=\"screen-reader-text\">Haferpizza<\/span><\/a><\/p>\n","protected":false},"author":1,"featured_media":0,"parent":0,"menu_order":0,"comment_status":"closed","ping_status":"closed","template":"","meta":{"neve_meta_sidebar":"","neve_meta_container":"","neve_meta_enable_content_width":"on","neve_meta_content_width":70,"neve_meta_title_alignment":"","neve_meta_author_avatar":"","neve_post_elements_order":"","neve_meta_disable_header":"","neve_meta_disable_footer":"","neve_meta_disable_title":"","footnotes":""},"class_list":["post-2295","page","type-page","status-publish","hentry"],"_links":{"self":[{"href":"https:\/\/designtoweb.de\/kids\/wp-json\/wp\/v2\/pages\/2295","targetHints":{"allow":["GET"]}}],"collection":[{"href":"https:\/\/designtoweb.de\/kids\/wp-json\/wp\/v2\/pages"}],"about":[{"href":"https:\/\/designtoweb.de\/kids\/wp-json\/wp\/v2\/types\/page"}],"author":[{"embeddable":true,"href":"https:\/\/designtoweb.de\/kids\/wp-json\/wp\/v2\/users\/1"}],"replies":[{"embeddable":true,"href":"https:\/\/designtoweb.de\/kids\/wp-json\/wp\/v2\/comments?post=2295"}],"version-history":[{"count":6,"href":"https:\/\/designtoweb.de\/kids\/wp-json\/wp\/v2\/pages\/2295\/revisions"}],"predecessor-version":[{"id":2313,"href":"https:\/\/designtoweb.de\/kids\/wp-json\/wp\/v2\/pages\/2295\/revisions\/2313"}],"wp:attachment":[{"href":"https:\/\/designtoweb.de\/kids\/wp-json\/wp\/v2\/media?parent=2295"}],"curies":[{"name":"wp","href":"https:\/\/api.w.org\/{rel}","templated":true}]}}