{"id":194,"date":"2015-10-02T22:46:16","date_gmt":"2015-10-02T20:46:16","guid":{"rendered":"http:\/\/designtoweb.de\/kids\/?page_id=194"},"modified":"2024-12-05T11:29:14","modified_gmt":"2024-12-05T10:29:14","slug":"start","status":"publish","type":"page","link":"https:\/\/designtoweb.de\/kids\/de\/start\/","title":{"rendered":"Start"},"content":{"rendered":"<h1 style=\"text-align: center;\"><span style=\"color: #ff2800;\"><strong>Gesund Kochen jeden Tag<\/strong><br \/>\n<\/span><\/h1>\n<p style=\"text-align: center;\"><img loading=\"lazy\" decoding=\"async\" class=\"alignnone size-medium\" src=\"https:\/\/designtoweb.de\/kids\/wp-content\/uploads\/2020\/12\/chili.png\" width=\"930\" height=\"300\" \/><\/p>\n<p style=\"text-align: center;\"><span style=\"font-family: Arial,Arial,Helvetica; color: #ff2800;\"><span style=\"font-size: x-large;\"><strong>Gutes Essen soll man geniessen !<\/strong><\/span><\/span><\/p>\n<p style=\"text-align: center;\"><strong>Ern\u00e4hrungsbedingte Krankheiten steigen mit einer alarmierenden Geschwindigkeit.<\/strong><\/p>\n<p style=\"text-align: center;\"><strong>Es war noch nie so wichtig, uns \u00fcber das Essen aufzukl\u00e4ren,<\/strong><\/p>\n<p style=\"text-align: center;\"><strong>woher es kommt und wie dies den K\u00f6rper betrifft.<\/strong><\/p>\n","protected":false},"excerpt":{"rendered":"<p>Gesund Kochen jeden Tag Gutes Essen soll man geniessen ! Ern\u00e4hrungsbedingte Krankheiten steigen mit einer alarmierenden Geschwindigkeit. Es war noch nie so wichtig, uns \u00fcber das Essen aufzukl\u00e4ren, woher es kommt und wie dies den K\u00f6rper betrifft.<\/p>\n","protected":false},"author":1,"featured_media":0,"parent":0,"menu_order":0,"comment_status":"closed","ping_status":"closed","template":"page-templates\/template-pagebuilder-full-width.php","meta":{"neve_meta_sidebar":"","neve_meta_container":"","neve_meta_enable_content_width":"off","neve_meta_content_width":70,"neve_meta_title_alignment":"","neve_meta_author_avatar":"","neve_post_elements_order":"","neve_meta_disable_header":"","neve_meta_disable_footer":"","neve_meta_disable_title":"","footnotes":""},"class_list":["post-194","page","type-page","status-publish","hentry"],"_links":{"self":[{"href":"https:\/\/designtoweb.de\/kids\/wp-json\/wp\/v2\/pages\/194","targetHints":{"allow":["GET"]}}],"collection":[{"href":"https:\/\/designtoweb.de\/kids\/wp-json\/wp\/v2\/pages"}],"about":[{"href":"https:\/\/designtoweb.de\/kids\/wp-json\/wp\/v2\/types\/page"}],"author":[{"embeddable":true,"href":"https:\/\/designtoweb.de\/kids\/wp-json\/wp\/v2\/users\/1"}],"replies":[{"embeddable":true,"href":"https:\/\/designtoweb.de\/kids\/wp-json\/wp\/v2\/comments?post=194"}],"version-history":[{"count":29,"href":"https:\/\/designtoweb.de\/kids\/wp-json\/wp\/v2\/pages\/194\/revisions"}],"predecessor-version":[{"id":2438,"href":"https:\/\/designtoweb.de\/kids\/wp-json\/wp\/v2\/pages\/194\/revisions\/2438"}],"wp:attachment":[{"href":"https:\/\/designtoweb.de\/kids\/wp-json\/wp\/v2\/media?parent=194"}],"curies":[{"name":"wp","href":"https:\/\/api.w.org\/{rel}","templated":true}]}}