{"id":1863,"date":"2023-02-08T08:39:28","date_gmt":"2023-02-08T07:39:28","guid":{"rendered":"https:\/\/designtoweb.de\/kids\/?page_id=1863"},"modified":"2023-11-06T13:04:54","modified_gmt":"2023-11-06T12:04:54","slug":"chili-sin-con-carne","status":"publish","type":"page","link":"https:\/\/designtoweb.de\/kids\/de\/chili-sin-con-carne\/","title":{"rendered":"Chili (sin) con Carne"},"content":{"rendered":"<div style=\"position: absolute; height: auto; width: 200px; left: 67%; top: 12%;\"><div class=\"printfriendly pf-button  pf-alignright\">\n                    <a href=\"https:\/\/designtoweb.de\/kids\/de\/chili-sin-con-carne\/?pfstyle=wp\" rel=\"nofollow\" onclick=\"\" title=\"Printer Friendly, PDF & Email\">\n                    <img decoding=\"async\" class=\"pf-button-img\" src=\"https:\/\/cdn.printfriendly.com\/buttons\/printfriendly-pdf-button.png\" alt=\"Print Friendly, PDF & Email\" style=\"width: 112px;height: 24px;\"  \/>\n                    <\/a>\n                <\/div><\/div>\n<p>Veganes Chili sin Carne mit Reis ist ein einfaches Rezept, dass gesund, pflanzlich, proteinreich, fleischlos<br \/>\nund super lecker ist! Alternativ kann das gleiche Rezept nat\u00fcrlich auch mit echtem Hackfleisch gekocht werden.<\/p>\n<div style=\"position: absolute; height: auto; width: 200px; left: 65%; top: 30%;\">\n<style id=\"bwg-style-0\">    #bwg_container1_0 #bwg_container2_0 .bwg-container-0.bwg-standard-thumbnails {      width: 2164px;              justify-content: flex-end;        margin-left:auto;              background-color: rgba(255, 255, 255, 0.00);            padding-left: 4px;      padding-top: 4px;      max-width: 100%;            }        #bwg_container1_0 #bwg_container2_0 .bwg-container-0.bwg-standard-thumbnails .bwg-item {    justify-content: flex-start;      max-width: 360px;            width: 360px !important;          }    #bwg_container1_0 #bwg_container2_0 .bwg-container-0.bwg-standard-thumbnails .bwg-item a {       margin-right: 4px;       margin-bottom: 4px;    }    #bwg_container1_0 #bwg_container2_0 .bwg-container-0.bwg-standard-thumbnails .bwg-item0 {      padding: 0px;            background-color:rgba(232,232,232, 0.30);      border: 2px solid #FF0505;      opacity: 1.00;      border-radius: 9px;      box-shadow: 0px 0px 0px #888888;    }    #bwg_container1_0 #bwg_container2_0 .bwg-container-0.bwg-standard-thumbnails .bwg-item1 img {      max-height: none;      max-width: none;      padding: 0 !important;    }        @media only screen and (min-width: 480px) {      #bwg_container1_0 #bwg_container2_0 .bwg-container-0.bwg-standard-thumbnails .bwg-item0 {        transition: all 0.3s ease 0s;-webkit-transition: all 0.3s ease 0s;      }      #bwg_container1_0 #bwg_container2_0 .bwg-container-0.bwg-standard-thumbnails .bwg-item0:hover {        -ms-transform: rotate(2deg);        -webkit-transform: rotate(2deg);        transform: rotate(2deg);      }    }          #bwg_container1_0 #bwg_container2_0 .bwg-container-0.bwg-standard-thumbnails .bwg-item1 {      padding-top: 50%;    }        #bwg_container1_0 #bwg_container2_0 .bwg-container-0.bwg-standard-thumbnails .bwg-title1 {      position: absolute;      top: 0;      z-index: 100;      width: 100%;      height: 100%;      display: flex;      justify-content: center;      align-content: center;      flex-direction: column;      opacity: 0;    }\t      #bwg_container1_0 #bwg_container2_0 .bwg-container-0.bwg-standard-thumbnails .bwg-title2,    #bwg_container1_0 #bwg_container2_0 .bwg-container-0.bwg-standard-thumbnails .bwg-ecommerce2 {      color: #FFFFFF;      font-family: segoe ui;      font-size: 16px;      font-weight: bold;      padding: 5px;      text-shadow: ;      max-height: 100%;    }    #bwg_container1_0 #bwg_container2_0 .bwg-container-0.bwg-standard-thumbnails .bwg-thumb-description span {    color: #323A45;    font-family: Ubuntu;    font-size: 12px;    max-height: 100%;    word-wrap: break-word;    }    #bwg_container1_0 #bwg_container2_0 .bwg-container-0.bwg-standard-thumbnails .bwg-play-icon2 {      font-size: 32px;    }    #bwg_container1_0 #bwg_container2_0 .bwg-container-0.bwg-standard-thumbnails .bwg-ecommerce2 {      font-size: 19.2px;      color: #CCCCCC;    }    <\/style>    <div id=\"bwg_container1_0\"         class=\"bwg_container bwg_thumbnail bwg_thumbnails \"         data-right-click-protection=\"0\"         data-bwg=\"0\"         data-scroll=\"0\"         data-gallery-type=\"thumbnails\"         data-gallery-view-type=\"thumbnails\"         data-current-url=\"\/kids\/wp-json\/wp\/v2\/pages\/1863\"         data-lightbox-url=\"https:\/\/designtoweb.de\/kids\/wp-admin\/admin-ajax.php?action=GalleryBox&#038;current_view=0&#038;gallery_id=17&#038;tag=0&#038;theme_id=3&#038;shortcode_id=52&#038;sort_by=order&#038;order_by=asc&#038;current_url=%2Fkids%2Fwp-json%2Fwp%2Fv2%2Fpages%2F1863\"         data-gallery-id=\"17\"         data-popup-width=\"800\"         data-popup-height=\"500\"         data-is-album=\"gallery\"         data-buttons-position=\"bottom\">      <div id=\"bwg_container2_0\">             <div id=\"ajax_loading_0\" class=\"bwg_loading_div_1\">      <div class=\"bwg_loading_div_2\">        <div class=\"bwg_loading_div_3\">          <div id=\"loading_div_0\" class=\"bwg_spider_ajax_loading\">          <\/div>        <\/div>      <\/div>    <\/div>            <form id=\"gal_front_form_0\"              class=\"bwg-hidden\"              method=\"post\"              action=\"#\"              data-current=\"0\"              data-shortcode-id=\"52\"              data-gallery-type=\"thumbnails\"              data-gallery-id=\"17\"              data-tag=\"0\"              data-album-id=\"0\"              data-theme-id=\"3\"              data-ajax-url=\"https:\/\/designtoweb.de\/kids\/wp-admin\/admin-ajax.php?action=bwg_frontend_data\">          <div id=\"bwg_container3_0\" class=\"bwg-background bwg-background-0\">                <div data-max-count=\"6\"         data-thumbnail-width=\"360\"         data-bwg=\"0\"         data-gallery-id=\"17\"         data-lightbox-url=\"https:\/\/designtoweb.de\/kids\/wp-admin\/admin-ajax.php?action=GalleryBox&amp;current_view=0&amp;gallery_id=17&amp;tag=0&amp;theme_id=3&amp;shortcode_id=52&amp;sort_by=order&amp;order_by=asc&amp;current_url=%2Fkids%2Fwp-json%2Fwp%2Fv2%2Fpages%2F1863\"         id=\"bwg_thumbnails_0\"         class=\"bwg-container-0 bwg-thumbnails bwg-standard-thumbnails bwg-container bwg-border-box\">            <div class=\"bwg-item\">        <a class=\"bwg-a  bwg_lightbox\"  data-image-id=\"111\" href=\"https:\/\/designtoweb.de\/kids\/wp-content\/uploads\/photo-gallery\/concarne\/sincarne.jpg?bwg=1675842123\" data-elementor-open-lightbox=\"no\">                <div class=\"bwg-item0 \">          <div class=\"bwg-item1 \">            <div class=\"bwg-item2\">              <img decoding=\"async\" class=\"skip-lazy bwg_standart_thumb_img_0 \"                   data-id=\"111\"                   data-width=\"200.00\"                   data-height=\"134.00\"                   data-src=\"https:\/\/designtoweb.de\/kids\/wp-content\/uploads\/photo-gallery\/concarne\/thumb\/sincarne.jpg?bwg=1675842123\"                   src=\"https:\/\/designtoweb.de\/kids\/wp-content\/uploads\/photo-gallery\/concarne\/thumb\/sincarne.jpg?bwg=1675842123\"                   alt=\"sincarne\"                   title=\"sincarne\" \/>            <\/div>            <div class=\"\">              <div class=\"bwg-title1\"><div class=\"bwg-title2\">sincarne<\/div><\/div>                                        <\/div>          <\/div>        <\/div>                        <\/a>              <\/div>            <div class=\"bwg-item\">        <a class=\"bwg-a  bwg_lightbox\"  data-image-id=\"112\" href=\"https:\/\/designtoweb.de\/kids\/wp-content\/uploads\/photo-gallery\/concarne\/concarne.jpg?bwg=1675842123\" data-elementor-open-lightbox=\"no\">                <div class=\"bwg-item0 \">          <div class=\"bwg-item1 \">            <div class=\"bwg-item2\">              <img decoding=\"async\" class=\"skip-lazy bwg_standart_thumb_img_0 \"                   data-id=\"112\"                   data-width=\"200.00\"                   data-height=\"164.00\"                   data-src=\"https:\/\/designtoweb.de\/kids\/wp-content\/uploads\/photo-gallery\/concarne\/thumb\/concarne.jpg?bwg=1675842123\"                   src=\"https:\/\/designtoweb.de\/kids\/wp-content\/uploads\/photo-gallery\/concarne\/thumb\/concarne.jpg?bwg=1675842123\"                   alt=\"concarne\"                   title=\"concarne\" \/>            <\/div>            <div class=\"\">              <div class=\"bwg-title1\"><div class=\"bwg-title2\">concarne<\/div><\/div>                                        <\/div>          <\/div>        <\/div>                        <\/a>              <\/div>          <\/div>    <style>      \/*pagination styles*\/      #bwg_container1_0 #bwg_container2_0 .tablenav-pages_0 {\t\t\t\ttext-align: center;\t\t\t\tfont-size: 12px;\t\t\t\tfont-family: segoe ui;\t\t\t\tfont-weight: bold;\t\t\t\tcolor: #666666;\t\t\t\tmargin: 6px 0 4px;\t\t\t\tdisplay: block;      }      @media only screen and (max-width : 320px) {      #bwg_container1_0 #bwg_container2_0 .displaying-num_0 {     \t display: none;      }      }      #bwg_container1_0 #bwg_container2_0 .displaying-num_0 {\t\t\t\tfont-size: 12px;\t\t\t\tfont-family: segoe ui;\t\t\t\tfont-weight: bold;\t\t\t\tcolor: #666666;\t\t\t\tmargin-right: 10px;\t\t\t\tvertical-align: middle;      }      #bwg_container1_0 #bwg_container2_0 .paging-input_0 {\t\t\t\tfont-size: 12px;\t\t\t\tfont-family: segoe ui;\t\t\t\tfont-weight: bold;\t\t\t\tcolor: #666666;\t\t\t\tvertical-align: middle;      }      #bwg_container1_0 #bwg_container2_0 .tablenav-pages_0 a.disabled,      #bwg_container1_0 #bwg_container2_0 .tablenav-pages_0 a.disabled:hover,      #bwg_container1_0 #bwg_container2_0 .tablenav-pages_0 a.disabled:focus,\t\t\t#bwg_container1_0 #bwg_container2_0 .tablenav-pages_0 input.bwg_current_page {\t\t\t\tcursor: default;\t\t\t\tcolor: rgba(102, 102, 102, 0.5);      }      #bwg_container1_0 #bwg_container2_0 .tablenav-pages_0 a,      #bwg_container1_0 #bwg_container2_0 .tablenav-pages_0 input.bwg_current_page {\t\t\t\tcursor: pointer;\t\t\t\ttext-align: center;\t\t\t\tfont-size: 12px;\t\t\t\tfont-family: segoe ui;\t\t\t\tfont-weight: bold;\t\t\t\tcolor: #666666;\t\t\t\ttext-decoration: none;\t\t\t\tpadding: 3px 6px;\t\t\t\tmargin: 0;\t\t\t\tborder-radius: 0;\t\t\t\tborder-style: none;\t\t\t\tborder-width: 1px;\t\t\t\tborder-color: #E3E3E3;\t\t\t\t\t\t\t\tbackground-color: rgba(252, 252, 252, 1.00);\t\t\t\tbox-shadow: 0;\t\t\t\ttransition: all 0.3s ease 0s;-webkit-transition: all 0.3s ease 0s;      }      <\/style>      <span class=\"bwg_nav_cont_0\">              <div class=\"tablenav-pages_0\">                  <\/div>                <input type=\"hidden\" id=\"page_number_0\" name=\"page_number_0\" value=\"1\" \/>      <script type=\"text\/javascript\">        if( jQuery('.bwg_nav_cont_0').length > 1 ) {          jQuery('.bwg_nav_cont_0').first().remove()        }        function spider_page_0(cur, x, y, load_more) {          if (typeof load_more == \"undefined\") {            var load_more = false;          }          if (jQuery(cur).hasClass('disabled')) {            return false;          }          var items_county_0 = 1;          switch (y) {            case 1:              if (x >= items_county_0) {                document.getElementById('page_number_0').value = items_county_0;              }              else {                document.getElementById('page_number_0').value = x + 1;              }              break;            case 2:              document.getElementById('page_number_0').value = items_county_0;              break;            case -1:              if (x == 1) {                document.getElementById('page_number_0').value = 1;              }              else {                document.getElementById('page_number_0').value = x - 1;              }              break;            case -2:              document.getElementById('page_number_0').value = 1;              break;\t\t\t\t\t\tcase 0:              document.getElementById('page_number_0').value = x;              break;            default:              document.getElementById('page_number_0').value = 1;          }          bwg_ajax('gal_front_form_0', '0', 'bwg_thumbnails_0', '0', '', 'gallery', 0, '', '', load_more, '', 1);        }                    jQuery('.first-page-0').on('click', function () {              spider_page_0(this, 1, -2, 'numeric');              return false;            });            jQuery('.prev-page-0').on('click', function () {              spider_page_0(this, 1, -1, 'numeric');              return false;            });            jQuery('.next-page-0').on('click', function () {              spider_page_0(this, 1, 1, 'numeric');              return false;            });            jQuery('.last-page-0').on('click', function () {              spider_page_0(this, 1, 2, 'numeric');              return false;            });        \t\t\t\t\/* Change page on input enter. *\/        function bwg_change_page_0( e, that ) {          if (  e.key == 'Enter' ) {            var to_page = parseInt(jQuery(that).val());            var pages_count = jQuery(that).parents(\".pagination-links\").data(\"pages-count\");            var current_url_param = jQuery(that).attr('data-url-info');            if (to_page > pages_count) {              to_page = 1;            }\t \t\t\t\t\t\t\t\t\t\t\t\tspider_page_0(this, to_page, 0, 'numeric');\t\t\t\t\t\t\treturn false;\t\t\t\t\t\t          }          return true;        }        jQuery('.bwg_load_btn_0').on('click', function () {            spider_page_0(this, 1, 1, true);            return false;        });      <\/script>      <\/span>                <\/div>        <\/form>        <style>          #bwg_container1_0 #bwg_container2_0 #spider_popup_overlay_0 {          background-color: #000000;          opacity: 0.70;          }          <\/style>        <div id=\"bwg_spider_popup_loading_0\" class=\"bwg_spider_popup_loading\"><\/div>        <div id=\"spider_popup_overlay_0\" class=\"spider_popup_overlay\" onclick=\"spider_destroypopup(1000)\"><\/div>        <input type=\"hidden\" id=\"bwg_random_seed_0\" value=\"1065870630\">                <\/div>    <\/div>    <script>      if (document.readyState === 'complete') {        if( typeof bwg_main_ready == 'function' ) {          if ( jQuery(\"#bwg_container1_0\").height() ) {            bwg_main_ready(jQuery(\"#bwg_container1_0\"));          }        }      } else {        document.addEventListener('DOMContentLoaded', function() {          if( typeof bwg_main_ready == 'function' ) {            if ( jQuery(\"#bwg_container1_0\").height() ) {             bwg_main_ready(jQuery(\"#bwg_container1_0\"));            }          }        });      }    <\/script>    \n<\/div>\n<p><strong>Zutaten:<\/strong><\/p>\n<p>120 g (veganes, Sojahack) oder Misch &#8211; Hack<br \/>\n2 Zwiebeln<br \/>\n3-4 Knoblauchzehen<br \/>\n2 EL Raps\u00f6l<br \/>\n2 rote Paprikaschoten<br \/>\n1 Dose Kidneybohnen (Abtropfgewicht 255 g)<br \/>\n1 Dose Mais (Abtropfgewicht 150 g)<br \/>\n500 ml passierte Tomaten<br \/>\n2 EL Tomatenmark<br \/>\n100 ml Wasser oder Gem\u00fcsebr\u00fche<br \/>\n150 g Ajvar<br \/>\n1\/2 TL Chiliflocken oder 1 frische Chili<br \/>\n1\/2 TL Zimt<br \/>\n1TL Back- Kakaopulver<br \/>\n1EL smoked Paprikapulver<br \/>\n1TL Kreuzk\u00fcmmel<br \/>\n1TL Salz<br \/>\n1TL Zucker<\/p>\n<p><strong>Zubereitung:<\/strong><\/p>\n<p>Zwiebeln und Knoblauch sch\u00e4len und fein schneiden. Paprika in 0,5 cm gro\u00dfe W\u00fcrfel schneiden. Die Kidneybohnen und den Mais aus der Dose \u00fcber ein Sieb abgie\u00dfen. Beiseite stellen.<br \/>\nDas Raps\u00f6l in einem Topf erhitzen. Zwiebeln und Knoblauch dazugeben und anschwitzen. Jetzt das Tomatenmark, Paprikaw\u00fcrfel, Kreuzk\u00fcmmel, Zimt, smoked Paprika\/ -und Kakaopulver mit hinzugeben. Alles gemeinsam ca. 1-2 Minuten anbraten.<br \/>\nMit den passierten Tomaten, Ajvar und dem Wasser oder Gem\u00fcsebr\u00fche aufgie\u00dfen. Die Kidneybohnen und den Mais mit hinzugeben und mit dem Salz, Chiliflocken und Zucker w\u00fcrzen. Die Mischung einmal aufkochen lassen. Deckel auf den Topf setzen, die Hitze reduzieren und danach ca. 30 Minuten k\u00f6cheln lassen.<br \/>\nVegan: In der Zwischenzeit f\u00fcr das Soja-Hack einen Topf mit Wasser zum Kochen bringen. Ordentlich salzen und einmal aufkochen lassen. Beiseite stellen und f\u00fcnf Minuten quellen lassen. Nun abgie\u00dfen und die \u00fcbersch\u00fcssige Fl\u00fcssigkeit rausdr\u00fccken.<br \/>\nNun das (gegarte Sojahack) Hack mit in den Topf geben und unter das Chili r\u00fchren. Das Ganze nun noch auf kleinster Hitze zusammen etwas durchziehen lassen.<br \/>\nPassende Beilagen sind Reis oder Baguette.<br \/>\n<a href=\"https:\/\/designtoweb.de\/kids\/wp-content\/uploads\/2022\/09\/rockhand.jpg\"><img loading=\"lazy\" decoding=\"async\" class=\"alignnone size-full wp-image-1330\" src=\"https:\/\/designtoweb.de\/kids\/wp-content\/uploads\/2022\/09\/rockhand.jpg\" alt=\"\" width=\"211\" height=\"50\" \/><\/a><\/p>\n","protected":false},"excerpt":{"rendered":"<p>Veganes Chili sin Carne mit Reis ist ein einfaches Rezept, dass gesund, pflanzlich, proteinreich, fleischlos und super lecker ist! Alternativ kann das gleiche Rezept nat\u00fcrlich auch mit echtem Hackfleisch gekocht werden. Zutaten: 120 g (veganes, Sojahack) oder Misch &#8211; Hack 2 Zwiebeln 3-4 Knoblauchzehen 2 EL Raps\u00f6l 2 rote Paprikaschoten 1 Dose Kidneybohnen (Abtropfgewicht 255&hellip;&nbsp;<a href=\"https:\/\/designtoweb.de\/kids\/de\/chili-sin-con-carne\/\" rel=\"bookmark\">Weiterlesen &raquo;<span class=\"screen-reader-text\">Chili (sin) con Carne<\/span><\/a><\/p>\n","protected":false},"author":1,"featured_media":0,"parent":0,"menu_order":0,"comment_status":"closed","ping_status":"closed","template":"","meta":{"neve_meta_sidebar":"","neve_meta_container":"","neve_meta_enable_content_width":"on","neve_meta_content_width":70,"neve_meta_title_alignment":"","neve_meta_author_avatar":"","neve_post_elements_order":"","neve_meta_disable_header":"","neve_meta_disable_footer":"","neve_meta_disable_title":"","footnotes":""},"class_list":["post-1863","page","type-page","status-publish","hentry"],"_links":{"self":[{"href":"https:\/\/designtoweb.de\/kids\/wp-json\/wp\/v2\/pages\/1863","targetHints":{"allow":["GET"]}}],"collection":[{"href":"https:\/\/designtoweb.de\/kids\/wp-json\/wp\/v2\/pages"}],"about":[{"href":"https:\/\/designtoweb.de\/kids\/wp-json\/wp\/v2\/types\/page"}],"author":[{"embeddable":true,"href":"https:\/\/designtoweb.de\/kids\/wp-json\/wp\/v2\/users\/1"}],"replies":[{"embeddable":true,"href":"https:\/\/designtoweb.de\/kids\/wp-json\/wp\/v2\/comments?post=1863"}],"version-history":[{"count":6,"href":"https:\/\/designtoweb.de\/kids\/wp-json\/wp\/v2\/pages\/1863\/revisions"}],"predecessor-version":[{"id":2201,"href":"https:\/\/designtoweb.de\/kids\/wp-json\/wp\/v2\/pages\/1863\/revisions\/2201"}],"wp:attachment":[{"href":"https:\/\/designtoweb.de\/kids\/wp-json\/wp\/v2\/media?parent=1863"}],"curies":[{"name":"wp","href":"https:\/\/api.w.org\/{rel}","templated":true}]}}