{"id":1786,"date":"2023-02-01T11:25:52","date_gmt":"2023-02-01T10:25:52","guid":{"rendered":"https:\/\/designtoweb.de\/kids\/?page_id=1786"},"modified":"2023-11-06T14:04:00","modified_gmt":"2023-11-06T13:04:00","slug":"stroncatura-pasta-kalabrien","status":"publish","type":"page","link":"https:\/\/designtoweb.de\/kids\/de\/stroncatura-pasta-kalabrien\/","title":{"rendered":"Stroncatura &#8211; Pasta Kalabrien"},"content":{"rendered":"<div style=\"position: absolute; height: auto; width: 200px; left: 67%; top: 16%;\"><div class=\"printfriendly pf-button  pf-alignright\">\n                    <a href=\"https:\/\/designtoweb.de\/kids\/de\/stroncatura-pasta-kalabrien\/?pfstyle=wp\" rel=\"nofollow\" onclick=\"\" title=\"Printer Friendly, PDF & Email\">\n                    <img decoding=\"async\" class=\"pf-button-img\" src=\"https:\/\/cdn.printfriendly.com\/buttons\/printfriendly-pdf-button.png\" alt=\"Print Friendly, PDF & Email\" style=\"width: 112px;height: 24px;\"  \/>\n                    <\/a>\n                <\/div><\/div>\n<p>Die Stroncatura war eine Armenspeise. Entsprechend simpel und ohne viel Chichi wurden die Nudeln auch zubereitet. Es gibt mehrere Rezeptvarianten, aber eine der klassischen Zubereitungsweisen der Stroncatura ist die mit Oliven, Peperoncino und Sardellen.<\/p>\n<p>Die Konsumenten &#8211; arme Bauern der Umgebung &#8211; mischten gegen den s\u00e4uerlichen Geschmack einfach eine Extraportion an w\u00fcrzigen So\u00dfen bei und halfen sich auch mit den starken Aromen von Sardinen und Anchovis dar\u00fcber hinweg.<\/p>\n<p>Trotzdem bekam das nicht jedem Magen. Als auff\u00e4llig viele Kranke mit der besonderen Nudelsorte in Verbindung gebracht werden konnten, wurde sie offiziell verboten, das hei\u00dft in Kalabrien: nur noch unettikettiert unter dem Ladentisch angeboten.<\/p>\n<p>Zutaten:<\/p>\n<p>320 gr Vollkornspaghetti (oder Stroncatura-Nudeln)<br \/>\n300 gr frische Tomaten oder aus der Dose<br \/>\n20 gr Sardellen in Oliven\u00f6l<a href=\"https:\/\/designtoweb.de\/kids\/wp-content\/uploads\/2023\/02\/stroncatura02.png\"><img loading=\"lazy\" decoding=\"async\" class=\"size-medium wp-image-1792 alignright\" style=\"border-radius: 15px; border: 2px solid #DF0000;\" src=\"https:\/\/designtoweb.de\/kids\/wp-content\/uploads\/2023\/02\/stroncatura02-300x198.png\" alt=\"\" width=\"300\" height=\"198\" srcset=\"https:\/\/designtoweb.de\/kids\/wp-content\/uploads\/2023\/02\/stroncatura02-300x198.png 300w, https:\/\/designtoweb.de\/kids\/wp-content\/uploads\/2023\/02\/stroncatura02-768x508.png 768w, https:\/\/designtoweb.de\/kids\/wp-content\/uploads\/2023\/02\/stroncatura02.png 823w\" sizes=\"auto, (max-width: 300px) 100vw, 300px\" \/><\/a><br \/>\n30 gr Schwarze Oliven<br \/>\n1-2 EL Kapern in Salz<br \/>\n1 Chilli<br \/>\n60 gr Semmelbr\u00f6sel (60gr)<br \/>\n1 Knoblauchzehe<br \/>\nNatives Oliven\u00f6l extra<br \/>\nSalz<\/p>\n<p>In einer gro\u00dfen Bratpfanne in einem Essl\u00f6ffel nativem Oliven\u00f6l extra bei schwacher Hitze die Sardellen zusammen mit der Knoblauchzehe und der in Scheiben geschnittenen Chilli anbraten.<br \/>\nF\u00fcgen Sie dem Dip die Kapern in Salz hinzu und die grob gehackten schwarzen Oliven und br\u00e4unen Sie sie 1 weitere Minute.<br \/>\n<a href=\"https:\/\/designtoweb.de\/kids\/wp-content\/uploads\/2023\/02\/stroncatura01.png\"><img loading=\"lazy\" decoding=\"async\" class=\"size-medium wp-image-1791 alignright\" style=\"border-radius: 15px; border: 2px solid #DF0000;\" src=\"https:\/\/designtoweb.de\/kids\/wp-content\/uploads\/2023\/02\/stroncatura01-300x200.png\" alt=\"\" width=\"300\" height=\"200\" srcset=\"https:\/\/designtoweb.de\/kids\/wp-content\/uploads\/2023\/02\/stroncatura01-300x200.png 300w, https:\/\/designtoweb.de\/kids\/wp-content\/uploads\/2023\/02\/stroncatura01.png 584w\" sizes=\"auto, (max-width: 300px) 100vw, 300px\" \/><\/a><br \/>\nEventuell die zuvor zubereiteten Tomaten (oder die Tomatenso\u00dfe) dazugeben und bei mittlerer Hitze ca. 10 Minuten garen.<br \/>\nDie Semmelbr\u00f6sel in einer beschichteten Pfanne mit einem Tropfen nativem Oliven\u00f6l extra goldbraun r\u00f6sten.<br \/>\nDie Vollkornspaghetti (oder Stroncatura-Nudeln) in kochendem Wasser kochen und al dente abgie\u00dfen (ein paar Minuten vor der Garzeit auf dem Etikett).<br \/>\nDie Spaghetti in der Pfanne mit der Sauce unter R\u00fchren braten, bis sie gar sind.<\/p>\n<p>Die Spaghetti mit den ger\u00f6steten Semmelbr\u00f6seln bestreut servieren.<\/p>\n<p>Guten Appetit!<br \/>\n<a href=\"https:\/\/designtoweb.de\/kids\/wp-content\/uploads\/2022\/09\/rockhand.jpg\"><img loading=\"lazy\" decoding=\"async\" class=\"alignnone size-full wp-image-1330\" src=\"https:\/\/designtoweb.de\/kids\/wp-content\/uploads\/2022\/09\/rockhand.jpg\" alt=\"\" width=\"211\" height=\"50\" \/><\/a><\/p>\n","protected":false},"excerpt":{"rendered":"<p>Die Stroncatura war eine Armenspeise. Entsprechend simpel und ohne viel Chichi wurden die Nudeln auch zubereitet. Es gibt mehrere Rezeptvarianten, aber eine der klassischen Zubereitungsweisen der Stroncatura ist die mit Oliven, Peperoncino und Sardellen. Die Konsumenten &#8211; arme Bauern der Umgebung &#8211; mischten gegen den s\u00e4uerlichen Geschmack einfach eine Extraportion an w\u00fcrzigen So\u00dfen bei und&hellip;&nbsp;<a href=\"https:\/\/designtoweb.de\/kids\/de\/stroncatura-pasta-kalabrien\/\" rel=\"bookmark\">Weiterlesen &raquo;<span class=\"screen-reader-text\">Stroncatura &#8211; Pasta Kalabrien<\/span><\/a><\/p>\n","protected":false},"author":1,"featured_media":0,"parent":0,"menu_order":0,"comment_status":"closed","ping_status":"closed","template":"","meta":{"neve_meta_sidebar":"","neve_meta_container":"","neve_meta_enable_content_width":"on","neve_meta_content_width":70,"neve_meta_title_alignment":"","neve_meta_author_avatar":"","neve_post_elements_order":"","neve_meta_disable_header":"","neve_meta_disable_footer":"","neve_meta_disable_title":"","footnotes":""},"class_list":["post-1786","page","type-page","status-publish","hentry"],"_links":{"self":[{"href":"https:\/\/designtoweb.de\/kids\/wp-json\/wp\/v2\/pages\/1786","targetHints":{"allow":["GET"]}}],"collection":[{"href":"https:\/\/designtoweb.de\/kids\/wp-json\/wp\/v2\/pages"}],"about":[{"href":"https:\/\/designtoweb.de\/kids\/wp-json\/wp\/v2\/types\/page"}],"author":[{"embeddable":true,"href":"https:\/\/designtoweb.de\/kids\/wp-json\/wp\/v2\/users\/1"}],"replies":[{"embeddable":true,"href":"https:\/\/designtoweb.de\/kids\/wp-json\/wp\/v2\/comments?post=1786"}],"version-history":[{"count":8,"href":"https:\/\/designtoweb.de\/kids\/wp-json\/wp\/v2\/pages\/1786\/revisions"}],"predecessor-version":[{"id":1805,"href":"https:\/\/designtoweb.de\/kids\/wp-json\/wp\/v2\/pages\/1786\/revisions\/1805"}],"wp:attachment":[{"href":"https:\/\/designtoweb.de\/kids\/wp-json\/wp\/v2\/media?parent=1786"}],"curies":[{"name":"wp","href":"https:\/\/api.w.org\/{rel}","templated":true}]}}