{"id":1727,"date":"2023-01-31T12:25:19","date_gmt":"2023-01-31T11:25:19","guid":{"rendered":"https:\/\/designtoweb.de\/kids\/?page_id=1727"},"modified":"2023-11-06T13:05:31","modified_gmt":"2023-11-06T12:05:31","slug":"schlesischer-weihnachtseintopf","status":"publish","type":"page","link":"https:\/\/designtoweb.de\/kids\/de\/schlesischer-weihnachtseintopf\/","title":{"rendered":"Schlesischer Weihnachtseintopf"},"content":{"rendered":"<div style=\"position: absolute; height: auto; width: 200px; left: 67%; top: 16%;\"><div class=\"printfriendly pf-button  pf-alignright\">\n                    <a href=\"https:\/\/designtoweb.de\/kids\/de\/schlesischer-weihnachtseintopf\/?pfstyle=wp\" rel=\"nofollow\" onclick=\"\" title=\"Printer Friendly, PDF & Email\">\n                    <img decoding=\"async\" class=\"pf-button-img\" src=\"https:\/\/cdn.printfriendly.com\/buttons\/printfriendly-pdf-button.png\" alt=\"Print Friendly, PDF & Email\" style=\"width: 112px;height: 24px;\"  \/>\n                    <\/a>\n                <\/div><\/div>\n<p>Ich nenne dieses Gericht Schlesischen Weihnachtseintopf oder Suppe, weil meine Mutter das Rezept<br \/>\naus Schlesien mitbrachte und dieses Familienrezept bis heute nur einmal zu Weihnachten bei uns gekocht wird.<br \/>\nSo k\u00f6nnen wir uns das ganze Jahr auf dieses unglaublich schmackhafte Gericht freuen.<\/p>\n<div style=\"position: absolute; height: auto; width: 200px; left: 65%; top: 30%;\">\n<style id=\"bwg-style-0\">    #bwg_container1_0 #bwg_container2_0 .bwg-container-0.bwg-standard-thumbnails {      width: 184px;              justify-content: flex-end;        margin-left:auto;              background-color: rgba(255, 255, 255, 0.00);            padding-left: 4px;      padding-top: 4px;      max-width: 100%;            }        #bwg_container1_0 #bwg_container2_0 .bwg-container-0.bwg-standard-thumbnails .bwg-item {    justify-content: flex-start;      max-width: 180px;            width: 180px !important;          }    #bwg_container1_0 #bwg_container2_0 .bwg-container-0.bwg-standard-thumbnails .bwg-item a {       margin-right: 4px;       margin-bottom: 4px;    }    #bwg_container1_0 #bwg_container2_0 .bwg-container-0.bwg-standard-thumbnails .bwg-item0 {      padding: 0px;            background-color:rgba(232,232,232, 0.30);      border: 2px solid #FF0505;      opacity: 1.00;      border-radius: 9px;      box-shadow: 0px 0px 0px #888888;    }    #bwg_container1_0 #bwg_container2_0 .bwg-container-0.bwg-standard-thumbnails .bwg-item1 img {      max-height: none;      max-width: none;      padding: 0 !important;    }        @media only screen and (min-width: 480px) {      #bwg_container1_0 #bwg_container2_0 .bwg-container-0.bwg-standard-thumbnails .bwg-item0 {        transition: all 0.3s ease 0s;-webkit-transition: all 0.3s ease 0s;      }      #bwg_container1_0 #bwg_container2_0 .bwg-container-0.bwg-standard-thumbnails .bwg-item0:hover {        -ms-transform: rotate(2deg);        -webkit-transform: rotate(2deg);        transform: rotate(2deg);      }    }          #bwg_container1_0 #bwg_container2_0 .bwg-container-0.bwg-standard-thumbnails .bwg-item1 {      padding-top: 50%;    }        #bwg_container1_0 #bwg_container2_0 .bwg-container-0.bwg-standard-thumbnails .bwg-title1 {      position: absolute;      top: 0;      z-index: 100;      width: 100%;      height: 100%;      display: flex;      justify-content: center;      align-content: center;      flex-direction: column;      opacity: 0;    }\t      #bwg_container1_0 #bwg_container2_0 .bwg-container-0.bwg-standard-thumbnails .bwg-title2,    #bwg_container1_0 #bwg_container2_0 .bwg-container-0.bwg-standard-thumbnails .bwg-ecommerce2 {      color: #FFFFFF;      font-family: segoe ui;      font-size: 16px;      font-weight: bold;      padding: 5px;      text-shadow: ;      max-height: 100%;    }    #bwg_container1_0 #bwg_container2_0 .bwg-container-0.bwg-standard-thumbnails .bwg-thumb-description span {    color: #323A45;    font-family: Ubuntu;    font-size: 12px;    max-height: 100%;    word-wrap: break-word;    }    #bwg_container1_0 #bwg_container2_0 .bwg-container-0.bwg-standard-thumbnails .bwg-play-icon2 {      font-size: 32px;    }    #bwg_container1_0 #bwg_container2_0 .bwg-container-0.bwg-standard-thumbnails .bwg-ecommerce2 {      font-size: 19.2px;      color: #CCCCCC;    }    <\/style>    <div id=\"bwg_container1_0\"         class=\"bwg_container bwg_thumbnail bwg_thumbnails \"         data-right-click-protection=\"0\"         data-bwg=\"0\"         data-scroll=\"0\"         data-gallery-type=\"thumbnails\"         data-gallery-view-type=\"thumbnails\"         data-current-url=\"\/kids\/wp-json\/wp\/v2\/pages\/1727\"         data-lightbox-url=\"https:\/\/designtoweb.de\/kids\/wp-admin\/admin-ajax.php?action=GalleryBox&#038;current_view=0&#038;gallery_id=15&#038;tag=0&#038;theme_id=3&#038;shortcode_id=48&#038;sort_by=order&#038;order_by=asc&#038;current_url=%2Fkids%2Fwp-json%2Fwp%2Fv2%2Fpages%2F1727\"         data-gallery-id=\"15\"         data-popup-width=\"800\"         data-popup-height=\"500\"         data-is-album=\"gallery\"         data-buttons-position=\"bottom\">      <div id=\"bwg_container2_0\">             <div id=\"ajax_loading_0\" class=\"bwg_loading_div_1\">      <div class=\"bwg_loading_div_2\">        <div class=\"bwg_loading_div_3\">          <div id=\"loading_div_0\" class=\"bwg_spider_ajax_loading\">          <\/div>        <\/div>      <\/div>    <\/div>            <form id=\"gal_front_form_0\"              class=\"bwg-hidden\"              method=\"post\"              action=\"#\"              data-current=\"0\"              data-shortcode-id=\"48\"              data-gallery-type=\"thumbnails\"              data-gallery-id=\"15\"              data-tag=\"0\"              data-album-id=\"0\"              data-theme-id=\"3\"              data-ajax-url=\"https:\/\/designtoweb.de\/kids\/wp-admin\/admin-ajax.php?action=bwg_frontend_data\">          <div id=\"bwg_container3_0\" class=\"bwg-background bwg-background-0\">                <div data-max-count=\"1\"         data-thumbnail-width=\"180\"         data-bwg=\"0\"         data-gallery-id=\"15\"         data-lightbox-url=\"https:\/\/designtoweb.de\/kids\/wp-admin\/admin-ajax.php?action=GalleryBox&amp;current_view=0&amp;gallery_id=15&amp;tag=0&amp;theme_id=3&amp;shortcode_id=48&amp;sort_by=order&amp;order_by=asc&amp;current_url=%2Fkids%2Fwp-json%2Fwp%2Fv2%2Fpages%2F1727\"         id=\"bwg_thumbnails_0\"         class=\"bwg-container-0 bwg-thumbnails bwg-standard-thumbnails bwg-container bwg-border-box\">            <div class=\"bwg-item\">        <a class=\"bwg-a  bwg_lightbox\"  data-image-id=\"103\" href=\"https:\/\/designtoweb.de\/kids\/wp-content\/uploads\/photo-gallery\/schlesischesuppe\/IMG-20221227-WA0000.jpg?bwg=1675166839\" data-elementor-open-lightbox=\"no\">                <div class=\"bwg-item0 \">          <div class=\"bwg-item1 \">            <div class=\"bwg-item2\">              <img decoding=\"async\" class=\"skip-lazy bwg_standart_thumb_img_0 \"                   data-id=\"103\"                   data-width=\"150.00\"                   data-height=\"200.00\"                   data-src=\"https:\/\/designtoweb.de\/kids\/wp-content\/uploads\/photo-gallery\/schlesischesuppe\/thumb\/IMG-20221227-WA0000.jpg?bwg=1675166839\"                   src=\"https:\/\/designtoweb.de\/kids\/wp-content\/uploads\/photo-gallery\/schlesischesuppe\/thumb\/IMG-20221227-WA0000.jpg?bwg=1675166839\"                   alt=\"Schlesische Weihnachtssuppe\"                   title=\"Schlesische Weihnachtssuppe\" \/>            <\/div>            <div class=\"\">              <div class=\"bwg-title1\"><div class=\"bwg-title2\">Schlesische Weihnachtssuppe<\/div><\/div>                                        <\/div>          <\/div>        <\/div>                        <\/a>              <\/div>            <div class=\"bwg-item\">        <a class=\"bwg-a  bwg_lightbox\"  data-image-id=\"104\" href=\"https:\/\/designtoweb.de\/kids\/wp-content\/uploads\/photo-gallery\/schlesischesuppe\/IMG-20221227-WA0002.jpg?bwg=1675166839\" data-elementor-open-lightbox=\"no\">                <div class=\"bwg-item0 \">          <div class=\"bwg-item1 \">            <div class=\"bwg-item2\">              <img decoding=\"async\" class=\"skip-lazy bwg_standart_thumb_img_0 \"                   data-id=\"104\"                   data-width=\"150.00\"                   data-height=\"200.00\"                   data-src=\"https:\/\/designtoweb.de\/kids\/wp-content\/uploads\/photo-gallery\/schlesischesuppe\/thumb\/IMG-20221227-WA0002.jpg?bwg=1675166839\"                   src=\"https:\/\/designtoweb.de\/kids\/wp-content\/uploads\/photo-gallery\/schlesischesuppe\/thumb\/IMG-20221227-WA0002.jpg?bwg=1675166839\"                   alt=\"Schlesische Weihnachtssuppe\"                   title=\"Schlesische Weihnachtssuppe\" \/>            <\/div>            <div class=\"\">              <div class=\"bwg-title1\"><div class=\"bwg-title2\">Schlesische Weihnachtssuppe<\/div><\/div>                                        <\/div>          <\/div>        <\/div>                        <\/a>              <\/div>            <div class=\"bwg-item\">        <a class=\"bwg-a  bwg_lightbox\"  data-image-id=\"105\" href=\"https:\/\/designtoweb.de\/kids\/wp-content\/uploads\/photo-gallery\/schlesischesuppe\/IMG-20221227-WA0001-2.jpg?bwg=1675166839\" data-elementor-open-lightbox=\"no\">                <div class=\"bwg-item0 \">          <div class=\"bwg-item1 \">            <div class=\"bwg-item2\">              <img decoding=\"async\" class=\"skip-lazy bwg_standart_thumb_img_0 \"                   data-id=\"105\"                   data-width=\"130.00\"                   data-height=\"200.00\"                   data-src=\"https:\/\/designtoweb.de\/kids\/wp-content\/uploads\/photo-gallery\/schlesischesuppe\/thumb\/IMG-20221227-WA0001-2.jpg?bwg=1675166839\"                   src=\"https:\/\/designtoweb.de\/kids\/wp-content\/uploads\/photo-gallery\/schlesischesuppe\/thumb\/IMG-20221227-WA0001-2.jpg?bwg=1675166839\"                   alt=\"Schlesische Weihnachtssuppe\"                   title=\"Schlesische Weihnachtssuppe\" \/>            <\/div>            <div class=\"\">              <div class=\"bwg-title1\"><div class=\"bwg-title2\">Schlesische Weihnachtssuppe<\/div><\/div>                                        <\/div>          <\/div>        <\/div>                        <\/a>              <\/div>          <\/div>    <style>      \/*pagination styles*\/      #bwg_container1_0 #bwg_container2_0 .tablenav-pages_0 {\t\t\t\ttext-align: center;\t\t\t\tfont-size: 12px;\t\t\t\tfont-family: segoe ui;\t\t\t\tfont-weight: bold;\t\t\t\tcolor: #666666;\t\t\t\tmargin: 6px 0 4px;\t\t\t\tdisplay: block;      }      @media only screen and (max-width : 320px) {      #bwg_container1_0 #bwg_container2_0 .displaying-num_0 {     \t display: none;      }      }      #bwg_container1_0 #bwg_container2_0 .displaying-num_0 {\t\t\t\tfont-size: 12px;\t\t\t\tfont-family: segoe ui;\t\t\t\tfont-weight: bold;\t\t\t\tcolor: #666666;\t\t\t\tmargin-right: 10px;\t\t\t\tvertical-align: middle;      }      #bwg_container1_0 #bwg_container2_0 .paging-input_0 {\t\t\t\tfont-size: 12px;\t\t\t\tfont-family: segoe ui;\t\t\t\tfont-weight: bold;\t\t\t\tcolor: #666666;\t\t\t\tvertical-align: middle;      }      #bwg_container1_0 #bwg_container2_0 .tablenav-pages_0 a.disabled,      #bwg_container1_0 #bwg_container2_0 .tablenav-pages_0 a.disabled:hover,      #bwg_container1_0 #bwg_container2_0 .tablenav-pages_0 a.disabled:focus,\t\t\t#bwg_container1_0 #bwg_container2_0 .tablenav-pages_0 input.bwg_current_page {\t\t\t\tcursor: default;\t\t\t\tcolor: rgba(102, 102, 102, 0.5);      }      #bwg_container1_0 #bwg_container2_0 .tablenav-pages_0 a,      #bwg_container1_0 #bwg_container2_0 .tablenav-pages_0 input.bwg_current_page {\t\t\t\tcursor: pointer;\t\t\t\ttext-align: center;\t\t\t\tfont-size: 12px;\t\t\t\tfont-family: segoe ui;\t\t\t\tfont-weight: bold;\t\t\t\tcolor: #666666;\t\t\t\ttext-decoration: none;\t\t\t\tpadding: 3px 6px;\t\t\t\tmargin: 0;\t\t\t\tborder-radius: 0;\t\t\t\tborder-style: none;\t\t\t\tborder-width: 1px;\t\t\t\tborder-color: #E3E3E3;\t\t\t\t\t\t\t\tbackground-color: rgba(252, 252, 252, 1.00);\t\t\t\tbox-shadow: 0;\t\t\t\ttransition: all 0.3s ease 0s;-webkit-transition: all 0.3s ease 0s;      }      <\/style>      <span class=\"bwg_nav_cont_0\">              <div class=\"tablenav-pages_0\">                  <\/div>                <input type=\"hidden\" id=\"page_number_0\" name=\"page_number_0\" value=\"1\" \/>      <script type=\"text\/javascript\">        if( jQuery('.bwg_nav_cont_0').length > 1 ) {          jQuery('.bwg_nav_cont_0').first().remove()        }        function spider_page_0(cur, x, y, load_more) {          if (typeof load_more == \"undefined\") {            var load_more = false;          }          if (jQuery(cur).hasClass('disabled')) {            return false;          }          var items_county_0 = 1;          switch (y) {            case 1:              if (x >= items_county_0) {                document.getElementById('page_number_0').value = items_county_0;              }              else {                document.getElementById('page_number_0').value = x + 1;              }              break;            case 2:              document.getElementById('page_number_0').value = items_county_0;              break;            case -1:              if (x == 1) {                document.getElementById('page_number_0').value = 1;              }              else {                document.getElementById('page_number_0').value = x - 1;              }              break;            case -2:              document.getElementById('page_number_0').value = 1;              break;\t\t\t\t\t\tcase 0:              document.getElementById('page_number_0').value = x;              break;            default:              document.getElementById('page_number_0').value = 1;          }          bwg_ajax('gal_front_form_0', '0', 'bwg_thumbnails_0', '0', '', 'gallery', 0, '', '', load_more, '', 1);        }                    jQuery('.first-page-0').on('click', function () {              spider_page_0(this, 1, -2, 'numeric');              return false;            });            jQuery('.prev-page-0').on('click', function () {              spider_page_0(this, 1, -1, 'numeric');              return false;            });            jQuery('.next-page-0').on('click', function () {              spider_page_0(this, 1, 1, 'numeric');              return false;            });            jQuery('.last-page-0').on('click', function () {              spider_page_0(this, 1, 2, 'numeric');              return false;            });        \t\t\t\t\/* Change page on input enter. *\/        function bwg_change_page_0( e, that ) {          if (  e.key == 'Enter' ) {            var to_page = parseInt(jQuery(that).val());            var pages_count = jQuery(that).parents(\".pagination-links\").data(\"pages-count\");            var current_url_param = jQuery(that).attr('data-url-info');            if (to_page > pages_count) {              to_page = 1;            }\t \t\t\t\t\t\t\t\t\t\t\t\tspider_page_0(this, to_page, 0, 'numeric');\t\t\t\t\t\t\treturn false;\t\t\t\t\t\t          }          return true;        }        jQuery('.bwg_load_btn_0').on('click', function () {            spider_page_0(this, 1, 1, true);            return false;        });      <\/script>      <\/span>                <\/div>        <\/form>        <style>          #bwg_container1_0 #bwg_container2_0 #spider_popup_overlay_0 {          background-color: #000000;          opacity: 0.70;          }          <\/style>        <div id=\"bwg_spider_popup_loading_0\" class=\"bwg_spider_popup_loading\"><\/div>        <div id=\"spider_popup_overlay_0\" class=\"spider_popup_overlay\" onclick=\"spider_destroypopup(1000)\"><\/div>        <input type=\"hidden\" id=\"bwg_random_seed_0\" value=\"1610995699\">                <\/div>    <\/div>    <script>      if (document.readyState === 'complete') {        if( typeof bwg_main_ready == 'function' ) {          if ( jQuery(\"#bwg_container1_0\").height() ) {            bwg_main_ready(jQuery(\"#bwg_container1_0\"));          }        }      } else {        document.addEventListener('DOMContentLoaded', function() {          if( typeof bwg_main_ready == 'function' ) {            if ( jQuery(\"#bwg_container1_0\").height() ) {             bwg_main_ready(jQuery(\"#bwg_container1_0\"));            }          }        });      }    <\/script>    \n<\/div>\n<p>Zutaten f\u00fcr ca. 6 Personen:<br \/>\n2 gep\u00f6kelte Eisbeine<br \/>\n1,5 kg Kasslerkotelett mit Knochen<br \/>\n10 ger\u00e4ucherte Pfefferlinge (Pfefferw\u00fcrstchen)<br \/>\n6 Mettenden (Suppenwurst)<br \/>\n1 El Piment<br \/>\n3-4 Lorbeerbl\u00e4tter<br \/>\n2 Knollen Knoblauch halbiert<br \/>\nPfeffer, Salz<br \/>\n2 gro\u00dfe Zwiebeln halbiert<br \/>\n2 kg Sauerkraut (am besten vom Fass)<br \/>\n1 EL Wacholderbeeren<\/p>\n<p>Die Zubereitung ist eigentlich super einfach. In einen gro\u00dfen 5L Topf gibt man alle Zutaten bis auf den Wacholder und das Sauerkraut.<br \/>\nDann wird mit Wasser aufgef\u00fcllt bis alles bedeckt ist bzw. bis ca. 3 cm unter den Rand, denn die unglaublich schmackhafte Br\u00fche kann nie genug sein.<br \/>\nDas Ganze l\u00e4\u00dft man dann auf kleiner Flamme mind. 3 Stunden oder l\u00e4nger k\u00f6cheln. Es ist fertig wenn sich das Kassler vom Knochen l\u00f6st.<\/p>\n<p>Das Sauerkraut wird in einem separaten Topf zusammen mit den zerkleinerten Wacholderbeeren kurz aufgekocht.<\/p>\n<p>Das Gericht wird bei uns seit jeher mit frischen Semmeln oder Ciabatta serviert.<br \/>\nIch kann nur super guten Appetit w\u00fcnschen.<br \/>\n<img loading=\"lazy\" decoding=\"async\" class=\"alignnone wp-image-1330 size-full\" src=\"https:\/\/designtoweb.de\/kids\/wp-content\/uploads\/2022\/09\/rockhand.jpg\" alt=\"\" width=\"211\" height=\"50\" \/><\/p>\n","protected":false},"excerpt":{"rendered":"<p>Ich nenne dieses Gericht Schlesischen Weihnachtseintopf oder Suppe, weil meine Mutter das Rezept aus Schlesien mitbrachte und dieses Familienrezept bis heute nur einmal zu Weihnachten bei uns gekocht wird. So k\u00f6nnen wir uns das ganze Jahr auf dieses unglaublich schmackhafte Gericht freuen. Zutaten f\u00fcr ca. 6 Personen: 2 gep\u00f6kelte Eisbeine 1,5 kg Kasslerkotelett mit Knochen&hellip;&nbsp;<a href=\"https:\/\/designtoweb.de\/kids\/de\/schlesischer-weihnachtseintopf\/\" rel=\"bookmark\">Weiterlesen &raquo;<span class=\"screen-reader-text\">Schlesischer Weihnachtseintopf<\/span><\/a><\/p>\n","protected":false},"author":1,"featured_media":0,"parent":0,"menu_order":0,"comment_status":"closed","ping_status":"closed","template":"","meta":{"neve_meta_sidebar":"","neve_meta_container":"","neve_meta_enable_content_width":"on","neve_meta_content_width":70,"neve_meta_title_alignment":"","neve_meta_author_avatar":"","neve_post_elements_order":"","neve_meta_disable_header":"","neve_meta_disable_footer":"","neve_meta_disable_title":"","footnotes":""},"class_list":["post-1727","page","type-page","status-publish","hentry"],"_links":{"self":[{"href":"https:\/\/designtoweb.de\/kids\/wp-json\/wp\/v2\/pages\/1727","targetHints":{"allow":["GET"]}}],"collection":[{"href":"https:\/\/designtoweb.de\/kids\/wp-json\/wp\/v2\/pages"}],"about":[{"href":"https:\/\/designtoweb.de\/kids\/wp-json\/wp\/v2\/types\/page"}],"author":[{"embeddable":true,"href":"https:\/\/designtoweb.de\/kids\/wp-json\/wp\/v2\/users\/1"}],"replies":[{"embeddable":true,"href":"https:\/\/designtoweb.de\/kids\/wp-json\/wp\/v2\/comments?post=1727"}],"version-history":[{"count":12,"href":"https:\/\/designtoweb.de\/kids\/wp-json\/wp\/v2\/pages\/1727\/revisions"}],"predecessor-version":[{"id":2146,"href":"https:\/\/designtoweb.de\/kids\/wp-json\/wp\/v2\/pages\/1727\/revisions\/2146"}],"wp:attachment":[{"href":"https:\/\/designtoweb.de\/kids\/wp-json\/wp\/v2\/media?parent=1727"}],"curies":[{"name":"wp","href":"https:\/\/api.w.org\/{rel}","templated":true}]}}