{"id":1688,"date":"2023-01-31T08:00:19","date_gmt":"2023-01-31T07:00:19","guid":{"rendered":"https:\/\/designtoweb.de\/kids\/?page_id=1688"},"modified":"2023-11-06T13:27:17","modified_gmt":"2023-11-06T12:27:17","slug":"salsa-verde","status":"publish","type":"page","link":"https:\/\/designtoweb.de\/kids\/de\/salsa-verde\/","title":{"rendered":"Salsa Verde"},"content":{"rendered":"<div style=\"position: absolute; height: auto; width: 200px; left: 67%; top: 20%;\"><div class=\"printfriendly pf-button  pf-alignright\">\n                    <a href=\"https:\/\/designtoweb.de\/kids\/de\/salsa-verde\/?pfstyle=wp\" rel=\"nofollow\" onclick=\"\" title=\"Printer Friendly, PDF & Email\">\n                    <img decoding=\"async\" class=\"pf-button-img\" src=\"https:\/\/cdn.printfriendly.com\/buttons\/printfriendly-pdf-button.png\" alt=\"Print Friendly, PDF & Email\" style=\"width: 112px;height: 24px;\"  \/>\n                    <\/a>\n                <\/div><\/div>\n<p>Die gr\u00fcne Sauce hei\u00dft in Italien Salsa Verde und wird mit mediterranen Kr\u00e4utern zubereitet.<a href=\"https:\/\/designtoweb.de\/kids\/wp-content\/uploads\/2023\/01\/salsaverde01.jpg\"><img loading=\"lazy\" decoding=\"async\" class=\" wp-image-1698 alignright\" style=\"border-radius: 15px; border: 2px solid #DF0000;\" src=\"https:\/\/designtoweb.de\/kids\/wp-content\/uploads\/2023\/01\/salsaverde01-240x300.jpg\" alt=\"\" width=\"179\" height=\"224\" srcset=\"https:\/\/designtoweb.de\/kids\/wp-content\/uploads\/2023\/01\/salsaverde01-240x300.jpg 240w, https:\/\/designtoweb.de\/kids\/wp-content\/uploads\/2023\/01\/salsaverde01-818x1024.jpg 818w, https:\/\/designtoweb.de\/kids\/wp-content\/uploads\/2023\/01\/salsaverde01-768x962.jpg 768w, https:\/\/designtoweb.de\/kids\/wp-content\/uploads\/2023\/01\/salsaverde01-1226x1536.jpg 1226w, https:\/\/designtoweb.de\/kids\/wp-content\/uploads\/2023\/01\/salsaverde01-1635x2048.jpg 1635w, https:\/\/designtoweb.de\/kids\/wp-content\/uploads\/2023\/01\/salsaverde01.jpg 2044w\" sizes=\"auto, (max-width: 179px) 100vw, 179px\" \/><\/a><br \/>\nSie passt perfekt zu rohem (und gegartem) Fleisch und auf Brot.<\/p>\n<p>Zutaten:<br \/>\n2 EL Sardellenfilets<br \/>\n2 EL Kapern<br \/>\n2 Knoblauchzehen,<br \/>\n1 1\/2 EL Dijon-Senf<br \/>\n1 1\/2 EL Essig (Sorte nach belieben)<br \/>\n1 1\/2 EL Natives Oliven\u00f6l extra<br \/>\nein halbes Bund Petersilie (nur Bl\u00e4tter)<br \/>\nein halbes Bund Minze (nur Bl\u00e4tter)<a href=\"https:\/\/designtoweb.de\/kids\/wp-content\/uploads\/2023\/01\/salseverde02.jpg\"><img loading=\"lazy\" decoding=\"async\" class=\" wp-image-1699 alignright\" style=\"border-radius: 15px; border: 2px solid #DF0000;\" src=\"https:\/\/designtoweb.de\/kids\/wp-content\/uploads\/2023\/01\/salseverde02-300x225.jpg\" alt=\"\" width=\"180\" height=\"135\" srcset=\"https:\/\/designtoweb.de\/kids\/wp-content\/uploads\/2023\/01\/salseverde02-300x225.jpg 300w, https:\/\/designtoweb.de\/kids\/wp-content\/uploads\/2023\/01\/salseverde02.jpg 610w\" sizes=\"auto, (max-width: 180px) 100vw, 180px\" \/><\/a><br \/>\nPfeffer<\/p>\n<p>Geben Sie die Sardellen, 1,5 EL Kapern, 2 Knoblauchzehen, einer Prise Salz und einem halben Bund Minze<br \/>\nund Petersilie in einen M\u00f6rser und zersto\u00dfen Sie mit einem St\u00f6\u00dfel bis a Paste hat sich gebildet.<\/p>\n<p>1,5 EL Senf und 1,5 EL Rotweinessig verr\u00fchren. Mit etwas \u00d6l auflockern, dann die restlichen Kr\u00e4uter<br \/>\nunterr\u00fchren. Mischen Sie alles zu einer cremigen Konsistenz. Abschmecken und nach Bedarf w\u00fcrzen.<\/p>\n<p>reciepe by Gordon Ramsey<\/p>\n","protected":false},"excerpt":{"rendered":"<p>Die gr\u00fcne Sauce hei\u00dft in Italien Salsa Verde und wird mit mediterranen Kr\u00e4utern zubereitet. Sie passt perfekt zu rohem (und gegartem) Fleisch und auf Brot. Zutaten: 2 EL Sardellenfilets 2 EL Kapern 2 Knoblauchzehen, 1 1\/2 EL Dijon-Senf 1 1\/2 EL Essig (Sorte nach belieben) 1 1\/2 EL Natives Oliven\u00f6l extra ein halbes Bund Petersilie&hellip;&nbsp;<a href=\"https:\/\/designtoweb.de\/kids\/de\/salsa-verde\/\" rel=\"bookmark\">Weiterlesen &raquo;<span class=\"screen-reader-text\">Salsa Verde<\/span><\/a><\/p>\n","protected":false},"author":1,"featured_media":0,"parent":0,"menu_order":0,"comment_status":"closed","ping_status":"closed","template":"","meta":{"neve_meta_sidebar":"","neve_meta_container":"","neve_meta_enable_content_width":"on","neve_meta_content_width":70,"neve_meta_title_alignment":"","neve_meta_author_avatar":"","neve_post_elements_order":"","neve_meta_disable_header":"","neve_meta_disable_footer":"","neve_meta_disable_title":"","footnotes":""},"class_list":["post-1688","page","type-page","status-publish","hentry"],"_links":{"self":[{"href":"https:\/\/designtoweb.de\/kids\/wp-json\/wp\/v2\/pages\/1688","targetHints":{"allow":["GET"]}}],"collection":[{"href":"https:\/\/designtoweb.de\/kids\/wp-json\/wp\/v2\/pages"}],"about":[{"href":"https:\/\/designtoweb.de\/kids\/wp-json\/wp\/v2\/types\/page"}],"author":[{"embeddable":true,"href":"https:\/\/designtoweb.de\/kids\/wp-json\/wp\/v2\/users\/1"}],"replies":[{"embeddable":true,"href":"https:\/\/designtoweb.de\/kids\/wp-json\/wp\/v2\/comments?post=1688"}],"version-history":[{"count":11,"href":"https:\/\/designtoweb.de\/kids\/wp-json\/wp\/v2\/pages\/1688\/revisions"}],"predecessor-version":[{"id":1781,"href":"https:\/\/designtoweb.de\/kids\/wp-json\/wp\/v2\/pages\/1688\/revisions\/1781"}],"wp:attachment":[{"href":"https:\/\/designtoweb.de\/kids\/wp-json\/wp\/v2\/media?parent=1688"}],"curies":[{"name":"wp","href":"https:\/\/api.w.org\/{rel}","templated":true}]}}