{"id":1624,"date":"2022-12-08T14:33:53","date_gmt":"2022-12-08T13:33:53","guid":{"rendered":"https:\/\/designtoweb.de\/kids\/?page_id=1624"},"modified":"2024-11-29T10:08:10","modified_gmt":"2024-11-29T09:08:10","slug":"shakshuka","status":"publish","type":"page","link":"https:\/\/designtoweb.de\/kids\/de\/shakshuka\/","title":{"rendered":"Shakshuka"},"content":{"rendered":"<div style=\"position: absolute; height: auto; width: 200px; left: 67%; top: 20%;\"><div class=\"printfriendly pf-button  pf-alignright\">\n                    <a href=\"https:\/\/designtoweb.de\/kids\/de\/shakshuka\/?pfstyle=wp\" rel=\"nofollow\" onclick=\"\" title=\"Printer Friendly, PDF & Email\">\n                    <img decoding=\"async\" class=\"pf-button-img\" src=\"https:\/\/cdn.printfriendly.com\/buttons\/printfriendly-pdf-button.png\" alt=\"Print Friendly, PDF & Email\" style=\"width: 112px;height: 24px;\"  \/>\n                    <\/a>\n                <\/div><\/div>\n<p><em>Shakshuka &#8211; so haben Sie Spiegeleier noch nie gegessen!<\/em><br \/>\nDas Gericht stammt urspr\u00fcnglich aus Nordafrika, ist aber in Israel ein Nationalgericht.<br \/>\nDort isst man es zum Fr\u00fchst\u00fcck, Mittag und Abendessen \u2013 und es schmeckt einfach k\u00f6stlich.<\/p>\n<p>Zutaten:<br \/>\n600 g Tomaten (frische oder aus der Dose) <a href=\"https:\/\/designtoweb.de\/kids\/wp-content\/uploads\/2022\/12\/shakshuka-1-.jpg\"><img loading=\"lazy\" decoding=\"async\" class=\"size-medium wp-image-1625 alignright\" style=\"border-radius: 15px; border: 2px solid #DF0000;\" src=\"https:\/\/designtoweb.de\/kids\/wp-content\/uploads\/2022\/12\/shakshuka-1--300x169.jpg\" alt=\"\" width=\"300\" height=\"169\" srcset=\"https:\/\/designtoweb.de\/kids\/wp-content\/uploads\/2022\/12\/shakshuka-1--300x169.jpg 300w, https:\/\/designtoweb.de\/kids\/wp-content\/uploads\/2022\/12\/shakshuka-1--1024x576.jpg 1024w, https:\/\/designtoweb.de\/kids\/wp-content\/uploads\/2022\/12\/shakshuka-1--768x432.jpg 768w, https:\/\/designtoweb.de\/kids\/wp-content\/uploads\/2022\/12\/shakshuka-1-.jpg 1440w\" sizes=\"auto, (max-width: 300px) 100vw, 300px\" \/><\/a><br \/>\nSalz,<br \/>\n1 Zwiebel,<br \/>\n1 Knoblauchzehe,<br \/>\n1 TL Kreuzk\u00fcmmel,<br \/>\n1 Kardamomkapsel,<br \/>\n1 Prise Zimt,<br \/>\n1 Chilischote,<br \/>\nOliven\u00f6l,<br \/>\n1 EL Harissa (ersatzweise Paprikamark oder Tomatenmark),<br \/>\nZucker,<a href=\"https:\/\/designtoweb.de\/kids\/wp-content\/uploads\/2023\/02\/shakshuka-recept-ottolenghi.jpg\"><img loading=\"lazy\" decoding=\"async\" class=\" wp-image-1811 alignright\" style=\"border-radius: 15px; border: 2px solid #DF0000;\" src=\"https:\/\/designtoweb.de\/kids\/wp-content\/uploads\/2023\/02\/shakshuka-recept-ottolenghi-300x200.jpg\" alt=\"\" width=\"301\" height=\"200\" srcset=\"https:\/\/designtoweb.de\/kids\/wp-content\/uploads\/2023\/02\/shakshuka-recept-ottolenghi-300x200.jpg 300w, https:\/\/designtoweb.de\/kids\/wp-content\/uploads\/2023\/02\/shakshuka-recept-ottolenghi-1024x683.jpg 1024w, https:\/\/designtoweb.de\/kids\/wp-content\/uploads\/2023\/02\/shakshuka-recept-ottolenghi-768x512.jpg 768w, https:\/\/designtoweb.de\/kids\/wp-content\/uploads\/2023\/02\/shakshuka-recept-ottolenghi-1536x1024.jpg 1536w, https:\/\/designtoweb.de\/kids\/wp-content\/uploads\/2023\/02\/shakshuka-recept-ottolenghi-2048x1366.jpg 2048w, https:\/\/designtoweb.de\/kids\/wp-content\/uploads\/2023\/02\/shakshuka-recept-ottolenghi-930x620.jpg 930w\" sizes=\"auto, (max-width: 301px) 100vw, 301px\" \/><\/a><br \/>\n4 Eier,<br \/>\n1 Fr\u00fchlingszwiebel, glatte Petersilie<br \/>\nFeta und Bacon<\/p>\n<p>Zubereitung:<br \/>\nGew\u00fcrze in der Pfanne erhitzen bis sie duften. Herausnehmen und beiseite stellen. Zwiebeln, Knoblauch und<br \/>\nChili fein w\u00fcrfeln. Gem\u00fcse mit etwas \u00d6l in die Pfanne geben, Harissa und Tomaten dazugeben.<br \/>\nGew\u00fcrze dazugeben. Etwa 10 Minuten einkochen lassen.<br \/>\nMit Salz und Zucker abschmecken.<br \/>\nVier Mulden in die Tomatensauce dr\u00fccken. Eier einzeln aufschlagen und je eines in die Mulden geben.<br \/>\nEiwei\u00df jeweils vorsichtig in die Sauce r\u00fchren, dabei aufpassen, dass das Eigelb nicht verletzt wird.<br \/>\nDie Eier bei mittlerer Hitze etwa f\u00fcnf Minuten mit Deckel stocken lassen<br \/>\nInzwischen das wei\u00dfe und hellgr\u00fcne der Fr\u00fchlingszwiebel in feine Ringe schneiden.<br \/>\nPetersilienbl\u00e4tter von den Stielen zupfen und fein schneiden. Wer mag, bestreut das Eiergericht<br \/>\nnoch mit einem kr\u00e4ftigen Feta und kr\u00fcmelt Bacon dar\u00fcber.<\/p>\n<p><img loading=\"lazy\" decoding=\"async\" class=\"alignnone wp-image-1332 size-full\" src=\"https:\/\/designtoweb.de\/kids\/wp-content\/uploads\/2022\/09\/rockhand-1.jpg\" alt=\"\" width=\"211\" height=\"50\" \/><\/p>\n","protected":false},"excerpt":{"rendered":"<p>Shakshuka &#8211; so haben Sie Spiegeleier noch nie gegessen! Das Gericht stammt urspr\u00fcnglich aus Nordafrika, ist aber in Israel ein Nationalgericht. Dort isst man es zum Fr\u00fchst\u00fcck, Mittag und Abendessen \u2013 und es schmeckt einfach k\u00f6stlich. Zutaten: 600 g Tomaten (frische oder aus der Dose) Salz, 1 Zwiebel, 1 Knoblauchzehe, 1 TL Kreuzk\u00fcmmel, 1 Kardamomkapsel,&hellip;&nbsp;<a href=\"https:\/\/designtoweb.de\/kids\/de\/shakshuka\/\" rel=\"bookmark\">Weiterlesen &raquo;<span class=\"screen-reader-text\">Shakshuka<\/span><\/a><\/p>\n","protected":false},"author":1,"featured_media":0,"parent":0,"menu_order":0,"comment_status":"closed","ping_status":"closed","template":"","meta":{"neve_meta_sidebar":"","neve_meta_container":"","neve_meta_enable_content_width":"on","neve_meta_content_width":70,"neve_meta_title_alignment":"","neve_meta_author_avatar":"","neve_post_elements_order":"","neve_meta_disable_header":"","neve_meta_disable_footer":"","neve_meta_disable_title":"","footnotes":""},"class_list":["post-1624","page","type-page","status-publish","hentry"],"_links":{"self":[{"href":"https:\/\/designtoweb.de\/kids\/wp-json\/wp\/v2\/pages\/1624","targetHints":{"allow":["GET"]}}],"collection":[{"href":"https:\/\/designtoweb.de\/kids\/wp-json\/wp\/v2\/pages"}],"about":[{"href":"https:\/\/designtoweb.de\/kids\/wp-json\/wp\/v2\/types\/page"}],"author":[{"embeddable":true,"href":"https:\/\/designtoweb.de\/kids\/wp-json\/wp\/v2\/users\/1"}],"replies":[{"embeddable":true,"href":"https:\/\/designtoweb.de\/kids\/wp-json\/wp\/v2\/comments?post=1624"}],"version-history":[{"count":9,"href":"https:\/\/designtoweb.de\/kids\/wp-json\/wp\/v2\/pages\/1624\/revisions"}],"predecessor-version":[{"id":2664,"href":"https:\/\/designtoweb.de\/kids\/wp-json\/wp\/v2\/pages\/1624\/revisions\/2664"}],"wp:attachment":[{"href":"https:\/\/designtoweb.de\/kids\/wp-json\/wp\/v2\/media?parent=1624"}],"curies":[{"name":"wp","href":"https:\/\/api.w.org\/{rel}","templated":true}]}}