{"id":1568,"date":"2022-11-24T12:10:22","date_gmt":"2022-11-24T11:10:22","guid":{"rendered":"https:\/\/designtoweb.de\/kids\/?page_id=1568"},"modified":"2023-11-06T13:27:39","modified_gmt":"2023-11-06T12:27:39","slug":"schopska-salat","status":"publish","type":"page","link":"https:\/\/designtoweb.de\/kids\/de\/schopska-salat\/","title":{"rendered":"Schopska-Salat"},"content":{"rendered":"<div style=\"position: absolute; height: auto; width: 200px; left: 67%; top: 16%;\"><div class=\"printfriendly pf-button  pf-alignright\">\n                    <a href=\"https:\/\/designtoweb.de\/kids\/de\/schopska-salat\/?pfstyle=wp\" rel=\"nofollow\" onclick=\"\" title=\"Printer Friendly, PDF & Email\">\n                    <img decoding=\"async\" class=\"pf-button-img\" src=\"https:\/\/cdn.printfriendly.com\/buttons\/printfriendly-pdf-button.png\" alt=\"Print Friendly, PDF & Email\" style=\"width: 112px;height: 24px;\"  \/>\n                    <\/a>\n                <\/div><\/div>\n<p>Der Schopska-Salat wurde 1956 von professionellen K\u00f6chen des \u00e4ltesten bulgarischen Reiseveranstalters Balkantourist<br \/>\nkreiert und zum ersten Mal im Restaurant Chernomorets im damaligen Kurort Druschba (heute St. Konstantin und Elena)<br \/>\nserviert. 1956 erschien das Rezept f\u00fcr Schopska-Salat erstmals im Buch f\u00fcr die Hausfrau<br \/>\nund enthielt alle unten gelisteten Zutaten.<a href=\"https:\/\/designtoweb.de\/kids\/wp-content\/uploads\/2022\/11\/schopska-salat.jpg\"><img loading=\"lazy\" decoding=\"async\" class=\"size-medium wp-image-1571 alignright\" style=\"border-radius: 15px; border: 2px solid #DF0000;\" src=\"https:\/\/designtoweb.de\/kids\/wp-content\/uploads\/2022\/11\/schopska-salat-300x201.jpg\" alt=\"\" width=\"300\" height=\"201\" srcset=\"https:\/\/designtoweb.de\/kids\/wp-content\/uploads\/2022\/11\/schopska-salat-300x201.jpg 300w, https:\/\/designtoweb.de\/kids\/wp-content\/uploads\/2022\/11\/schopska-salat.jpg 750w\" sizes=\"auto, (max-width: 300px) 100vw, 300px\" \/><\/a><\/p>\n<p>Der Schopska-Salat schmeckt am besten im Sommer, weil Gurken und Tomaten Sommergem\u00fcse sind &#x1f609;.<br \/>\nWenn du ein Fan von Fr\u00fchlingszwiebeln bist, kannst du statt der normalen Zwiebel auch<br \/>\nFr\u00fchlingszwiebeln nehmen. Damit auch das Auge mitisst, kannst du au\u00dferdem ein paar<br \/>\nschwarze Oliven als Dekoration auf den Salat verteilen.<\/p>\n<p><strong>Zutaten<\/strong><\/p>\n<p>1 Gurke<br \/>\n2 Tomaten<br \/>\n1 mittelgro\u00dfe (rote) Zwiebel<br \/>\n100 g Bulgarischer Schafsk\u00e4se (Sirene)<br \/>\nPetersilie (nach Geschmack)<br \/>\nSalz (nach Geschmack)<br \/>\nPfeffer (nach Geschmack)<br \/>\nSonnenblumen\u00f6l (nach Geschmack)<br \/>\nEssig (nach Geschmack)<a href=\"https:\/\/designtoweb.de\/kids\/wp-content\/uploads\/2022\/11\/schopska-salatgemuese.jpg\"><img loading=\"lazy\" decoding=\"async\" class=\"size-medium wp-image-1572 alignright\" style=\"border-radius: 15px; border: 2px solid #DF0000;\" src=\"https:\/\/designtoweb.de\/kids\/wp-content\/uploads\/2022\/11\/schopska-salatgemuese-271x300.jpg\" alt=\"\" width=\"271\" height=\"300\" srcset=\"https:\/\/designtoweb.de\/kids\/wp-content\/uploads\/2022\/11\/schopska-salatgemuese-271x300.jpg 271w, https:\/\/designtoweb.de\/kids\/wp-content\/uploads\/2022\/11\/schopska-salatgemuese.jpg 750w\" sizes=\"auto, (max-width: 271px) 100vw, 271px\" \/><\/a><\/p>\n<p>Gurke, Tomaten und Petersilie waschen. Wenn du die Gurken lieber gesch\u00e4lt isst, kannst du sie nat\u00fcrlich auch sch\u00e4len.<br \/>\nZwiebel sch\u00e4len und in Ringe schneiden.<br \/>\nGurke der L\u00e4nge nach halbieren und in ca. 0,5 cm dicke St\u00fccke schneiden.<br \/>\nTomaten ebenfalls halbieren und in !nicht! zu kleine St\u00fccke schneiden.<br \/>\nDie Petersilie klein schneiden.<br \/>\nSchafsk\u00e4se entweder mit den H\u00e4nden oder einer Gabel zerdr\u00fccken.<br \/>\nAlle Zutaten in einer Salatsch\u00fcssel leicht vermengen und mit Salz, Pfeffer, \u00d6l und Essig abschmecken.<\/p>\n<p><img loading=\"lazy\" decoding=\"async\" class=\"alignnone wp-image-1332 size-full\" src=\"https:\/\/designtoweb.de\/kids\/wp-content\/uploads\/2022\/09\/rockhand-1.jpg\" alt=\"\" width=\"211\" height=\"50\" \/><\/p>\n","protected":false},"excerpt":{"rendered":"<p>Der Schopska-Salat wurde 1956 von professionellen K\u00f6chen des \u00e4ltesten bulgarischen Reiseveranstalters Balkantourist kreiert und zum ersten Mal im Restaurant Chernomorets im damaligen Kurort Druschba (heute St. Konstantin und Elena) serviert. 1956 erschien das Rezept f\u00fcr Schopska-Salat erstmals im Buch f\u00fcr die Hausfrau und enthielt alle unten gelisteten Zutaten. Der Schopska-Salat schmeckt am besten im Sommer,&hellip;&nbsp;<a href=\"https:\/\/designtoweb.de\/kids\/de\/schopska-salat\/\" rel=\"bookmark\">Weiterlesen &raquo;<span class=\"screen-reader-text\">Schopska-Salat<\/span><\/a><\/p>\n","protected":false},"author":1,"featured_media":0,"parent":0,"menu_order":0,"comment_status":"closed","ping_status":"closed","template":"","meta":{"neve_meta_sidebar":"","neve_meta_container":"","neve_meta_enable_content_width":"on","neve_meta_content_width":70,"neve_meta_title_alignment":"","neve_meta_author_avatar":"","neve_post_elements_order":"","neve_meta_disable_header":"","neve_meta_disable_footer":"","neve_meta_disable_title":"","footnotes":""},"class_list":["post-1568","page","type-page","status-publish","hentry"],"_links":{"self":[{"href":"https:\/\/designtoweb.de\/kids\/wp-json\/wp\/v2\/pages\/1568","targetHints":{"allow":["GET"]}}],"collection":[{"href":"https:\/\/designtoweb.de\/kids\/wp-json\/wp\/v2\/pages"}],"about":[{"href":"https:\/\/designtoweb.de\/kids\/wp-json\/wp\/v2\/types\/page"}],"author":[{"embeddable":true,"href":"https:\/\/designtoweb.de\/kids\/wp-json\/wp\/v2\/users\/1"}],"replies":[{"embeddable":true,"href":"https:\/\/designtoweb.de\/kids\/wp-json\/wp\/v2\/comments?post=1568"}],"version-history":[{"count":8,"href":"https:\/\/designtoweb.de\/kids\/wp-json\/wp\/v2\/pages\/1568\/revisions"}],"predecessor-version":[{"id":2101,"href":"https:\/\/designtoweb.de\/kids\/wp-json\/wp\/v2\/pages\/1568\/revisions\/2101"}],"wp:attachment":[{"href":"https:\/\/designtoweb.de\/kids\/wp-json\/wp\/v2\/media?parent=1568"}],"curies":[{"name":"wp","href":"https:\/\/api.w.org\/{rel}","templated":true}]}}