{"id":1563,"date":"2022-11-24T11:00:07","date_gmt":"2022-11-24T10:00:07","guid":{"rendered":"https:\/\/designtoweb.de\/kids\/?page_id=1563"},"modified":"2023-11-06T13:22:49","modified_gmt":"2023-11-06T12:22:49","slug":"tschubritza-scharena-sol-buntes-salz","status":"publish","type":"page","link":"https:\/\/designtoweb.de\/kids\/de\/tschubritza-scharena-sol-buntes-salz\/","title":{"rendered":"Scharena Sol &#8211; Buntes Salz"},"content":{"rendered":"<div style=\"position: absolute; height: auto; width: 200px; left: 67%; top: 18%;\"><div class=\"printfriendly pf-button  pf-alignright\">\n                    <a href=\"https:\/\/designtoweb.de\/kids\/de\/tschubritza-scharena-sol-buntes-salz\/?pfstyle=wp\" rel=\"nofollow\" onclick=\"\" title=\"Printer Friendly, PDF & Email\">\n                    <img decoding=\"async\" class=\"pf-button-img\" src=\"https:\/\/cdn.printfriendly.com\/buttons\/printfriendly-pdf-button.png\" alt=\"Print Friendly, PDF & Email\" style=\"width: 112px;height: 24px;\"  \/>\n                    <\/a>\n                <\/div><\/div>\n<p>Das Kr\u00e4utersalz Tschubritza (Scharena Sol) wird in Bulgarien als Allround-Gew\u00fcrz verwendet.<br \/>\nF\u00fcr Schopskasalat (oder auch andere mediterrane Salate wie griechischen oder italienischen gemischten Salat),<br \/>\nQuark, Dips, Fleischgerichte, Eint\u00f6pfe, Ragouts, Suppen und Gem\u00fcsegerichte oder einfach auf dem Butterbrot ideal und lecker.<\/p>\n<p><strong>Tschubritza Zutaten:<\/strong><a href=\"https:\/\/designtoweb.de\/kids\/wp-content\/uploads\/2022\/11\/tschubritza-gewuerz-mischung.jpg\"><img loading=\"lazy\" decoding=\"async\" class=\"alignright wp-image-1566 size-thumbnail\" style=\"border-radius: 15px; border: 2px solid #DF0000;\" src=\"https:\/\/designtoweb.de\/kids\/wp-content\/uploads\/2022\/11\/tschubritza-gewuerz-mischung-150x150.jpg\" alt=\"\" width=\"150\" height=\"150\" srcset=\"https:\/\/designtoweb.de\/kids\/wp-content\/uploads\/2022\/11\/tschubritza-gewuerz-mischung-150x150.jpg 150w, https:\/\/designtoweb.de\/kids\/wp-content\/uploads\/2022\/11\/tschubritza-gewuerz-mischung-300x300.jpg 300w, https:\/\/designtoweb.de\/kids\/wp-content\/uploads\/2022\/11\/tschubritza-gewuerz-mischung-768x768.jpg 768w, https:\/\/designtoweb.de\/kids\/wp-content\/uploads\/2022\/11\/tschubritza-gewuerz-mischung.jpg 800w\" sizes=\"auto, (max-width: 150px) 100vw, 150px\" \/><\/a><br \/>\nBohnenkraut, getrocknet 4 TL<br \/>\nSelleriepulver 2 TL<br \/>\nLiebst\u00f6ckel getrocknet 2 TL<br \/>\nBockshornkleepulver 1 TL<br \/>\nMeersalz fein 1 TL<br \/>\nThymian 1 TL<br \/>\nBasilikum 1 TL<br \/>\nOregano 1 TL<a href=\"https:\/\/designtoweb.de\/kids\/wp-content\/uploads\/2022\/11\/sharenasol02.png\"><img loading=\"lazy\" decoding=\"async\" class=\"alignright wp-image-1565 size-thumbnail\" style=\"border-radius: 15px; border: 2px solid #DF0000;\" src=\"https:\/\/designtoweb.de\/kids\/wp-content\/uploads\/2022\/11\/sharenasol02-150x150.png\" alt=\"\" width=\"150\" height=\"150\" \/><\/a><br \/>\nRosmarin 1 TL<br \/>\nSalbei getrocknet 2 TL<br \/>\nZitronenmelisse getrocknet 1 TL<br \/>\nPaprika Gew\u00fcrz, rosenscharf 1 TL<br \/>\nKnoblauch getrocknet 1 TL<br \/>\nZwiebel getrocknet 1 TL<br \/>\nMinze getrocknet 1 TL<\/p>\n<div style=\"text-align: right;\"><\/div>\n<p><img loading=\"lazy\" decoding=\"async\" class=\"alignnone wp-image-1332 size-full\" src=\"https:\/\/designtoweb.de\/kids\/wp-content\/uploads\/2022\/09\/rockhand-1.jpg\" alt=\"\" width=\"211\" height=\"50\" \/><\/p>\n","protected":false},"excerpt":{"rendered":"<p>Das Kr\u00e4utersalz Tschubritza (Scharena Sol) wird in Bulgarien als Allround-Gew\u00fcrz verwendet. F\u00fcr Schopskasalat (oder auch andere mediterrane Salate wie griechischen oder italienischen gemischten Salat), Quark, Dips, Fleischgerichte, Eint\u00f6pfe, Ragouts, Suppen und Gem\u00fcsegerichte oder einfach auf dem Butterbrot ideal und lecker. Tschubritza Zutaten: Bohnenkraut, getrocknet 4 TL Selleriepulver 2 TL Liebst\u00f6ckel getrocknet 2 TL Bockshornkleepulver 1&hellip;&nbsp;<a href=\"https:\/\/designtoweb.de\/kids\/de\/tschubritza-scharena-sol-buntes-salz\/\" rel=\"bookmark\">Weiterlesen &raquo;<span class=\"screen-reader-text\">Scharena Sol &#8211; Buntes Salz<\/span><\/a><\/p>\n","protected":false},"author":1,"featured_media":0,"parent":0,"menu_order":0,"comment_status":"closed","ping_status":"closed","template":"","meta":{"neve_meta_sidebar":"","neve_meta_container":"","neve_meta_enable_content_width":"on","neve_meta_content_width":70,"neve_meta_title_alignment":"","neve_meta_author_avatar":"","neve_post_elements_order":"","neve_meta_disable_header":"","neve_meta_disable_footer":"","neve_meta_disable_title":"","footnotes":""},"class_list":["post-1563","page","type-page","status-publish","hentry"],"_links":{"self":[{"href":"https:\/\/designtoweb.de\/kids\/wp-json\/wp\/v2\/pages\/1563","targetHints":{"allow":["GET"]}}],"collection":[{"href":"https:\/\/designtoweb.de\/kids\/wp-json\/wp\/v2\/pages"}],"about":[{"href":"https:\/\/designtoweb.de\/kids\/wp-json\/wp\/v2\/types\/page"}],"author":[{"embeddable":true,"href":"https:\/\/designtoweb.de\/kids\/wp-json\/wp\/v2\/users\/1"}],"replies":[{"embeddable":true,"href":"https:\/\/designtoweb.de\/kids\/wp-json\/wp\/v2\/comments?post=1563"}],"version-history":[{"count":20,"href":"https:\/\/designtoweb.de\/kids\/wp-json\/wp\/v2\/pages\/1563\/revisions"}],"predecessor-version":[{"id":2191,"href":"https:\/\/designtoweb.de\/kids\/wp-json\/wp\/v2\/pages\/1563\/revisions\/2191"}],"wp:attachment":[{"href":"https:\/\/designtoweb.de\/kids\/wp-json\/wp\/v2\/media?parent=1563"}],"curies":[{"name":"wp","href":"https:\/\/api.w.org\/{rel}","templated":true}]}}