{"id":1512,"date":"2022-11-23T11:19:51","date_gmt":"2022-11-23T10:19:51","guid":{"rendered":"https:\/\/designtoweb.de\/kids\/?page_id=1512"},"modified":"2023-11-06T14:02:46","modified_gmt":"2023-11-06T13:02:46","slug":"tofu-tikka-masala-bowl","status":"publish","type":"page","link":"https:\/\/designtoweb.de\/kids\/de\/tofu-tikka-masala-bowl\/","title":{"rendered":"Tofu Tikka-Masala Bowl"},"content":{"rendered":"<div style=\"position: absolute; height: auto; width: 200px; left: 67%; top: 12%;\"><div class=\"printfriendly pf-button  pf-alignright\">\n                    <a href=\"https:\/\/designtoweb.de\/kids\/de\/tofu-tikka-masala-bowl\/?pfstyle=wp\" rel=\"nofollow\" onclick=\"\" title=\"Printer Friendly, PDF & Email\">\n                    <img decoding=\"async\" class=\"pf-button-img\" src=\"https:\/\/cdn.printfriendly.com\/buttons\/printfriendly-pdf-button.png\" alt=\"Print Friendly, PDF & Email\" style=\"width: 112px;height: 24px;\"  \/>\n                    <\/a>\n                <\/div><\/div>\n<p>Zutaten:<\/p>\n<p>250 g Tofu, in 2 cm gro\u00dfe W\u00fcrfel geschnitten<a href=\"https:\/\/designtoweb.de\/kids\/wp-content\/uploads\/2023\/01\/tofubowl.png\"><img loading=\"lazy\" decoding=\"async\" class=\"size-medium wp-image-1679 alignright\" style=\"border-radius: 15px; border: 2px solid #DF0000;\" src=\"https:\/\/designtoweb.de\/kids\/wp-content\/uploads\/2023\/01\/tofubowl-298x300.png\" alt=\"\" width=\"298\" height=\"300\" srcset=\"https:\/\/designtoweb.de\/kids\/wp-content\/uploads\/2023\/01\/tofubowl-298x300.png 298w, https:\/\/designtoweb.de\/kids\/wp-content\/uploads\/2023\/01\/tofubowl-150x150.png 150w, https:\/\/designtoweb.de\/kids\/wp-content\/uploads\/2023\/01\/tofubowl-768x772.png 768w, https:\/\/designtoweb.de\/kids\/wp-content\/uploads\/2023\/01\/tofubowl.png 956w\" sizes=\"auto, (max-width: 298px) 100vw, 298px\" \/><\/a><br \/>\n1 Zwiebel, fein gew\u00fcrfelt<br \/>\n2 EL Tomatenmark<br \/>\n2 EL \u00d6l<br \/>\n200 ml Kokosmilch<br \/>\n2 EL Creme Vega<br \/>\n80 g Erbsen<br \/>\n2 TL Tikka Masala Gew\u00fcrzmischung<br \/>\n1 TL frischen Ingwer, gerieben<br \/>\n1\/2 TL Salz<br \/>\n1\/4 TL Chilipulver<br \/>\n50 g Cashewkerne, grob gehackt und ger\u00f6stet<br \/>\n1 EL Limettensaft<br \/>\n5 Stiele frischen Koriander\/oder Blattpetersilie<\/p>\n<p>Zubereitung:<\/p>\n<p>Zuerst in einer gro\u00dfen Pfanne etwas \u00d6l erhitzen und den Tofu darin goldgelb anbraten. In der Zwischenzeit in einer anderen Pfanne das restliche \u00d6l erhitzen und die Zwiebel ca. 3 Minuten darin leicht anbraten. Den Ingwer, Tikka-Masala Gew\u00fcrz, Salz und Chilipulver dazugeben. Jetzt das Tomatenmark dazugeben, unter R\u00fchren kurz mit anbraten. Mit der Kochcreme auff\u00fcllen und die Erbsen dazugeben. F\u00fcr 5 Minuten leicht k\u00f6cheln lassen. Nun die Creme Vega, Limettensaft und den Tofu unterheben. In einer Bowl anrichten. Frischen Koriander oder Blattpetersilie und die ger\u00f6steten Cashewkerne daraufgeben.<br \/>\nrecipie by <img loading=\"lazy\" decoding=\"async\" src=\"https:\/\/designtoweb.de\/kids\/wp-content\/uploads\/2023\/01\/eatthis.png\" width=\"40\" height=\"40\"><\/p>\n","protected":false},"excerpt":{"rendered":"<p>Zutaten: 250 g Tofu, in 2 cm gro\u00dfe W\u00fcrfel geschnitten 1 Zwiebel, fein gew\u00fcrfelt 2 EL Tomatenmark 2 EL \u00d6l 200 ml Kokosmilch 2 EL Creme Vega 80 g Erbsen 2 TL Tikka Masala Gew\u00fcrzmischung 1 TL frischen Ingwer, gerieben 1\/2 TL Salz 1\/4 TL Chilipulver 50 g Cashewkerne, grob gehackt und ger\u00f6stet 1 EL&hellip;&nbsp;<a href=\"https:\/\/designtoweb.de\/kids\/de\/tofu-tikka-masala-bowl\/\" rel=\"bookmark\">Weiterlesen &raquo;<span class=\"screen-reader-text\">Tofu Tikka-Masala Bowl<\/span><\/a><\/p>\n","protected":false},"author":1,"featured_media":0,"parent":0,"menu_order":0,"comment_status":"closed","ping_status":"closed","template":"","meta":{"neve_meta_sidebar":"","neve_meta_container":"","neve_meta_enable_content_width":"on","neve_meta_content_width":70,"neve_meta_title_alignment":"","neve_meta_author_avatar":"","neve_post_elements_order":"","neve_meta_disable_header":"","neve_meta_disable_footer":"","neve_meta_disable_title":"","footnotes":""},"class_list":["post-1512","page","type-page","status-publish","hentry"],"_links":{"self":[{"href":"https:\/\/designtoweb.de\/kids\/wp-json\/wp\/v2\/pages\/1512","targetHints":{"allow":["GET"]}}],"collection":[{"href":"https:\/\/designtoweb.de\/kids\/wp-json\/wp\/v2\/pages"}],"about":[{"href":"https:\/\/designtoweb.de\/kids\/wp-json\/wp\/v2\/types\/page"}],"author":[{"embeddable":true,"href":"https:\/\/designtoweb.de\/kids\/wp-json\/wp\/v2\/users\/1"}],"replies":[{"embeddable":true,"href":"https:\/\/designtoweb.de\/kids\/wp-json\/wp\/v2\/comments?post=1512"}],"version-history":[{"count":10,"href":"https:\/\/designtoweb.de\/kids\/wp-json\/wp\/v2\/pages\/1512\/revisions"}],"predecessor-version":[{"id":2419,"href":"https:\/\/designtoweb.de\/kids\/wp-json\/wp\/v2\/pages\/1512\/revisions\/2419"}],"wp:attachment":[{"href":"https:\/\/designtoweb.de\/kids\/wp-json\/wp\/v2\/media?parent=1512"}],"curies":[{"name":"wp","href":"https:\/\/api.w.org\/{rel}","templated":true}]}}