{"id":1405,"date":"2022-09-18T14:17:16","date_gmt":"2022-09-18T12:17:16","guid":{"rendered":"https:\/\/designtoweb.de\/kids\/?page_id=1405"},"modified":"2023-11-06T13:14:01","modified_gmt":"2023-11-06T12:14:01","slug":"koreanischer-eintopf-der-armee","status":"publish","type":"page","link":"https:\/\/designtoweb.de\/kids\/de\/koreanischer-eintopf-der-armee\/","title":{"rendered":"Koreanischer Armee-Eintopf"},"content":{"rendered":"<div style=\"position: absolute; height: auto; width: 200px; left: 67%; top: 16%;\"><div class=\"printfriendly pf-button  pf-alignright\">\n                    <a href=\"https:\/\/designtoweb.de\/kids\/de\/koreanischer-eintopf-der-armee\/?pfstyle=wp\" rel=\"nofollow\" onclick=\"\" title=\"Printer Friendly, PDF & Email\">\n                    <img decoding=\"async\" class=\"pf-button-img\" src=\"https:\/\/cdn.printfriendly.com\/buttons\/printfriendly-pdf-button.png\" alt=\"Print Friendly, PDF & Email\" style=\"width: 112px;height: 24px;\"  \/>\n                    <\/a>\n                <\/div><\/div>\n<p>Easy Budae Jjigae (Eintopf der koreanischen Armee)<br \/>\nDieses reichhaltige und herzhafte Budae Jjigae ist vollgepackt mit Fr\u00fchst\u00fccksfleisch, W\u00fcrstchen, Tofu, Kimchi und Ramyeon-Nudeln, die alle in einer mit Umami gef\u00fcllten Chilibr\u00fche gekocht werden, um sie mit einer Sch\u00fcssel warmem Reis zu kombinieren. Dieser beruhigende Eintopf l\u00e4sst sich herrlich einfach zubereiten und ist die perfekte Mahlzeit, die Sie mit Ihren Lieben teilen k\u00f6nnen.<\/p>\n<h4><a href=\"https:\/\/designtoweb.de\/kids\/wp-content\/uploads\/2022\/09\/budae-jjigae-feature-ingredients-1-web-scaled.jpg.webp\"><img loading=\"lazy\" decoding=\"async\" class=\" wp -image-1403 alignright\" style=\"border-radius: 15px; border: 2px solid #DF0000;\" src=\"https:\/\/designtoweb.de\/kids\/wp-content\/uploads\/2022\/09\/budae-jjigae-feature-ingredients-1-web-scaled.jpg-200x300.webp\" alt=\"Korean Army Stew\" width=\"120\" height=\"180\" \/><\/a>Zutaten<\/h4>\n<p>200 g (1\/2 Dose) Fr\u00fchst\u00fccksfleisch<br \/>\n150 g (2 mittelgro\u00dfe) Wurst-Hotdogs, Speck, Schweinebauch oder Schinken<br \/>\n1\/2 Tasse Kimchi in Scheiben geschnitten, mind. 2+ Wochen alt<br \/>\n1\/2 Zwiebel in Scheiben geschnitten<br \/>\n1\/2 Tofu weich bis mittelfest, in 2 cm dicke Scheiben geschnitten<br \/>\n1\/2 Tasse Reiskuchen aufgetaut wenn gefroren<br \/>\n50g Pilze Enoki, Auster oder Shiitake<br \/>\n2 Fr\u00fchlingszwiebeln gehackt, zum Garnieren<a href=\"https:\/\/designtoweb.de\/kids\/wp-content\/uploads\/2022\/09\/budae-jjigae-1-feature-web-scaled.jpg.webp\"><img loading=\"lazy\" decoding=\"async\" class=\"alignright wp-image-1402\" style=\"border-radius: 15px; border: 2px solid #DF0000;\" src=\"https:\/\/designtoweb.de\/kids\/wp-content\/uploads\/2022\/09\/budae-jjigae-1-feature-web-scaled.jpg-200x300.webp\" alt=\"Korean Army Stew\" width=\"117\" height=\"176\" srcset=\"https:\/\/designtoweb.de\/kids\/wp-content\/uploads\/2022\/09\/budae-jjigae-1-feature-web-scaled.jpg-200x300.webp 200w, https:\/\/designtoweb.de\/kids\/wp-content\/uploads\/2022\/09\/budae-jjigae-1-feature-web-scaled.jpg-683x1024.webp 683w, https:\/\/designtoweb.de\/kids\/wp-content\/uploads\/2022\/09\/budae-jjigae-1-feature-web-scaled.jpg-768x1152.webp 768w, https:\/\/designtoweb.de\/kids\/wp-content\/uploads\/2022\/09\/budae-jjigae-1-feature-web-scaled.jpg-1024x1536.webp 1024w, https:\/\/designtoweb.de\/kids\/wp-content\/uploads\/2022\/09\/budae-jjigae-1-feature-web-scaled.jpg.webp 1280w\" sizes=\"auto, (max-width: 117px) 100vw, 117px\" \/><\/a><br \/>\n1 Packung Instant-Ramyeon-Reis-Nudeln<br \/>\n1 Scheibe K\u00e4se<br \/>\n4 Tassen H\u00fchnerbr\u00fche, Sardellenbr\u00fche, Dashi oder Wasser<\/p>\n<h4>So\u00dfe<\/h4>\n<p>2 EL Gochugaru (koreanische Chiliflocken) oder nach Geschmack<br \/>\n4 Knoblauchzehen gehackt<br \/>\n1 EL Gochujang (koreanische Chilipaste)<a href=\"https:\/\/designtoweb.de\/kids\/wp-content\/uploads\/2022\/09\/budae-jjigae-4-feature-web-scaled.jpg.webp\"><img loading=\"lazy\" decoding=\"async\" class=\"alignright wp-image-1401\" style=\"border-radius: 15px; border: 2px solid #DF0000;\" src=\"https:\/\/designtoweb.de\/kids\/wp-content\/uploads\/2022\/09\/budae-jjigae-4-feature-web-scaled.jpg-200x300.webp\" alt=\"Korean Army Stew\" width=\"116\" height=\"174\" srcset=\"https:\/\/designtoweb.de\/kids\/wp-content\/uploads\/2022\/09\/budae-jjigae-4-feature-web-scaled.jpg-200x300.webp 200w, https:\/\/designtoweb.de\/kids\/wp-content\/uploads\/2022\/09\/budae-jjigae-4-feature-web-scaled.jpg-683x1024.webp 683w, https:\/\/designtoweb.de\/kids\/wp-content\/uploads\/2022\/09\/budae-jjigae-4-feature-web-scaled.jpg-768x1152.webp 768w, https:\/\/designtoweb.de\/kids\/wp-content\/uploads\/2022\/09\/budae-jjigae-4-feature-web-scaled.jpg-1024x1536.webp 1024w, https:\/\/designtoweb.de\/kids\/wp-content\/uploads\/2022\/09\/budae-jjigae-4-feature-web-scaled.jpg.webp 1280w\" sizes=\"auto, (max-width: 116px) 100vw, 116px\" \/><\/a><br \/>\n2 EL Sojasauce<br \/>\n2 EL Fischsosse<br \/>\n1 EL Mirin oder 1\/2 EL Zucker<br \/>\neine Prise schwarzer Pfeffer<\/p>\n<h4>Anweisungen<\/h4>\n<p>Alle Saucenzutaten in einer kleinen Sch\u00fcssel vermengen.<br \/>\nGeben Sie das Fr\u00fchst\u00fccksfleisch, Tofu, Pilze, W\u00fcrstchen, Reiskuchen,<br \/>\nZwiebel und Kimchi in einem flachen Topf. So\u00dfe und H\u00fchnerbr\u00fche hinzuf\u00fcgen,<br \/>\nabdecken und bei mittlerer Hitze zum Kochen bringen.<br \/>\nWenn der Eintopf zu kochen beginnt, die Hitze auf mittlere Stufe reduzieren und garen<br \/>\netwa 5 Minuten. F\u00fcgen Sie die Nudeln und den K\u00e4se hinzu und kochen Sie f\u00fcr ein weiteres<br \/>\n3-4 Minuten, bis die Nudeln gar sind.<br \/>\nMit Fr\u00fchlingszwiebeln garnieren und evtl. mit einer Sch\u00fcssel ged\u00e4mpftem Reis servieren. Genie\u00dfen!<\/p>\n","protected":false},"excerpt":{"rendered":"<p>Easy Budae Jjigae (Eintopf der koreanischen Armee) Dieses reichhaltige und herzhafte Budae Jjigae ist vollgepackt mit Fr\u00fchst\u00fccksfleisch, W\u00fcrstchen, Tofu, Kimchi und Ramyeon-Nudeln, die alle in einer mit Umami gef\u00fcllten Chilibr\u00fche gekocht werden, um sie mit einer Sch\u00fcssel warmem Reis zu kombinieren. Dieser beruhigende Eintopf l\u00e4sst sich herrlich einfach zubereiten und ist die perfekte Mahlzeit, die&hellip;&nbsp;<a href=\"https:\/\/designtoweb.de\/kids\/de\/koreanischer-eintopf-der-armee\/\" rel=\"bookmark\">Weiterlesen &raquo;<span class=\"screen-reader-text\">Koreanischer Armee-Eintopf<\/span><\/a><\/p>\n","protected":false},"author":1,"featured_media":0,"parent":0,"menu_order":0,"comment_status":"closed","ping_status":"closed","template":"","meta":{"neve_meta_sidebar":"","neve_meta_container":"","neve_meta_enable_content_width":"on","neve_meta_content_width":70,"neve_meta_title_alignment":"","neve_meta_author_avatar":"","neve_post_elements_order":"","neve_meta_disable_header":"","neve_meta_disable_footer":"","neve_meta_disable_title":"","footnotes":""},"class_list":["post-1405","page","type-page","status-publish","hentry"],"_links":{"self":[{"href":"https:\/\/designtoweb.de\/kids\/wp-json\/wp\/v2\/pages\/1405","targetHints":{"allow":["GET"]}}],"collection":[{"href":"https:\/\/designtoweb.de\/kids\/wp-json\/wp\/v2\/pages"}],"about":[{"href":"https:\/\/designtoweb.de\/kids\/wp-json\/wp\/v2\/types\/page"}],"author":[{"embeddable":true,"href":"https:\/\/designtoweb.de\/kids\/wp-json\/wp\/v2\/users\/1"}],"replies":[{"embeddable":true,"href":"https:\/\/designtoweb.de\/kids\/wp-json\/wp\/v2\/comments?post=1405"}],"version-history":[{"count":13,"href":"https:\/\/designtoweb.de\/kids\/wp-json\/wp\/v2\/pages\/1405\/revisions"}],"predecessor-version":[{"id":2400,"href":"https:\/\/designtoweb.de\/kids\/wp-json\/wp\/v2\/pages\/1405\/revisions\/2400"}],"wp:attachment":[{"href":"https:\/\/designtoweb.de\/kids\/wp-json\/wp\/v2\/media?parent=1405"}],"curies":[{"name":"wp","href":"https:\/\/api.w.org\/{rel}","templated":true}]}}