{"id":1388,"date":"2022-09-18T13:52:07","date_gmt":"2022-09-18T11:52:07","guid":{"rendered":"https:\/\/designtoweb.de\/kids\/?page_id=1388"},"modified":"2023-11-06T13:10:56","modified_gmt":"2023-11-06T12:10:56","slug":"koreanischer-tofu-eintopf","status":"publish","type":"page","link":"https:\/\/designtoweb.de\/kids\/de\/koreanischer-tofu-eintopf\/","title":{"rendered":"Koreanischer Tofu-Eintopf"},"content":{"rendered":"<div style=\"position: absolute; height: auto; width: 200px; left: 67%; top: 16%;\"><div class=\"printfriendly pf-button  pf-alignright\">\n                    <a href=\"https:\/\/designtoweb.de\/kids\/de\/koreanischer-tofu-eintopf\/?pfstyle=wp\" rel=\"nofollow\" onclick=\"\" title=\"Printer Friendly, PDF & Email\">\n                    <img decoding=\"async\" class=\"pf-button-img\" src=\"https:\/\/cdn.printfriendly.com\/buttons\/printfriendly-pdf-button.png\" alt=\"Print Friendly, PDF & Email\" style=\"width: 112px;height: 24px;\"  \/>\n                    <\/a>\n                <\/div><\/div>\n<p>Einfach Soondubu Jjigae<br \/>\nKoreanischer weicher Tofu-Eintopf \u2013 die ultimative Sch\u00fcssel mit Komfort<\/p>\n<p>Nichts geht \u00fcber einen warmen und herzhaften Eintopf an einem kalten Tag, und wenn er in einem brutzelnden Eintopf zusammen mit frisch ged\u00e4mpftem Reis serviert wird, ist er wirklich das ultimative Wohlf\u00fchlgericht mit reichen Aromen, die unwiderstehlich sind.<\/p>\n<p>Koreanische weiche Tofusuppe ist auch sehr vielseitig, da es je nach Gew\u00fcrzgrad und Zutaten so viele Variationen der Suppe gibt. Abgesehen von der Basis aus w\u00fcrziger Suppe und weichem Tofu kann es je nach Vorliebe Fleisch, Gem\u00fcse und\/oder Meeresfr\u00fcchte enthalten.<br \/>\nDieses warme &amp; Das beruhigende Soondubu Jjigae ist mit samtig weichem Tofu, Gem\u00fcse und Pilzen gef\u00fcllt, die in einer reichhaltigen und wohlschmeckenden Br\u00fche bedeckt sind. Dieses Rezept erfordert einfache Zutaten, um den besten weichen Tofu-Eintopf in weniger als 15 Minuten bequem zu Hause zuzubereiten.<br \/>\n<a href=\"https:\/\/designtoweb.de\/kids\/wp-content\/uploads\/2022\/09\/soondubu-jjigae-ingredients-web-scaled.jpg.webp\"><img loading=\"lazy\" decoding=\"async\" class=\"alignright wp-image-1384 size-medium\" style=\"border-radius: 15px; border: 2px solid #DF0000;\" src=\"https:\/\/designtoweb.de\/kids\/wp-content\/uploads\/2022\/09\/soondubu-jjigae-ingredients-web-scaled.jpg-200x300.webp\" alt=\"Korean Soft Tofu Stew\" width=\"200\" height=\"300\" srcset=\"https:\/\/designtoweb.de\/kids\/wp-content\/uploads\/2022\/09\/soondubu-jjigae-ingredients-web-scaled.jpg-200x300.webp 200w, https:\/\/designtoweb.de\/kids\/wp-content\/uploads\/2022\/09\/soondubu-jjigae-ingredients-web-scaled.jpg-683x1024.webp 683w, https:\/\/designtoweb.de\/kids\/wp-content\/uploads\/2022\/09\/soondubu-jjigae-ingredients-web-scaled.jpg-768x1152.webp 768w, https:\/\/designtoweb.de\/kids\/wp-content\/uploads\/2022\/09\/soondubu-jjigae-ingredients-web-scaled.jpg-1024x1536.webp 1024w, https:\/\/designtoweb.de\/kids\/wp-content\/uploads\/2022\/09\/soondubu-jjigae-ingredients-web-scaled.jpg.webp 1280w\" sizes=\"auto, (max-width: 200px) 100vw, 200px\" \/><\/a><\/p>\n<h4>Zutaten<\/h4>\n<p>Je 2 EL Sesam\u00f6l, Pflanzen\u00f6l oder ein beliebiges neutrales \u00d6l<br \/>\n2 Fr\u00fchlingszwiebeln gehackt, gr\u00fcne Teile zum Garnieren reserviert<br \/>\n1 Zwiebel gew\u00fcrfelt<br \/>\n4 Knoblauchzehen gehackt<br \/>\n2 EL Gochugaru (koreanische Chiliflocken) oder nach Geschmack<br \/>\nJe 2 EL Sojasauce, Austernsauce<br \/>\n2 TL Zucker<br \/>\n2 Tassen Wasser, Sardellenbr\u00fche, Dashi oder natriumarme H\u00fchner- oder Gem\u00fcsebr\u00fche f\u00fcr mehr Geschmack<br \/>\n1\/2 Zucchini gew\u00fcrfelt<br \/>\n200 g Champignons Enoki, Shiitake oder Champignons<br \/>\n2 Chilischote gehackt, optional<a href=\"https:\/\/designtoweb.de\/kids\/wp-content\/uploads\/2022\/09\/soon-dubu-jjigae-4-web-scaled.jpg.webp\"><img loading=\"lazy\" decoding=\"async\" class=\"alignright wp-image-1383 size-medium\" style=\"border-radius: 15px; border: 2px solid #DF0000;\" src=\"https:\/\/designtoweb.de\/kids\/wp-content\/uploads\/2022\/09\/soon-dubu-jjigae-4-web-scaled.jpg-200x300.webp\" alt=\"Korean Soft Tofu Stew\" width=\"200\" height=\"300\" srcset=\"https:\/\/designtoweb.de\/kids\/wp-content\/uploads\/2022\/09\/soon-dubu-jjigae-4-web-scaled.jpg-200x300.webp 200w, https:\/\/designtoweb.de\/kids\/wp-content\/uploads\/2022\/09\/soon-dubu-jjigae-4-web-scaled.jpg-683x1024.webp 683w, https:\/\/designtoweb.de\/kids\/wp-content\/uploads\/2022\/09\/soon-dubu-jjigae-4-web-scaled.jpg-768x1152.webp 768w, https:\/\/designtoweb.de\/kids\/wp-content\/uploads\/2022\/09\/soon-dubu-jjigae-4-web-scaled.jpg-1024x1536.webp 1024w, https:\/\/designtoweb.de\/kids\/wp-content\/uploads\/2022\/09\/soon-dubu-jjigae-4-web-scaled.jpg.webp 1280w\" sizes=\"auto, (max-width: 200px) 100vw, 200px\" \/><\/a><br \/>\n2 Packungen (11 oz) koreanischer weicher Tofu oder normaler weicher oder seidener Tofu<br \/>\nEi optional<\/p>\n<h4>Anleitung<\/h4>\n<p>Sesam\u00f6l und Pflanzen\u00f6l in einem Topf bei mittlerer Hitze erhitzen. F\u00fcgen Sie gr\u00fcne Zwiebel<br \/>\nund Zwiebel hinzu und kochen Sie, bis sie aromatisch sind, ungef\u00e4hr 1 Minute. Knoblauch,<br \/>\nGochugaru, Sojasauce, Austernsauce und Zucker hinzuf\u00fcgen und vermischen.<br \/>\nBr\u00fche oder Wasser zugeben. Sobald es kocht, f\u00fcgen Sie Zucchini, Pilze, Chilischote und<br \/>\nweichen Tofu hinzu. Den Tofu mit einem L\u00f6ffel in 4 gro\u00dfe St\u00fccke schneiden.<br \/>\nZum Kochen bringen und etwa 3-4 Minuten k\u00f6cheln lassen, bis sich die Aromen vermischt<br \/>\nhaben. Mit Salz abschmecken, auf Wunsch ein Ei aufschlagen und mit Fr\u00fchlingszwiebeln<br \/>\ngarnieren. Mit Reis servieren und genie\u00dfen!<\/p>\n","protected":false},"excerpt":{"rendered":"<p>Einfach Soondubu Jjigae Koreanischer weicher Tofu-Eintopf \u2013 die ultimative Sch\u00fcssel mit Komfort Nichts geht \u00fcber einen warmen und herzhaften Eintopf an einem kalten Tag, und wenn er in einem brutzelnden Eintopf zusammen mit frisch ged\u00e4mpftem Reis serviert wird, ist er wirklich das ultimative Wohlf\u00fchlgericht mit reichen Aromen, die unwiderstehlich sind. Koreanische weiche Tofusuppe ist auch&hellip;&nbsp;<a href=\"https:\/\/designtoweb.de\/kids\/de\/koreanischer-tofu-eintopf\/\" rel=\"bookmark\">Weiterlesen &raquo;<span class=\"screen-reader-text\">Koreanischer Tofu-Eintopf<\/span><\/a><\/p>\n","protected":false},"author":1,"featured_media":0,"parent":0,"menu_order":0,"comment_status":"closed","ping_status":"closed","template":"","meta":{"neve_meta_sidebar":"","neve_meta_container":"","neve_meta_enable_content_width":"on","neve_meta_content_width":70,"neve_meta_title_alignment":"","neve_meta_author_avatar":"","neve_post_elements_order":"","neve_meta_disable_header":"","neve_meta_disable_footer":"","neve_meta_disable_title":"","footnotes":""},"class_list":["post-1388","page","type-page","status-publish","hentry"],"_links":{"self":[{"href":"https:\/\/designtoweb.de\/kids\/wp-json\/wp\/v2\/pages\/1388","targetHints":{"allow":["GET"]}}],"collection":[{"href":"https:\/\/designtoweb.de\/kids\/wp-json\/wp\/v2\/pages"}],"about":[{"href":"https:\/\/designtoweb.de\/kids\/wp-json\/wp\/v2\/types\/page"}],"author":[{"embeddable":true,"href":"https:\/\/designtoweb.de\/kids\/wp-json\/wp\/v2\/users\/1"}],"replies":[{"embeddable":true,"href":"https:\/\/designtoweb.de\/kids\/wp-json\/wp\/v2\/comments?post=1388"}],"version-history":[{"count":9,"href":"https:\/\/designtoweb.de\/kids\/wp-json\/wp\/v2\/pages\/1388\/revisions"}],"predecessor-version":[{"id":2066,"href":"https:\/\/designtoweb.de\/kids\/wp-json\/wp\/v2\/pages\/1388\/revisions\/2066"}],"wp:attachment":[{"href":"https:\/\/designtoweb.de\/kids\/wp-json\/wp\/v2\/media?parent=1388"}],"curies":[{"name":"wp","href":"https:\/\/api.w.org\/{rel}","templated":true}]}}