{"id":1288,"date":"2022-09-12T10:48:24","date_gmt":"2022-09-12T08:48:24","guid":{"rendered":"http:\/\/designtoweb.de\/kids\/?page_id=1288"},"modified":"2023-11-24T11:47:17","modified_gmt":"2023-11-24T10:47:17","slug":"beef-jerky-rub","status":"publish","type":"page","link":"https:\/\/designtoweb.de\/kids\/de\/beef-jerky-rub\/","title":{"rendered":"Beef Jerky Rub"},"content":{"rendered":"<div style=\"position: absolute; height: auto; width: 200px; left: 67%; top: 16%;\"><div class=\"printfriendly pf-button  pf-alignright\">\n                    <a href=\"https:\/\/designtoweb.de\/kids\/de\/beef-jerky-rub\/?pfstyle=wp\" rel=\"nofollow\" onclick=\"\" title=\"Printer Friendly, PDF & Email\">\n                    <img decoding=\"async\" class=\"pf-button-img\" src=\"https:\/\/cdn.printfriendly.com\/buttons\/printfriendly-pdf-button.png\" alt=\"Print Friendly, PDF & Email\" style=\"width: 112px;height: 24px;\"  \/>\n                    <\/a>\n                <\/div><\/div>\n<p>Dieser w\u00fcrzige Trockenrub eignet sich hervorragend f\u00fcr alle Fleischarten.<br \/>\n(z.B. auch f\u00fcr pulled pork und pulled beef)<br \/>\nSobald Sie die Gew\u00fcrze gemischt haben, halten sie sich in einem luftdichten Glas etwa 4 Monate.<br \/>\nReiben Sie es einfach in das Fleisch ein, wickeln Sie es in Plastik ein und stellen Sie es \u00fcber<br \/>\nNacht zum Marinieren vor dem Trocknen bzw. weiteren Verarbeiten in den K\u00fchlschrank.<\/p>\n<p><strong>Zutaten-Checkliste<\/strong><br \/>\n\u2022 4 Essl\u00f6ffel brauner Zucker<a href=\"https:\/\/designtoweb.de\/kids\/wp-content\/uploads\/2022\/09\/jerkyrub.jpg\"><img loading=\"lazy\" decoding=\"async\" class=\"size-medium wp-image-1290 alignright\" style=\"border-radius: 15px; border: 2px solid #DF0000;\" src=\"https:\/\/designtoweb.de\/kids\/wp-content\/uploads\/2022\/09\/jerkyrub-300x300.jpg\" alt=\"\" width=\"300\" height=\"300\" srcset=\"https:\/\/designtoweb.de\/kids\/wp-content\/uploads\/2022\/09\/jerkyrub-300x300.jpg 300w, https:\/\/designtoweb.de\/kids\/wp-content\/uploads\/2022\/09\/jerkyrub-150x150.jpg 150w, https:\/\/designtoweb.de\/kids\/wp-content\/uploads\/2022\/09\/jerkyrub-768x768.jpg 768w, https:\/\/designtoweb.de\/kids\/wp-content\/uploads\/2022\/09\/jerkyrub.jpg 800w\" sizes=\"auto, (max-width: 300px) 100vw, 300px\" \/><\/a><br \/>\n\u2022 2 Essl\u00f6ffel Paprika<br \/>\n\u2022 2 Teel\u00f6ffel Senfpulver<br \/>\n\u2022 2 Teel\u00f6ffel Zwiebelpulver<br \/>\n\u2022 2 Teel\u00f6ffel Knoblauchpulver<br \/>\n\u2022 2 Teel\u00f6ffel getrocknetes Basilikum<br \/>\n\u2022 1 Teel\u00f6ffel gemahlene Lorbeerbl\u00e4tter<br \/>\n\u2022 1 Teel\u00f6ffel gemahlener Koriandersamen<br \/>\n\u2022 1 Teel\u00f6ffel gemahlenes Bohnenkraut<br \/>\n\u2022 1 Teel\u00f6ffel getrockneter Thymian<br \/>\n\u2022 1 Teel\u00f6ffel gemahlener schwarzer Pfeffer<br \/>\n\u2022 1 Teel\u00f6ffel gemahlener wei\u00dfer Pfeffer<br \/>\n\u2022 \u215b Teel\u00f6ffel gemahlener Kreuzk\u00fcmmel<br \/>\n\u2022 mind. 2 EL Salz, aber immer nach Geschmack<\/p>\n<p><strong>Anweisungen<\/strong><br \/>\nBraunen Zucker, Paprikapulver, Senfpulver, Zwiebelpulver, Knoblauchpulver, Basilikum, Lorbeerbl\u00e4tter,<br \/>\nKoriander, Bohnenkraut, Thymian, schwarzen Pfeffer, wei\u00dfen Pfeffer, Kreuzk\u00fcmmel und Salz in einer<br \/>\nkleinen Sch\u00fcssel vermischen. Bis zur Verwendung in einem luftdichten Glas bei Raumtemperatur aufbewahren.<\/p>\n<p>weiter zum Rezept Beef Jerky \u00a0 <a href=\"https:\/\/designtoweb.de\/kids\/de\/scharfes-beef-jerky\/\"><img loading=\"lazy\" decoding=\"async\" class=\"alignnone wp-image-2011\" src=\"https:\/\/designtoweb.de\/kids\/wp-content\/uploads\/2023\/02\/next-300x300.png\" alt=\"\" width=\"28\" height=\"28\" srcset=\"https:\/\/designtoweb.de\/kids\/wp-content\/uploads\/2023\/02\/next-300x300.png 300w, https:\/\/designtoweb.de\/kids\/wp-content\/uploads\/2023\/02\/next-1024x1024.png 1024w, https:\/\/designtoweb.de\/kids\/wp-content\/uploads\/2023\/02\/next-150x150.png 150w, https:\/\/designtoweb.de\/kids\/wp-content\/uploads\/2023\/02\/next-768x768.png 768w, https:\/\/designtoweb.de\/kids\/wp-content\/uploads\/2023\/02\/next-1536x1536.png 1536w, https:\/\/designtoweb.de\/kids\/wp-content\/uploads\/2023\/02\/next-2048x2048.png 2048w\" sizes=\"auto, (max-width: 28px) 100vw, 28px\" \/><\/a><\/p>\n<p>Guten Appetit<br \/>\n<img loading=\"lazy\" decoding=\"async\" class=\"alignnone wp-image-1332 size-full\" src=\"https:\/\/designtoweb.de\/kids\/wp-content\/uploads\/2022\/09\/rockhand-1.jpg\" alt=\"\" width=\"211\" height=\"50\" \/><\/p>\n","protected":false},"excerpt":{"rendered":"<p>Dieser w\u00fcrzige Trockenrub eignet sich hervorragend f\u00fcr alle Fleischarten. (z.B. auch f\u00fcr pulled pork und pulled beef) Sobald Sie die Gew\u00fcrze gemischt haben, halten sie sich in einem luftdichten Glas etwa 4 Monate. Reiben Sie es einfach in das Fleisch ein, wickeln Sie es in Plastik ein und stellen Sie es \u00fcber Nacht zum Marinieren&hellip;&nbsp;<a href=\"https:\/\/designtoweb.de\/kids\/de\/beef-jerky-rub\/\" rel=\"bookmark\">Weiterlesen &raquo;<span class=\"screen-reader-text\">Beef Jerky Rub<\/span><\/a><\/p>\n","protected":false},"author":1,"featured_media":0,"parent":0,"menu_order":0,"comment_status":"closed","ping_status":"closed","template":"","meta":{"neve_meta_sidebar":"full-width","neve_meta_container":"","neve_meta_enable_content_width":"on","neve_meta_content_width":70,"neve_meta_title_alignment":"","neve_meta_author_avatar":"","neve_post_elements_order":"","neve_meta_disable_header":"","neve_meta_disable_footer":"","neve_meta_disable_title":"","footnotes":""},"class_list":["post-1288","page","type-page","status-publish","hentry"],"_links":{"self":[{"href":"https:\/\/designtoweb.de\/kids\/wp-json\/wp\/v2\/pages\/1288","targetHints":{"allow":["GET"]}}],"collection":[{"href":"https:\/\/designtoweb.de\/kids\/wp-json\/wp\/v2\/pages"}],"about":[{"href":"https:\/\/designtoweb.de\/kids\/wp-json\/wp\/v2\/types\/page"}],"author":[{"embeddable":true,"href":"https:\/\/designtoweb.de\/kids\/wp-json\/wp\/v2\/users\/1"}],"replies":[{"embeddable":true,"href":"https:\/\/designtoweb.de\/kids\/wp-json\/wp\/v2\/comments?post=1288"}],"version-history":[{"count":22,"href":"https:\/\/designtoweb.de\/kids\/wp-json\/wp\/v2\/pages\/1288\/revisions"}],"predecessor-version":[{"id":2512,"href":"https:\/\/designtoweb.de\/kids\/wp-json\/wp\/v2\/pages\/1288\/revisions\/2512"}],"wp:attachment":[{"href":"https:\/\/designtoweb.de\/kids\/wp-json\/wp\/v2\/media?parent=1288"}],"curies":[{"name":"wp","href":"https:\/\/api.w.org\/{rel}","templated":true}]}}