{"id":1221,"date":"2022-09-08T13:53:52","date_gmt":"2022-09-08T11:53:52","guid":{"rendered":"http:\/\/designtoweb.de\/kids\/?page_id=1221"},"modified":"2023-11-06T13:09:49","modified_gmt":"2023-11-06T12:09:49","slug":"deftige-bohnensuppe","status":"publish","type":"page","link":"https:\/\/designtoweb.de\/kids\/de\/deftige-bohnensuppe\/","title":{"rendered":"Deftige Bohnensuppe"},"content":{"rendered":"<div style=\"position: absolute; height: auto; width: 200px; left: 67%; top: 20%;\"><div class=\"printfriendly pf-button  pf-alignright\">\n                    <a href=\"https:\/\/designtoweb.de\/kids\/de\/deftige-bohnensuppe\/?pfstyle=wp\" rel=\"nofollow\" onclick=\"\" title=\"Printer Friendly, PDF & Email\">\n                    <img decoding=\"async\" class=\"pf-button-img\" src=\"https:\/\/cdn.printfriendly.com\/buttons\/printfriendly-pdf-button.png\" alt=\"Print Friendly, PDF & Email\" style=\"width: 112px;height: 24px;\"  \/>\n                    <\/a>\n                <\/div><\/div>\n<h4>Zutaten f\u00fcr 10 Portionen:<a href=\"https:\/\/designtoweb.de\/kids\/wp-content\/uploads\/2022\/09\/hearty-vegetable-bean-soup.jpg\"><img loading=\"lazy\" decoding=\"async\" class=\"alignright wp-image-1215 size-medium\" style=\"border-radius: 15px; border: 2px solid #DF0000;\" src=\"https:\/\/designtoweb.de\/kids\/wp-content\/uploads\/2022\/09\/hearty-vegetable-bean-soup-300x169.jpg\" alt=\"Deftige Bohnensuppe Derec\" width=\"300\" height=\"169\" srcset=\"https:\/\/designtoweb.de\/kids\/wp-content\/uploads\/2022\/09\/hearty-vegetable-bean-soup-300x169.jpg 300w, https:\/\/designtoweb.de\/kids\/wp-content\/uploads\/2022\/09\/hearty-vegetable-bean-soup.jpg 612w\" sizes=\"auto, (max-width: 300px) 100vw, 300px\" \/><\/a><\/h4>\n<p>3-4 Dosen 800g Bohnen (evtl. verschiedene Gr\u00f6\u00dfen)<br \/>\n500 g Mettenden ger\u00e4uchert<br \/>\n3 gro\u00dfe Zwiebeln<br \/>\n2 Liter Gem\u00fcsebr\u00fche<br \/>\n1 gro\u00dfe Knolle Knoblauch<br \/>\n5 mittelgro\u00dfe Paprikaschoten, klein geschnitten<br \/>\n2 TL, Harissa<br \/>\n2 TL, geh\u00e4uft Gem\u00fcsebr\u00fche, instant<a href=\"https:\/\/designtoweb.de\/kids\/wp-content\/uploads\/2022\/09\/hearty-vegetable-bean-soup2.jpg\"><img loading=\"lazy\" decoding=\"async\" class=\"alignright wp-image-1223 size-medium\" style=\"border-radius: 15px; border: 2px solid #DF0000;\" src=\"https:\/\/designtoweb.de\/kids\/wp-content\/uploads\/2022\/09\/hearty-vegetable-bean-soup2-300x300.jpg\" alt=\"Deftige Bohnensuppe Derec\" width=\"300\" height=\"300\" srcset=\"https:\/\/designtoweb.de\/kids\/wp-content\/uploads\/2022\/09\/hearty-vegetable-bean-soup2-300x300.jpg 300w, https:\/\/designtoweb.de\/kids\/wp-content\/uploads\/2022\/09\/hearty-vegetable-bean-soup2-150x150.jpg 150w, https:\/\/designtoweb.de\/kids\/wp-content\/uploads\/2022\/09\/hearty-vegetable-bean-soup2.jpg 500w\" sizes=\"auto, (max-width: 300px) 100vw, 300px\" \/><\/a><br \/>\n2 kleine Dosen Tomaten<br \/>\n1 kl. Dose Tomatenmark<br \/>\n50 g getrocknette Pilze<br \/>\nKohlbl\u00e4tter (Blumenkohl- od Broccolibl\u00e4tter)<br \/>\n1 TL Zucker<br \/>\nApfelessig<br \/>\n3 gro\u00dfe Kartoffeln<br \/>\nBohnenkraut<br \/>\nThymian<br \/>\nOregano<br \/>\nPetersilie<br \/>\nSalz<br \/>\nWorchesterso\u00dfe<\/p>\n<p>Die Zwiebeln, die Mettenden und die Knoblauchzehen klein schneiden, im Suppentopf anschwitzen. Wenn die Zwiebeln braun<br \/>\nwerden, mit 2 Liter Gem\u00fcsebr\u00fche anf\u00fcllen und die Bohnen (ohne die Sauce aus der B\u00fcchse), Harissa, Zucker, Tomaten und Tomatenmark hinzugeben.<br \/>\nDie Kartoffel sch\u00e4len und auf einer groben Gem\u00fcsereibe in die Suppe reiben. Kohlbl\u00e4tter ohne Stiele klein schneiden und mitkochen.<\/p>\n<p>In einer separaten Pfanne die klein geschnittenen Paprikaschoten anschwitzen, bis sie leicht braun sind.<br \/>\nHerausnehmen, zur Suppe geben und diese ca. 30 Minuten k\u00f6cheln lassen.<br \/>\nDie Suppe mit Essig, Bohnenkraut, Thymian, Oregano, und Salz abschmecken, falls n\u00f6tig noch Wasser nachf\u00fcllen.<br \/>\nMit Petersilie garnieren und mit Wei\u00dfbrot servieren.<br \/>\n<img loading=\"lazy\" decoding=\"async\" class=\"alignnone wp-image-1332 size-full\" src=\"https:\/\/designtoweb.de\/kids\/wp-content\/uploads\/2022\/09\/rockhand-1.jpg\" alt=\"\" width=\"211\" height=\"50\" \/><\/p>\n","protected":false},"excerpt":{"rendered":"<p>Zutaten f\u00fcr 10 Portionen: 3-4 Dosen 800g Bohnen (evtl. verschiedene Gr\u00f6\u00dfen) 500 g Mettenden ger\u00e4uchert 3 gro\u00dfe Zwiebeln 2 Liter Gem\u00fcsebr\u00fche 1 gro\u00dfe Knolle Knoblauch 5 mittelgro\u00dfe Paprikaschoten, klein geschnitten 2 TL, Harissa 2 TL, geh\u00e4uft Gem\u00fcsebr\u00fche, instant 2 kleine Dosen Tomaten 1 kl. Dose Tomatenmark 50 g getrocknette Pilze Kohlbl\u00e4tter (Blumenkohl- od Broccolibl\u00e4tter) 1&hellip;&nbsp;<a href=\"https:\/\/designtoweb.de\/kids\/de\/deftige-bohnensuppe\/\" rel=\"bookmark\">Weiterlesen &raquo;<span class=\"screen-reader-text\">Deftige Bohnensuppe<\/span><\/a><\/p>\n","protected":false},"author":1,"featured_media":0,"parent":0,"menu_order":0,"comment_status":"closed","ping_status":"closed","template":"","meta":{"neve_meta_sidebar":"full-width","neve_meta_container":"","neve_meta_enable_content_width":"on","neve_meta_content_width":70,"neve_meta_title_alignment":"","neve_meta_author_avatar":"","neve_post_elements_order":"","neve_meta_disable_header":"","neve_meta_disable_footer":"","neve_meta_disable_title":"","footnotes":""},"class_list":["post-1221","page","type-page","status-publish","hentry"],"_links":{"self":[{"href":"https:\/\/designtoweb.de\/kids\/wp-json\/wp\/v2\/pages\/1221","targetHints":{"allow":["GET"]}}],"collection":[{"href":"https:\/\/designtoweb.de\/kids\/wp-json\/wp\/v2\/pages"}],"about":[{"href":"https:\/\/designtoweb.de\/kids\/wp-json\/wp\/v2\/types\/page"}],"author":[{"embeddable":true,"href":"https:\/\/designtoweb.de\/kids\/wp-json\/wp\/v2\/users\/1"}],"replies":[{"embeddable":true,"href":"https:\/\/designtoweb.de\/kids\/wp-json\/wp\/v2\/comments?post=1221"}],"version-history":[{"count":18,"href":"https:\/\/designtoweb.de\/kids\/wp-json\/wp\/v2\/pages\/1221\/revisions"}],"predecessor-version":[{"id":2072,"href":"https:\/\/designtoweb.de\/kids\/wp-json\/wp\/v2\/pages\/1221\/revisions\/2072"}],"wp:attachment":[{"href":"https:\/\/designtoweb.de\/kids\/wp-json\/wp\/v2\/media?parent=1221"}],"curies":[{"name":"wp","href":"https:\/\/api.w.org\/{rel}","templated":true}]}}