{"id":1090,"date":"2022-09-08T10:28:41","date_gmt":"2022-09-08T08:28:41","guid":{"rendered":"http:\/\/designtoweb.de\/kids\/?page_id=1090"},"modified":"2023-11-06T13:18:59","modified_gmt":"2023-11-06T12:18:59","slug":"1090-2","status":"publish","type":"page","link":"https:\/\/designtoweb.de\/kids\/de\/1090-2\/","title":{"rendered":"Jamies epische BBQ Sauce"},"content":{"rendered":"<div style=\"position: absolute; height: auto; width: 200px; left: 67%; top: 12%;\"><div class=\"printfriendly pf-button  pf-alignright\">\n                    <a href=\"https:\/\/designtoweb.de\/kids\/de\/1090-2\/?pfstyle=wp\" rel=\"nofollow\" onclick=\"\" title=\"Printer Friendly, PDF & Email\">\n                    <img decoding=\"async\" class=\"pf-button-img\" src=\"https:\/\/cdn.printfriendly.com\/buttons\/printfriendly-pdf-button.png\" alt=\"Print Friendly, PDF & Email\" style=\"width: 112px;height: 24px;\"  \/>\n                    <\/a>\n                <\/div><\/div>\n<p><em><strong>\u201eVertrauen Sie mir, dieses einfache BBQ-Saucen-Rezept enth\u00e4lt den erstaunlichsten Geschmack \u2013 es wird Sie umhauen! \u201d<\/strong><\/em><\/p>\n<h4>Zutaten<\/h4>\n<div style=\"position: absolute; height: auto; width: 200px; left: 55%; top: 30%;\"><a href=\"https:\/\/designtoweb.de\/kids\/wp-content\/uploads\/2022\/09\/BBQ-Sauce-JOliver.jpg\"><img loading=\"lazy\" decoding=\"async\" class=\"alignright wp-image-1093 size-medium\" style=\"border-radius: 15px; border: 2px solid #DF0000;\" src=\"https:\/\/designtoweb.de\/kids\/wp-content\/uploads\/2022\/09\/BBQ-Sauce-JOliver-300x200.jpg\" alt=\"Jamies epische BBQ Sauce\" width=\"300\" height=\"200\" srcset=\"https:\/\/designtoweb.de\/kids\/wp-content\/uploads\/2022\/09\/BBQ-Sauce-JOliver-300x200.jpg 300w, https:\/\/designtoweb.de\/kids\/wp-content\/uploads\/2022\/09\/BBQ-Sauce-JOliver-768x512.jpg 768w, https:\/\/designtoweb.de\/kids\/wp-content\/uploads\/2022\/09\/BBQ-Sauce-JOliver-930x620.jpg 930w, https:\/\/designtoweb.de\/kids\/wp-content\/uploads\/2022\/09\/BBQ-Sauce-JOliver.jpg 1000w\" sizes=\"auto, (max-width: 300px) 100vw, 300px\" \/><\/a><\/div>\n<p>1 mittelgro\u00dfe Zwiebel, gesch\u00e4lt und geviertelt<br \/>\n10 Knoblauchzehen, gesch\u00e4lt<br \/>\n2 frische rote Chilischoten, Stiele entfernt<br \/>\nOliven\u00f6l<br \/>\n10 Zweige frischer Thymian oder Zitronenthymian, Bl\u00e4tter abgezupft<br \/>\n10 Zweige frischer Rosmarin, Bl\u00e4tter abgezupft<br \/>\n1 kleines Bund frischer Koriander<br \/>\n10 Lorbeerbl\u00e4tter<br \/>\n1 Teel\u00f6ffel Kreuzk\u00fcmmel<br \/>\n2 Essl\u00f6ffel Fenchelsamen<br \/>\n2 Essl\u00f6ffel ger\u00e4ucherter Paprika<br \/>\n6 Nelken<br \/>\n2 Orangen, Schale und Saft davon<br \/>\n200 g weicher brauner Zucker<br \/>\n6 Essl\u00f6ffel Balsamico-Essig<br \/>\n200 ml Tomatenketchup<br \/>\n2 Essl\u00f6ffel Worcestersauce<br \/>\n2 Teel\u00f6ffel englischer Senf<br \/>\n200 ml Apfelsaft<\/p>\n<h4>Methode<\/h4>\n<p>Ich liebe diese Barbecue-Sauce sehr. Es gibt jede Menge Schichten von Aromen, die sie wirklich verr\u00fcckt machen.<br \/>\nObwohl es viele Zutaten gibt, dauert das Herstellen \u00fcberhaupt nicht lange. Machen Sie es, damit es im K\u00fchlschrank ist<br \/>\nund zur Hand ist, wenn Sie das n\u00e4chste Mal einen gro\u00dfen Geschmackskick brauchen.<br \/>\nDie Ergebnisse sind unglaublich, also ist es die Zeit und M\u00fche wert, es richtig zu machen.<br \/>\nZwiebel, Knoblauch und Chilis in einer K\u00fcchenmaschine p\u00fcrieren, bis eine wirklich feine Paste entsteht.<br \/>\nGie\u00dfen Sie einen Schuss Oliven\u00f6l in eine Pfanne und braten Sie diese Paste 5 Minuten lang bei schwacher Hitze, um die Aromen richtig zu entfalten.<br \/>\nSch\u00e4len Sie w\u00e4hrenddessen die Orangenschale mit einem Sparsch\u00e4ler (kein wei\u00dfes Mark) und geben sie mit dem Saft sowie allen<br \/>\nIhren Kr\u00e4utern und Gew\u00fcrzen in die K\u00fcchenmaschine (richtig gut zerkleinern).<br \/>\nF\u00fcgen Sie diese p\u00fcrierte Mischung der Pfanne hinzu und eine weitere Minute kochen.<br \/>\nDen Zucker hinzugeben, gut umr\u00fchren und noch ein paar Minuten k\u00f6cheln lassen, bis er anf\u00e4ngt<br \/>\nsich aufzul\u00f6sen und man erh\u00e4lt eine dicke braune Paste. Mit 285 ml Wasser aufgie\u00dfen und weitere 2 Minuten kochen, dann<br \/>\nden Saft Ihrer beiden Orangen auspressen und f\u00fcgen Sie alle restlichen Zutaten zusammen mit je 1 Teel\u00f6ffel Meersalz und<br \/>\nschwarzer Pfeffer. Gut umr\u00fchren und alles zum Kochen bringen, dann die Hitze etwas herunterdrehen und 5 bis 10 Minuten k\u00f6cheln lassen<br \/>\nbis die Mischung anf\u00e4ngt leicht einzudicken.<br \/>\nGie\u00dfen Sie die Sauce langsam durch ein feines Sieb in eine gro\u00dfe Sch\u00fcssel und entfernen Sie alle gr\u00f6\u00dferen Teile, die im Sieb zur\u00fcckbleiben.<br \/>\nSp\u00fclen Sie das Sieb aus und passieren Sie die Sauce noch einmal durch das Sieb, damit sie richtig seidig wird.<br \/>\nVollst\u00e4ndig abk\u00fchlen lassen, dann entweder die Sauce auf Gl\u00e4ser verteilen oder gleich mit dem Einkochen beginnen.<br \/>\nSobald es im K\u00fchlschrank ist, haben Sie etwa eine Woche Zeit, um den Rest der Sauce zu verbrauchen.<br \/>\nWenn Sie die BBQ-Saucce etwas l\u00e4nger behalten m\u00f6chten, m\u00fcssen Sie einige Gl\u00e4ser sterilisieren.<\/p>\n<p>Gie\u00dfen Sie die Sauce in Ihr sterilisiertes Glas, schrauben Sie den Deckel fest und tauchen Sie das Glas vollst\u00e4ndig in einen<br \/>\nTopf mit kochendem Wasser f\u00fcr 10 Minuten. Abk\u00fchlen lassen, dann in den K\u00fchlschrank oder in einen k\u00fchlen, dunklen Schrank stellen.<br \/>\nDie Sauce ist ungef\u00e4hr 6 Monate haltbar, kein Problem.<\/p>\n<p>reciepe by <img loading=\"lazy\" decoding=\"async\" class=\"alignnone wp-image-281\" src=\"https:\/\/designtoweb.de\/kids\/wp-content\/uploads\/2015\/10\/joliver-e1443977459236.jpg\" alt=\"joliver\" width=\"53\" height=\"55\" \/><\/p>\n","protected":false},"excerpt":{"rendered":"<p>\u201eVertrauen Sie mir, dieses einfache BBQ-Saucen-Rezept enth\u00e4lt den erstaunlichsten Geschmack \u2013 es wird Sie umhauen! \u201d Zutaten 1 mittelgro\u00dfe Zwiebel, gesch\u00e4lt und geviertelt 10 Knoblauchzehen, gesch\u00e4lt 2 frische rote Chilischoten, Stiele entfernt Oliven\u00f6l 10 Zweige frischer Thymian oder Zitronenthymian, Bl\u00e4tter abgezupft 10 Zweige frischer Rosmarin, Bl\u00e4tter abgezupft 1 kleines Bund frischer Koriander 10 Lorbeerbl\u00e4tter 1&hellip;&nbsp;<a href=\"https:\/\/designtoweb.de\/kids\/de\/1090-2\/\" rel=\"bookmark\">Weiterlesen &raquo;<span class=\"screen-reader-text\">Jamies epische BBQ Sauce<\/span><\/a><\/p>\n","protected":false},"author":1,"featured_media":0,"parent":0,"menu_order":0,"comment_status":"closed","ping_status":"closed","template":"","meta":{"neve_meta_sidebar":"full-width","neve_meta_container":"","neve_meta_enable_content_width":"on","neve_meta_content_width":70,"neve_meta_title_alignment":"","neve_meta_author_avatar":"","neve_post_elements_order":"","neve_meta_disable_header":"","neve_meta_disable_footer":"","neve_meta_disable_title":"","footnotes":""},"class_list":["post-1090","page","type-page","status-publish","hentry"],"_links":{"self":[{"href":"https:\/\/designtoweb.de\/kids\/wp-json\/wp\/v2\/pages\/1090","targetHints":{"allow":["GET"]}}],"collection":[{"href":"https:\/\/designtoweb.de\/kids\/wp-json\/wp\/v2\/pages"}],"about":[{"href":"https:\/\/designtoweb.de\/kids\/wp-json\/wp\/v2\/types\/page"}],"author":[{"embeddable":true,"href":"https:\/\/designtoweb.de\/kids\/wp-json\/wp\/v2\/users\/1"}],"replies":[{"embeddable":true,"href":"https:\/\/designtoweb.de\/kids\/wp-json\/wp\/v2\/comments?post=1090"}],"version-history":[{"count":23,"href":"https:\/\/designtoweb.de\/kids\/wp-json\/wp\/v2\/pages\/1090\/revisions"}],"predecessor-version":[{"id":2294,"href":"https:\/\/designtoweb.de\/kids\/wp-json\/wp\/v2\/pages\/1090\/revisions\/2294"}],"wp:attachment":[{"href":"https:\/\/designtoweb.de\/kids\/wp-json\/wp\/v2\/media?parent=1090"}],"curies":[{"name":"wp","href":"https:\/\/api.w.org\/{rel}","templated":true}]}}