{"id":1054,"date":"2022-09-08T09:34:04","date_gmt":"2022-09-08T07:34:04","guid":{"rendered":"http:\/\/designtoweb.de\/kids\/?page_id=1054"},"modified":"2023-11-06T13:22:19","modified_gmt":"2023-11-06T12:22:19","slug":"essig-fleischsauce","status":"publish","type":"page","link":"https:\/\/designtoweb.de\/kids\/de\/essig-fleischsauce\/","title":{"rendered":"Essig Fleischsauce"},"content":{"rendered":"<div style=\"position: absolute; height: auto; width: 200px; left: 67%; top: 16%;\"><div class=\"printfriendly pf-button  pf-alignright\">\n                    <a href=\"https:\/\/designtoweb.de\/kids\/de\/essig-fleischsauce\/?pfstyle=wp\" rel=\"nofollow\" onclick=\"\" title=\"Printer Friendly, PDF & Email\">\n                    <img decoding=\"async\" class=\"pf-button-img\" src=\"https:\/\/cdn.printfriendly.com\/buttons\/printfriendly-pdf-button.png\" alt=\"Print Friendly, PDF & Email\" style=\"width: 112px;height: 24px;\"  \/>\n                    <\/a>\n                <\/div><\/div>\n<h3>Jack\u2019s Old South Competition Essigsauce f\u00fcr Mop.<\/h3>\n<p>(zum bestreichen der Fleischst\u00fccke w\u00e4rend des Smokerns bzw R\u00f6sten)<\/p>\n<h4>Zutaten<\/h4>\n<p>2 Tassen Apfelessig<a href=\"https:\/\/designtoweb.de\/kids\/wp-content\/uploads\/2022\/09\/Vinegar-Based-Mop-Sauce.jpg\"><img loading=\"lazy\" decoding=\"async\" class=\"alignright wp-image-1056 size-medium\" style=\"border-radius: 15px; border: 2px solid #DF0000;\" src=\"https:\/\/designtoweb.de\/kids\/wp-content\/uploads\/2022\/09\/Vinegar-Based-Mop-Sauce-300x255.jpg\" alt=\"Vinegar Sauce for Mob\" width=\"300\" height=\"255\" srcset=\"https:\/\/designtoweb.de\/kids\/wp-content\/uploads\/2022\/09\/Vinegar-Based-Mop-Sauce-300x255.jpg 300w, https:\/\/designtoweb.de\/kids\/wp-content\/uploads\/2022\/09\/Vinegar-Based-Mop-Sauce-768x653.jpg 768w, https:\/\/designtoweb.de\/kids\/wp-content\/uploads\/2022\/09\/Vinegar-Based-Mop-Sauce.jpg 825w\" sizes=\"auto, (max-width: 300px) 100vw, 300px\" \/><\/a><br \/>\n3 Essl\u00f6ffel Ketchup<br \/>\n2 Essl\u00f6ffel Paprika<br \/>\n2 Essl\u00f6ffel brauner Zucker<br \/>\n4 Teel\u00f6ffel koscheres Salz<br \/>\n1 Essl\u00f6ffel scharfe So\u00dfe (Tabasco, Chilliso\u00dfe o.\u00e4.)<br \/>\n1 Teel\u00f6ffel Cayennepfeffer \u2013 (1 bis 2)<br \/>\n1 Teel\u00f6ffel gemahlener schwarzer Pfeffer \u2013 (1 bis 2)<\/p>\n<h4>Vorbereitung<\/h4>\n<p>Kombinieren Sie alle Zutaten in einer nicht reaktiven R\u00fchrsch\u00fcssel und mischen Sie, bis sich Zucker und Salz aufgel\u00f6st haben.<br \/>\nZum W\u00fcrzen abschmecken, nach Bedarf Pfeffer hinzuf\u00fcgen. In ein sauberes, steriles Gef\u00e4\u00df umf\u00fcllen und k\u00fchl stellen.<br \/>\nDiese Essigsauce h\u00e4lt sich mehrere Monate.<\/p>\n","protected":false},"excerpt":{"rendered":"<p>Jack\u2019s Old South Competition Essigsauce f\u00fcr Mop. (zum bestreichen der Fleischst\u00fccke w\u00e4rend des Smokerns bzw R\u00f6sten) Zutaten 2 Tassen Apfelessig 3 Essl\u00f6ffel Ketchup 2 Essl\u00f6ffel Paprika 2 Essl\u00f6ffel brauner Zucker 4 Teel\u00f6ffel koscheres Salz 1 Essl\u00f6ffel scharfe So\u00dfe (Tabasco, Chilliso\u00dfe o.\u00e4.) 1 Teel\u00f6ffel Cayennepfeffer \u2013 (1 bis 2) 1 Teel\u00f6ffel gemahlener schwarzer Pfeffer \u2013 (1&hellip;&nbsp;<a href=\"https:\/\/designtoweb.de\/kids\/de\/essig-fleischsauce\/\" rel=\"bookmark\">Weiterlesen &raquo;<span class=\"screen-reader-text\">Essig Fleischsauce<\/span><\/a><\/p>\n","protected":false},"author":1,"featured_media":0,"parent":0,"menu_order":0,"comment_status":"closed","ping_status":"closed","template":"","meta":{"neve_meta_sidebar":"full-width","neve_meta_container":"","neve_meta_enable_content_width":"on","neve_meta_content_width":70,"neve_meta_title_alignment":"","neve_meta_author_avatar":"","neve_post_elements_order":"","neve_meta_disable_header":"","neve_meta_disable_footer":"","neve_meta_disable_title":"","footnotes":""},"class_list":["post-1054","page","type-page","status-publish","hentry"],"_links":{"self":[{"href":"https:\/\/designtoweb.de\/kids\/wp-json\/wp\/v2\/pages\/1054","targetHints":{"allow":["GET"]}}],"collection":[{"href":"https:\/\/designtoweb.de\/kids\/wp-json\/wp\/v2\/pages"}],"about":[{"href":"https:\/\/designtoweb.de\/kids\/wp-json\/wp\/v2\/types\/page"}],"author":[{"embeddable":true,"href":"https:\/\/designtoweb.de\/kids\/wp-json\/wp\/v2\/users\/1"}],"replies":[{"embeddable":true,"href":"https:\/\/designtoweb.de\/kids\/wp-json\/wp\/v2\/comments?post=1054"}],"version-history":[{"count":7,"href":"https:\/\/designtoweb.de\/kids\/wp-json\/wp\/v2\/pages\/1054\/revisions"}],"predecessor-version":[{"id":2402,"href":"https:\/\/designtoweb.de\/kids\/wp-json\/wp\/v2\/pages\/1054\/revisions\/2402"}],"wp:attachment":[{"href":"https:\/\/designtoweb.de\/kids\/wp-json\/wp\/v2\/media?parent=1054"}],"curies":[{"name":"wp","href":"https:\/\/api.w.org\/{rel}","templated":true}]}}